{"id":32,"date":"2024-03-12T17:36:47","date_gmt":"2024-03-12T16:36:47","guid":{"rendered":"https:\/\/nabawebdesign.com\/?page_id=32"},"modified":"2025-10-01T15:34:09","modified_gmt":"2025-10-01T13:34:09","slug":"referenzen","status":"publish","type":"page","link":"https:\/\/nabawebdesign.com\/hu\/referenzen\/","title":{"rendered":"Referenci\u00e1k"},"content":{"rendered":"<div data-elementor-type=\"wp-page\" data-elementor-id=\"32\" class=\"elementor elementor-32\">\n\t\t\t\t\t\t<section class=\"elementor-section elementor-top-section elementor-element elementor-element-5509814a elementor-section-full_width elementor-section-height-default elementor-section-height-default\" data-id=\"5509814a\" data-element_type=\"section\" data-settings=\"{&quot;background_background&quot;:&quot;classic&quot;}\">\n\t\t\t\t\t\t<div class=\"elementor-container elementor-column-gap-no\">\n\t\t\t\t\t<div class=\"elementor-column elementor-col-100 elementor-top-column elementor-element elementor-element-4c88051e\" data-id=\"4c88051e\" data-element_type=\"column\">\n\t\t\t<div class=\"elementor-widget-wrap elementor-element-populated\">\n\t\t\t\t\t\t<div class=\"elementor-element elementor-element-1485d0e4 elementor-widget-tablet__width-initial elementor-widget elementor-widget-heading\" data-id=\"1485d0e4\" data-element_type=\"widget\" data-widget_type=\"heading.default\">\n\t\t\t\t<div class=\"elementor-widget-container\">\n\t\t\t\t\t<h2 class=\"elementor-heading-title elementor-size-default\">Referenci\u00e1k<\/h2>\t\t\t\t<\/div>\n\t\t\t\t<\/div>\n\t\t\t\t<div class=\"elementor-element elementor-element-50669490 elementor-widget elementor-widget-text-editor\" data-id=\"50669490\" data-element_type=\"widget\" data-widget_type=\"text-editor.default\">\n\t\t\t\t<div class=\"elementor-widget-container\">\n\t\t\t\t\t\t\t\t\t<p>Sz\u00e1munkra minden projekt\u00fcnk egyedi k\u00fcldet\u00e9s. Minden \u00fcgyfel\u00fcnket \u00fagy kezelj\u00fck, mintha \u0151 lenne az egyetlen, \u00e9s minden projektet saj\u00e1tunknak tekint\u00fcnk. Ebb\u0151l nem akarunk engedni, ez\u00e9rt n\u00e9ha hosszabb hat\u00e1rid\u0151vel dolgozunk, mint egy multinacion\u00e1lis c\u00e9g.<\/p>\t\t\t\t\t\t\t\t<\/div>\n\t\t\t\t<\/div>\n\t\t\t\t\t<\/div>\n\t\t<\/div>\n\t\t\t\t\t<\/div>\n\t\t<\/section>\n\t\t\t\t<section class=\"elementor-section elementor-top-section elementor-element elementor-element-lvpbyps elementor-section-content-middle elementor-section-boxed elementor-section-height-default elementor-section-height-default\" data-id=\"lvpbyps\" data-element_type=\"section\" data-settings=\"{&quot;background_background&quot;:&quot;classic&quot;}\">\n\t\t\t\t\t\t\t<div class=\"elementor-background-overlay\"><\/div>\n\t\t\t\t\t\t\t<div class=\"elementor-container elementor-column-gap-no\">\n\t\t\t\t\t<div class=\"elementor-column elementor-col-50 elementor-top-column elementor-element elementor-element-47d11e6\" data-id=\"47d11e6\" data-element_type=\"column\" data-settings=\"{&quot;background_background&quot;:&quot;classic&quot;}\">\n\t\t\t<div class=\"elementor-widget-wrap elementor-element-populated\">\n\t\t\t\t\t\t<div class=\"elementor-element elementor-element-51240be elementor-widget elementor-widget-image\" data-id=\"51240be\" data-element_type=\"widget\" data-widget_type=\"image.default\">\n\t\t\t\t<div class=\"elementor-widget-container\">\n\t\t\t\t\t\t\t\t\t\t\t\t\t\t\t<img fetchpriority=\"high\" decoding=\"async\" width=\"1112\" height=\"605\" src=\"https:\/\/nabawebdesign.com\/wp-content\/uploads\/2024\/05\/Responsive-Design-Draht-Renker.gif\" class=\"attachment-full size-full wp-image-2122\" alt=\"\" \/>\t\t\t\t\t\t\t\t\t\t\t\t\t\t\t<\/div>\n\t\t\t\t<\/div>\n\t\t\t\t\t<\/div>\n\t\t<\/div>\n\t\t\t\t<div class=\"elementor-column elementor-col-50 elementor-top-column elementor-element elementor-element-e68dcfe\" data-id=\"e68dcfe\" data-element_type=\"column\" data-settings=\"{&quot;background_background&quot;:&quot;classic&quot;}\">\n\t\t\t<div class=\"elementor-widget-wrap elementor-element-populated\">\n\t\t\t\t\t\t<div class=\"elementor-element elementor-element-a0ce042 elementor-widget elementor-widget-heading\" data-id=\"a0ce042\" data-element_type=\"widget\" data-widget_type=\"heading.default\">\n\t\t\t\t<div class=\"elementor-widget-container\">\n\t\t\t\t\t<h5 class=\"elementor-heading-title elementor-size-default\">Firma Draht Renker<\/h5>\t\t\t\t<\/div>\n\t\t\t\t<\/div>\n\t\t\t\t<div class=\"elementor-element elementor-element-ff0f137 elementor-widget elementor-widget-heading\" data-id=\"ff0f137\" data-element_type=\"widget\" data-widget_type=\"heading.default\">\n\t\t\t\t<div class=\"elementor-widget-container\">\n\t\t\t\t\t<h2 class=\"elementor-heading-title elementor-size-default\">Webdesign \u00e9s weboldal k\u00e9sz\u00edt\u00e9s\n<\/h2>\t\t\t\t<\/div>\n\t\t\t\t<\/div>\n\t\t\t\t<div class=\"elementor-element elementor-element-72da1a5 elementor-widget elementor-widget-text-editor\" data-id=\"72da1a5\" data-element_type=\"widget\" data-widget_type=\"text-editor.default\">\n\t\t\t\t<div class=\"elementor-widget-container\">\n\t\t\t\t\t\t\t\t\t<p>Ez a projekt nagyon fontos volt sz\u00e1momra. \u00dcgyfelem maxim\u00e1lisan megb\u00edzott bennem, \u00edgy mindent r\u00e1m b\u00edzott, \u00e9s az \u0151 elk\u00e9pzel\u00e9sei szerint alak\u00edtottam ki a honlapot \u00e9s a design illeszkedik az anyav\u00e1llalat \u00e9s a t\u00f6bbi le\u00e1nyv\u00e1llalat  profilj\u00e1hoz.A sz\u00ednek, log\u00f3 \u00e9s a st\u00edlus itt adott volt.<\/p>\t\t\t\t\t\t\t\t<\/div>\n\t\t\t\t<\/div>\n\t\t\t\t<div class=\"elementor-element elementor-element-a6dde25 elementor-align-center elementor-widget elementor-widget-button\" data-id=\"a6dde25\" data-element_type=\"widget\" data-widget_type=\"button.default\">\n\t\t\t\t<div class=\"elementor-widget-container\">\n\t\t\t\t\t\t\t\t\t<div class=\"elementor-button-wrapper\">\n\t\t\t\t\t<a class=\"elementor-button elementor-button-link elementor-size-sm\" href=\"https:\/\/draht-renker.de\" target=\"_blank\" rel=\"noopener\">\n\t\t\t\t\t\t<span class=\"elementor-button-content-wrapper\">\n\t\t\t\t\t\t\t\t\t<span class=\"elementor-button-text\">drahtrenker.de<\/span>\n\t\t\t\t\t<\/span>\n\t\t\t\t\t<\/a>\n\t\t\t\t<\/div>\n\t\t\t\t\t\t\t\t<\/div>\n\t\t\t\t<\/div>\n\t\t\t\t\t<\/div>\n\t\t<\/div>\n\t\t\t\t\t<\/div>\n\t\t<\/section>\n\t\t\t\t<section class=\"elementor-section elementor-top-section elementor-element elementor-element-0f8ac57 elementor-section-content-middle elementor-section-boxed elementor-section-height-default elementor-section-height-default\" data-id=\"0f8ac57\" data-element_type=\"section\" data-settings=\"{&quot;background_background&quot;:&quot;classic&quot;}\">\n\t\t\t\t\t\t\t<div class=\"elementor-background-overlay\"><\/div>\n\t\t\t\t\t\t\t<div class=\"elementor-container elementor-column-gap-no\">\n\t\t\t\t\t<div class=\"elementor-column elementor-col-50 elementor-top-column elementor-element elementor-element-a1757a8\" data-id=\"a1757a8\" data-element_type=\"column\" data-settings=\"{&quot;background_background&quot;:&quot;classic&quot;}\">\n\t\t\t<div class=\"elementor-widget-wrap elementor-element-populated\">\n\t\t\t\t\t\t<div class=\"elementor-element elementor-element-666cf76 elementor-widget elementor-widget-image\" data-id=\"666cf76\" data-element_type=\"widget\" data-widget_type=\"image.default\">\n\t\t\t\t<div class=\"elementor-widget-container\">\n\t\t\t\t\t\t\t\t\t\t\t\t\t\t\t<img decoding=\"async\" width=\"4000\" height=\"3966\" src=\"https:\/\/nabawebdesign.com\/wp-content\/uploads\/2024\/05\/f7a3480e6d4.png\" class=\"attachment-full size-full wp-image-2134\" alt=\"\" srcset=\"https:\/\/nabawebdesign.com\/wp-content\/uploads\/2024\/05\/f7a3480e6d4.png 4000w, https:\/\/nabawebdesign.com\/wp-content\/uploads\/2024\/05\/f7a3480e6d4-300x297.png 300w, https:\/\/nabawebdesign.com\/wp-content\/uploads\/2024\/05\/f7a3480e6d4-1024x1015.png 1024w, https:\/\/nabawebdesign.com\/wp-content\/uploads\/2024\/05\/f7a3480e6d4-150x150.png 150w, https:\/\/nabawebdesign.com\/wp-content\/uploads\/2024\/05\/f7a3480e6d4-768x761.png 768w, https:\/\/nabawebdesign.com\/wp-content\/uploads\/2024\/05\/f7a3480e6d4-1536x1523.png 1536w, https:\/\/nabawebdesign.com\/wp-content\/uploads\/2024\/05\/f7a3480e6d4-2048x2031.png 2048w, https:\/\/nabawebdesign.com\/wp-content\/uploads\/2024\/05\/f7a3480e6d4-1320x1309.png 1320w\" sizes=\"(max-width: 4000px) 100vw, 4000px\" \/>\t\t\t\t\t\t\t\t\t\t\t\t\t\t\t<\/div>\n\t\t\t\t<\/div>\n\t\t\t\t\t<\/div>\n\t\t<\/div>\n\t\t\t\t<div class=\"elementor-column elementor-col-50 elementor-top-column elementor-element elementor-element-7014e0d\" data-id=\"7014e0d\" data-element_type=\"column\" data-settings=\"{&quot;background_background&quot;:&quot;classic&quot;}\">\n\t\t\t<div class=\"elementor-widget-wrap elementor-element-populated\">\n\t\t\t\t\t\t<div class=\"elementor-element elementor-element-f9dbb4c elementor-widget elementor-widget-heading\" data-id=\"f9dbb4c\" data-element_type=\"widget\" data-widget_type=\"heading.default\">\n\t\t\t\t<div class=\"elementor-widget-container\">\n\t\t\t\t\t<h5 class=\"elementor-heading-title elementor-size-default\">Road Mountain<\/h5>\t\t\t\t<\/div>\n\t\t\t\t<\/div>\n\t\t\t\t<div class=\"elementor-element elementor-element-fa0bdc3 elementor-widget elementor-widget-heading\" data-id=\"fa0bdc3\" data-element_type=\"widget\" data-widget_type=\"heading.default\">\n\t\t\t\t<div class=\"elementor-widget-container\">\n\t\t\t\t\t<h2 class=\"elementor-heading-title elementor-size-default\">Webshop k\u00e9sz\u00edt\u00e9s\n<\/h2>\t\t\t\t<\/div>\n\t\t\t\t<\/div>\n\t\t\t\t<div class=\"elementor-element elementor-element-59f06d1 elementor-widget elementor-widget-text-editor\" data-id=\"59f06d1\" data-element_type=\"widget\" data-widget_type=\"text-editor.default\">\n\t\t\t\t<div class=\"elementor-widget-container\">\n\t\t\t\t\t\t\t\t\tItt az \u00fcgyf\u00e9l saj\u00e1t maga pr\u00f3b\u00e1lta elk\u00e9sz\u00edteni a weboldal\u00e1t, \u00edgy egy el\u0151re megv\u00e1s\u00e1rolt sablonnal dolgoztunk. (Ezeket a sablonokat nem aj\u00e1nljuk, mert sok a hiba, nem testre szabhat\u00f3ak \u00e9s \u00e1ltal\u00e1ban nagyon lass\u00faak) A l\u00e9nyeg teh\u00e1t a webshop elk\u00e9sz\u00edt\u00e9se \u00e9s a c\u00e9g ERP rendszer\u00e9hez val\u00f3 csatlakoztat\u00e1sa volt.\t\t\t\t\t\t\t\t<\/div>\n\t\t\t\t<\/div>\n\t\t\t\t<div class=\"elementor-element elementor-element-6713edf elementor-align-center elementor-widget elementor-widget-button\" data-id=\"6713edf\" data-element_type=\"widget\" data-widget_type=\"button.default\">\n\t\t\t\t<div class=\"elementor-widget-container\">\n\t\t\t\t\t\t\t\t\t<div class=\"elementor-button-wrapper\">\n\t\t\t\t\t<a class=\"elementor-button elementor-button-link elementor-size-sm\" href=\"https:\/\/roadmountain.ch\" target=\"_blank\" rel=\"noopener\">\n\t\t\t\t\t\t<span class=\"elementor-button-content-wrapper\">\n\t\t\t\t\t\t\t\t\t<span class=\"elementor-button-text\">RoadMountain.ch<\/span>\n\t\t\t\t\t<\/span>\n\t\t\t\t\t<\/a>\n\t\t\t\t<\/div>\n\t\t\t\t\t\t\t\t<\/div>\n\t\t\t\t<\/div>\n\t\t\t\t\t<\/div>\n\t\t<\/div>\n\t\t\t\t\t<\/div>\n\t\t<\/section>\n\t\t\t\t<section class=\"elementor-section elementor-top-section elementor-element elementor-element-71d7461 elementor-section-content-middle elementor-section-boxed elementor-section-height-default elementor-section-height-default\" data-id=\"71d7461\" data-element_type=\"section\" data-settings=\"{&quot;background_background&quot;:&quot;classic&quot;}\">\n\t\t\t\t\t\t\t<div class=\"elementor-background-overlay\"><\/div>\n\t\t\t\t\t\t\t<div class=\"elementor-container elementor-column-gap-no\">\n\t\t\t\t\t<div class=\"elementor-column elementor-col-50 elementor-top-column elementor-element elementor-element-16c47fd\" data-id=\"16c47fd\" data-element_type=\"column\" data-settings=\"{&quot;background_background&quot;:&quot;classic&quot;}\">\n\t\t\t<div class=\"elementor-widget-wrap elementor-element-populated\">\n\t\t\t\t\t\t<div class=\"elementor-element elementor-element-b82e2ea elementor-widget elementor-widget-image\" data-id=\"b82e2ea\" data-element_type=\"widget\" data-widget_type=\"image.default\">\n\t\t\t\t<div class=\"elementor-widget-container\">\n\t\t\t\t\t\t\t\t\t\t\t\t\t\t\t<img decoding=\"async\" width=\"940\" height=\"788\" src=\"https:\/\/nabawebdesign.com\/wp-content\/uploads\/2025\/03\/Beige-New-Product-Mockup-Now-Available-Facebook-Post.webp\" class=\"attachment-full size-full wp-image-3106\" alt=\"\" srcset=\"https:\/\/nabawebdesign.com\/wp-content\/uploads\/2025\/03\/Beige-New-Product-Mockup-Now-Available-Facebook-Post.webp 940w, https:\/\/nabawebdesign.com\/wp-content\/uploads\/2025\/03\/Beige-New-Product-Mockup-Now-Available-Facebook-Post-300x251.webp 300w, https:\/\/nabawebdesign.com\/wp-content\/uploads\/2025\/03\/Beige-New-Product-Mockup-Now-Available-Facebook-Post-768x644.webp 768w, https:\/\/nabawebdesign.com\/wp-content\/uploads\/2025\/03\/Beige-New-Product-Mockup-Now-Available-Facebook-Post-14x12.webp 14w\" sizes=\"(max-width: 940px) 100vw, 940px\" \/>\t\t\t\t\t\t\t\t\t\t\t\t\t\t\t<\/div>\n\t\t\t\t<\/div>\n\t\t\t\t\t<\/div>\n\t\t<\/div>\n\t\t\t\t<div class=\"elementor-column elementor-col-50 elementor-top-column elementor-element elementor-element-aee35a8\" data-id=\"aee35a8\" data-element_type=\"column\" data-settings=\"{&quot;background_background&quot;:&quot;classic&quot;}\">\n\t\t\t<div class=\"elementor-widget-wrap elementor-element-populated\">\n\t\t\t\t\t\t<div class=\"elementor-element elementor-element-3f90f72 elementor-widget elementor-widget-heading\" data-id=\"3f90f72\" data-element_type=\"widget\" data-widget_type=\"heading.default\">\n\t\t\t\t<div class=\"elementor-widget-container\">\n\t\t\t\t\t<h5 class=\"elementor-heading-title elementor-size-default\">Zena Studio<\/h5>\t\t\t\t<\/div>\n\t\t\t\t<\/div>\n\t\t\t\t<div class=\"elementor-element elementor-element-0091a0f elementor-widget elementor-widget-heading\" data-id=\"0091a0f\" data-element_type=\"widget\" data-widget_type=\"heading.default\">\n\t\t\t\t<div class=\"elementor-widget-container\">\n\t\t\t\t\t<h2 class=\"elementor-heading-title elementor-size-default\">Weboldal\n<\/h2>\t\t\t\t<\/div>\n\t\t\t\t<\/div>\n\t\t\t\t<div class=\"elementor-element elementor-element-e3140ba elementor-widget elementor-widget-text-editor\" data-id=\"e3140ba\" data-element_type=\"widget\" data-widget_type=\"text-editor.default\">\n\t\t\t\t<div class=\"elementor-widget-container\">\n\t\t\t\t\t\t\t\t\t<p class=\"my-0\">A ZENA Studio weboldal\u00e1nak elk\u00e9sz\u00edt\u00e9se k\u00fcl\u00f6nleges \u00e9lm\u00e9ny volt sz\u00e1momra. A projekt sor\u00e1n Zsanettel, a st\u00fadi\u00f3 alap\u00edt\u00f3j\u00e1val szorosan egy\u00fcttm\u0171k\u00f6dve siker\u00fclt megval\u00f3s\u00edtani az \u00e1ltala meg\u00e1lmodott koncepci\u00f3t. A weboldal letisztult st\u00edlusa \u00e9s sz\u00ednvil\u00e1ga t\u00f6k\u00e9letesen t\u00fckr\u00f6zi a ZENA Studio egyedi l\u00e1t\u00e1sm\u00f3dj\u00e1t \u00e9s pr\u00e9mium min\u0151s\u00e9g\u0171 szolg\u00e1ltat\u00e1sait.<\/p><p class=\"my-0\">A folyamat sor\u00e1n Zsanett pontosan megfogalmazta elk\u00e9pzel\u00e9seit, ami nagyban hozz\u00e1j\u00e1rult a projekt siker\u00e9hez. Miut\u00e1n siker\u00fclt egym\u00e1sra hangol\u00f3dnunk, g\u00f6rd\u00fcl\u00e9kenyen haladt a munka, \u00e9s v\u00e9g\u00fcl elk\u00e9sz\u00fclt a Zsanett \u00e1ltal meg\u00e1lmodott weboldal. A v\u00e9geredm\u00e9ny egy olyan online fel\u00fclet lett, amely h\u0171en reprezent\u00e1lja a ZENA Studio filoz\u00f3fi\u00e1j\u00e1t \u00e9s kiemelked\u0151 min\u0151s\u00e9g\u0171 konyhatervez\u00e9si \u00e9s kivitelez\u00e9si szolg\u00e1ltat\u00e1sait.<\/p><p class=\"my-0\">Ez a projekt nemcsak szakmai szempontb\u00f3l volt kiel\u00e9g\u00edt\u0151, de szem\u00e9lyesen is nagy \u00f6r\u00f6met okozott, hiszen a weboldal eszt\u00e9tik\u00e1ja \u00e9s hangulata k\u00f6zel \u00e1ll hozz\u00e1m. B\u00fcszke vagyok arra, hogy r\u00e9szt vehettem egy ilyen inspir\u00e1l\u00f3 v\u00e1llalkoz\u00e1s online megjelen\u00e9s\u00e9nek kialak\u00edt\u00e1s\u00e1ban.<\/p>\t\t\t\t\t\t\t\t<\/div>\n\t\t\t\t<\/div>\n\t\t\t\t<div class=\"elementor-element elementor-element-357d4f3 elementor-align-center elementor-widget elementor-widget-button\" data-id=\"357d4f3\" data-element_type=\"widget\" data-widget_type=\"button.default\">\n\t\t\t\t<div class=\"elementor-widget-container\">\n\t\t\t\t\t\t\t\t\t<div class=\"elementor-button-wrapper\">\n\t\t\t\t\t<a class=\"elementor-button elementor-button-link elementor-size-sm\" href=\"https:\/\/zenastudio.hu\" target=\"_blank\" rel=\"noopener\">\n\t\t\t\t\t\t<span class=\"elementor-button-content-wrapper\">\n\t\t\t\t\t\t\t\t\t<span class=\"elementor-button-text\">zenastudio.hu<\/span>\n\t\t\t\t\t<\/span>\n\t\t\t\t\t<\/a>\n\t\t\t\t<\/div>\n\t\t\t\t\t\t\t\t<\/div>\n\t\t\t\t<\/div>\n\t\t\t\t\t<\/div>\n\t\t<\/div>\n\t\t\t\t\t<\/div>\n\t\t<\/section>\n\t\t<div class=\"elementor-element elementor-element-924655d e-flex e-con-boxed e-con e-parent\" data-id=\"924655d\" data-element_type=\"container\" data-settings=\"{&quot;background_background&quot;:&quot;classic&quot;}\">\n\t\t\t\t\t<div class=\"e-con-inner\">\n\t\t\t\t<div class=\"elementor-element elementor-element-d62b52a elementor-widget elementor-widget-heading\" data-id=\"d62b52a\" data-element_type=\"widget\" data-widget_type=\"heading.default\">\n\t\t\t\t<div class=\"elementor-widget-container\">\n\t\t\t\t\t<h5 class=\"elementor-heading-title elementor-size-default\">Tartalom felt\u00f6lt\u00e9s alatt... <br>\n\nNem v\u00e1llalunk felel\u0151ss\u00e9get azok\u00e9rt a v\u00e1ltoztat\u00e1sok\u00e9rt, amelyeket a v\u00e1s\u00e1rl\u00f3 a weboldalon annak \u00e1tad\u00e1s\u00e1t k\u00f6vet\u0151en hajt v\u00e9gre. Mindazon\u00e1ltal figyelemmel k\u00eds\u00e9rj\u00fck az \u00e1ltalunk l\u00e9trehozott webhelyeket, \u00e9s javaslatokat tesz\u00fcnk. (A honlap karbantart\u00e1s\u00e1ra is van lehet\u0151s\u00e9g.)<\/h5>\t\t\t\t<\/div>\n\t\t\t\t<\/div>\n\t\t\t\t\t<\/div>\n\t\t\t\t<\/div>\n\t\t\t\t<\/div>","protected":false},"excerpt":{"rendered":"<p>Referenzen F\u00fcr uns ist jedes unserer Projekte eine einzigartige Mission. Wir behandeln jeden unserer Kunden so, als ob er der Einzige w\u00e4re, und betrachten jedes Projekt als unser eigenes. Darunter m\u00f6chten wir nicht nachgeben, deshalb arbeiten wir manchmal mit einer l\u00e4ngeren Frist als ein multinationales Unternehmen. Firma Draht Renker Webdesign und Website Erstellung Dieses Projekt [&hellip;]<\/p>","protected":false},"author":1,"featured_media":0,"parent":0,"menu_order":0,"comment_status":"closed","ping_status":"closed","template":"","meta":{"site-sidebar-layout":"no-sidebar","site-content-layout":"page-builder","ast-site-content-layout":"full-width-container","site-content-style":"default","site-sidebar-style":"default","ast-global-header-display":"","ast-banner-title-visibility":"","ast-main-header-display":"","ast-hfb-above-header-display":"","ast-hfb-below-header-display":"","ast-hfb-mobile-header-display":"","site-post-title":"disabled","ast-breadcrumbs-content":"","ast-featured-img":"disabled","footer-sml-layout":"","theme-transparent-header-meta":"","adv-header-id-meta":"","stick-header-meta":"","header-above-stick-meta":"","header-main-stick-meta":"","header-below-stick-meta":"","astra-migrate-meta-layouts":"default","ast-page-background-enabled":"default","ast-page-background-meta":{"desktop":{"background-color":"","background-image":"","background-repeat":"repeat","background-position":"center center","background-size":"auto","background-attachment":"scroll","background-type":"","background-media":"","overlay-type":"","overlay-color":"","overlay-gradient":""},"tablet":{"background-color":"","background-image":"","background-repeat":"repeat","background-position":"center center","background-size":"auto","background-attachment":"scroll","background-type":"","background-media":"","overlay-type":"","overlay-color":"","overlay-gradient":""},"mobile":{"background-color":"","background-image":"","background-repeat":"repeat","background-position":"center center","background-size":"auto","background-attachment":"scroll","background-type":"","background-media":"","overlay-type":"","overlay-color":"","overlay-gradient":""}},"ast-content-background-meta":{"desktop":{"background-color":"var(--ast-global-color-5)","background-image":"","background-repeat":"repeat","background-position":"center center","background-size":"auto","background-attachment":"scroll","background-type":"","background-media":"","overlay-type":"","overlay-color":"","overlay-gradient":""},"tablet":{"background-color":"var(--ast-global-color-5)","background-image":"","background-repeat":"repeat","background-position":"center center","background-size":"auto","background-attachment":"scroll","background-type":"","background-media":"","overlay-type":"","overlay-color":"","overlay-gradient":""},"mobile":{"background-color":"var(--ast-global-color-5)","background-image":"","background-repeat":"repeat","background-position":"center center","background-size":"auto","background-attachment":"scroll","background-type":"","background-media":"","overlay-type":"","overlay-color":"","overlay-gradient":""}},"footnotes":""},"class_list":["post-32","page","type-page","status-publish","hentry"],"_links":{"self":[{"href":"https:\/\/nabawebdesign.com\/hu\/wp-json\/wp\/v2\/pages\/32","targetHints":{"allow":["GET"]}}],"collection":[{"href":"https:\/\/nabawebdesign.com\/hu\/wp-json\/wp\/v2\/pages"}],"about":[{"href":"https:\/\/nabawebdesign.com\/hu\/wp-json\/wp\/v2\/types\/page"}],"author":[{"embeddable":true,"href":"https:\/\/nabawebdesign.com\/hu\/wp-json\/wp\/v2\/users\/1"}],"replies":[{"embeddable":true,"href":"https:\/\/nabawebdesign.com\/hu\/wp-json\/wp\/v2\/comments?post=32"}],"version-history":[{"count":0,"href":"https:\/\/nabawebdesign.com\/hu\/wp-json\/wp\/v2\/pages\/32\/revisions"}],"wp:attachment":[{"href":"https:\/\/nabawebdesign.com\/hu\/wp-json\/wp\/v2\/media?parent=32"}],"curies":[{"name":"wp","href":"https:\/\/api.w.org\/{rel}","templated":true}]}}