{"id":29,"date":"2024-03-12T17:34:39","date_gmt":"2024-03-12T16:34:39","guid":{"rendered":"https:\/\/nabawebdesign.com\/?page_id=29"},"modified":"2025-10-01T15:14:54","modified_gmt":"2025-10-01T13:14:54","slug":"gedrucktes-marketingmaterials","status":"publish","type":"page","link":"https:\/\/nabawebdesign.com\/hu\/dienstleistungen\/marketing-materials\/gedrucktes-marketingmaterials\/","title":{"rendered":"Nyomtatott marketinganyagok"},"content":{"rendered":"<div data-elementor-type=\"wp-page\" data-elementor-id=\"29\" class=\"elementor elementor-29\">\n\t\t\t\t\t\t<section class=\"elementor-section elementor-top-section elementor-element elementor-element-73eec66a elementor-section-boxed elementor-section-height-default elementor-section-height-default\" data-id=\"73eec66a\" data-element_type=\"section\" data-settings=\"{&quot;background_background&quot;:&quot;classic&quot;}\">\n\t\t\t\t\t\t<div class=\"elementor-container elementor-column-gap-no\">\n\t\t\t\t\t<div class=\"elementor-column elementor-col-100 elementor-top-column elementor-element elementor-element-1f3ee540\" data-id=\"1f3ee540\" data-element_type=\"column\">\n\t\t\t<div class=\"elementor-widget-wrap elementor-element-populated\">\n\t\t\t\t\t\t<div class=\"elementor-element elementor-element-3336c21e elementor-widget elementor-widget-heading\" data-id=\"3336c21e\" data-element_type=\"widget\" data-widget_type=\"heading.default\">\n\t\t\t\t<div class=\"elementor-widget-container\">\n\t\t\t\t\t<h2 class=\"elementor-heading-title elementor-size-default\">Nyomtatott marketinganyagok<\/h2>\t\t\t\t<\/div>\n\t\t\t\t<\/div>\n\t\t\t\t<div class=\"elementor-element elementor-element-56942b08 elementor-widget elementor-widget-text-editor\" data-id=\"56942b08\" data-element_type=\"widget\" data-widget_type=\"text-editor.default\">\n\t\t\t\t<div class=\"elementor-widget-container\">\n\t\t\t\t\t\t\t\t\t<p>A marketinganyagok n\u00e9lk\u00fcl\u00f6zhetetlenek a v\u00e1llalkoz\u00e1sok sz\u00e1m\u00e1ra, mert seg\u00edtenek a m\u00e1rka ismerts\u00e9g\u00e9nek n\u00f6vel\u00e9s\u00e9ben<\/p>\t\t\t\t\t\t\t\t<\/div>\n\t\t\t\t<\/div>\n\t\t\t\t<section class=\"elementor-section elementor-inner-section elementor-element elementor-element-397606d7 elementor-section-content-middle elementor-section-boxed elementor-section-height-default elementor-section-height-default\" data-id=\"397606d7\" data-element_type=\"section\">\n\t\t\t\t\t\t<div class=\"elementor-container elementor-column-gap-no\">\n\t\t\t\t\t<div class=\"elementor-column elementor-col-66 elementor-inner-column elementor-element elementor-element-3696b208\" data-id=\"3696b208\" data-element_type=\"column\">\n\t\t\t<div class=\"elementor-widget-wrap elementor-element-populated\">\n\t\t\t\t\t\t<div class=\"elementor-element elementor-element-10c4ccad elementor-widget elementor-widget-image\" data-id=\"10c4ccad\" data-element_type=\"widget\" data-widget_type=\"image.default\">\n\t\t\t\t<div class=\"elementor-widget-container\">\n\t\t\t\t\t\t\t\t\t\t\t\t\t\t\t<img fetchpriority=\"high\" decoding=\"async\" width=\"1024\" height=\"682\" src=\"https:\/\/nabawebdesign.com\/wp-content\/uploads\/2025\/08\/binary-code-2508931_1280-1024x682.webp\" class=\"attachment-large size-large wp-image-4081\" alt=\"\" srcset=\"https:\/\/nabawebdesign.com\/wp-content\/uploads\/2025\/08\/binary-code-2508931_1280-1024x682.webp 1024w, https:\/\/nabawebdesign.com\/wp-content\/uploads\/2025\/08\/binary-code-2508931_1280-300x200.webp 300w, https:\/\/nabawebdesign.com\/wp-content\/uploads\/2025\/08\/binary-code-2508931_1280-768x512.webp 768w, https:\/\/nabawebdesign.com\/wp-content\/uploads\/2025\/08\/binary-code-2508931_1280-18x12.webp 18w, https:\/\/nabawebdesign.com\/wp-content\/uploads\/2025\/08\/binary-code-2508931_1280.webp 1280w\" sizes=\"(max-width: 1024px) 100vw, 1024px\" \/>\t\t\t\t\t\t\t\t\t\t\t\t\t\t\t<\/div>\n\t\t\t\t<\/div>\n\t\t\t\t\t<\/div>\n\t\t<\/div>\n\t\t\t\t<div class=\"elementor-column elementor-col-33 elementor-inner-column elementor-element elementor-element-66724e16\" data-id=\"66724e16\" data-element_type=\"column\" data-settings=\"{&quot;background_background&quot;:&quot;classic&quot;}\">\n\t\t\t<div class=\"elementor-widget-wrap elementor-element-populated\">\n\t\t\t\t\t\t<div class=\"elementor-element elementor-element-17df44a9 elementor-widget elementor-widget-heading\" data-id=\"17df44a9\" data-element_type=\"widget\" data-widget_type=\"heading.default\">\n\t\t\t\t<div class=\"elementor-widget-container\">\n\t\t\t\t\t<h3 class=\"elementor-heading-title elementor-size-default\">Nyomtaott marketing-anyagok<\/h3>\t\t\t\t<\/div>\n\t\t\t\t<\/div>\n\t\t\t\t<div class=\"elementor-element elementor-element-575fc052 elementor-widget-divider--view-line elementor-widget elementor-widget-divider\" data-id=\"575fc052\" data-element_type=\"widget\" data-widget_type=\"divider.default\">\n\t\t\t\t<div class=\"elementor-widget-container\">\n\t\t\t\t\t\t\t<div class=\"elementor-divider\">\n\t\t\t<span class=\"elementor-divider-separator\">\n\t\t\t\t\t\t<\/span>\n\t\t<\/div>\n\t\t\t\t\t\t<\/div>\n\t\t\t\t<\/div>\n\t\t\t\t<div class=\"elementor-element elementor-element-27218fa0 elementor-widget elementor-widget-text-editor\" data-id=\"27218fa0\" data-element_type=\"widget\" data-widget_type=\"text-editor.default\">\n\t\t\t\t<div class=\"elementor-widget-container\">\n\t\t\t\t\t\t\t\t\tA nyomtatott marketinganyagok azok a k\u00e9zzelfoghat\u00f3 anyagok, amelyeket fizikailag \u00e1tadhat \u00fcgyfeleinek. Ide tartoznak a sz\u00f3r\u00f3lapok, prospektusok \u00e9s a n\u00e9vjegyk\u00e1rty\u00e1k.\t\t\t\t\t\t\t\t<\/div>\n\t\t\t\t<\/div>\n\t\t\t\t<div class=\"elementor-element elementor-element-6af2d422 elementor-align-center elementor-widget elementor-widget-button\" data-id=\"6af2d422\" data-element_type=\"widget\" data-widget_type=\"button.default\">\n\t\t\t\t<div class=\"elementor-widget-container\">\n\t\t\t\t\t\t\t\t\t<div class=\"elementor-button-wrapper\">\n\t\t\t\t\t<a class=\"elementor-button elementor-button-link elementor-size-sm\" href=\"#\">\n\t\t\t\t\t\t<span class=\"elementor-button-content-wrapper\">\n\t\t\t\t\t\t\t\t\t<span class=\"elementor-button-text\">Kapcsolat<\/span>\n\t\t\t\t\t<\/span>\n\t\t\t\t\t<\/a>\n\t\t\t\t<\/div>\n\t\t\t\t\t\t\t\t<\/div>\n\t\t\t\t<\/div>\n\t\t\t\t\t<\/div>\n\t\t<\/div>\n\t\t\t\t\t<\/div>\n\t\t<\/section>\n\t\t\t\t\t<\/div>\n\t\t<\/div>\n\t\t\t\t\t<\/div>\n\t\t<\/section>\n\t\t<div class=\"elementor-element elementor-element-5f5f225e e-flex e-con-boxed e-con e-parent\" data-id=\"5f5f225e\" data-element_type=\"container\" data-settings=\"{&quot;background_background&quot;:&quot;classic&quot;}\">\n\t\t\t\t\t<div class=\"e-con-inner\">\n\t\t<div class=\"elementor-element elementor-element-3256a452 e-con-full e-flex e-con e-child\" data-id=\"3256a452\" data-element_type=\"container\">\n\t\t\t\t<div class=\"elementor-element elementor-element-3cb68f06 elementor-hidden-mobile elementor-widget elementor-widget-image\" data-id=\"3cb68f06\" data-element_type=\"widget\" data-widget_type=\"image.default\">\n\t\t\t\t<div class=\"elementor-widget-container\">\n\t\t\t\t\t\t\t\t\t\t\t\t\t\t\t<img decoding=\"async\" width=\"1024\" height=\"768\" src=\"https:\/\/nabawebdesign.com\/wp-content\/uploads\/2024\/04\/pexels-jess-bailey-designs-750913-1024x768.jpg\" class=\"attachment-large size-large wp-image-2030\" alt=\"\" srcset=\"https:\/\/nabawebdesign.com\/wp-content\/uploads\/2024\/04\/pexels-jess-bailey-designs-750913-1024x768.jpg 1024w, https:\/\/nabawebdesign.com\/wp-content\/uploads\/2024\/04\/pexels-jess-bailey-designs-750913-300x225.jpg 300w, https:\/\/nabawebdesign.com\/wp-content\/uploads\/2024\/04\/pexels-jess-bailey-designs-750913-768x576.jpg 768w, https:\/\/nabawebdesign.com\/wp-content\/uploads\/2024\/04\/pexels-jess-bailey-designs-750913-1536x1152.jpg 1536w, https:\/\/nabawebdesign.com\/wp-content\/uploads\/2024\/04\/pexels-jess-bailey-designs-750913-2048x1536.jpg 2048w, https:\/\/nabawebdesign.com\/wp-content\/uploads\/2024\/04\/pexels-jess-bailey-designs-750913-1320x990.jpg 1320w\" sizes=\"(max-width: 1024px) 100vw, 1024px\" \/>\t\t\t\t\t\t\t\t\t\t\t\t\t\t\t<\/div>\n\t\t\t\t<\/div>\n\t\t\t\t<\/div>\n\t\t<div class=\"elementor-element elementor-element-72533284 e-con-full e-flex e-con e-child\" data-id=\"72533284\" data-element_type=\"container\">\n\t\t\t\t<div class=\"elementor-element elementor-element-5f9a1f8 elementor-widget elementor-widget-heading\" data-id=\"5f9a1f8\" data-element_type=\"widget\" data-widget_type=\"heading.default\">\n\t\t\t\t<div class=\"elementor-widget-container\">\n\t\t\t\t\t<h2 class=\"elementor-heading-title elementor-size-default\">Mi\u00e9rt fontosak a nyomtott marketinganyagok?<\/h2>\t\t\t\t<\/div>\n\t\t\t\t<\/div>\n\t\t\t\t<div class=\"elementor-element elementor-element-18a74466 elementor-widget elementor-widget-text-editor\" data-id=\"18a74466\" data-element_type=\"widget\" data-widget_type=\"text-editor.default\">\n\t\t\t\t<div class=\"elementor-widget-container\">\n\t\t\t\t\t\t\t\t\t<p>Sie fragen sich vielleicht, warum gedruckte Materialien immer noch so wichtig sind in einer Welt, die von digitalen Medien dominiert wird. Nun, \u00fcberraschenderweise gibt es einen Bereich, in dem Printmaterialien sogar erfolgreicher sind als digitale Materialien: Direktwerbung. Tats\u00e4chlich \u00fcbertrifft Direktwerbung E-Mails um satte 66 %! Ja, Sie haben richtig geh\u00f6rt &#8211; gedruckte Materialien k\u00f6nnen ein \u00e4u\u00dferst wirksames Marketinginstrument sein.<br \/>Bei uns erhalten Sie eine Vielzahl von gedruckten Marketingmaterialien wie Flyer, Brosch\u00fcren, Visitenkarten und Direktwerbung. Diese Materialien erm\u00f6glichen es Ihnen, Ihre Botschaft direkt in die H\u00e4nde Ihrer Zielgruppe zu legen und so eine pers\u00f6nliche Verbindung herzustellen. Mit unserer Hilfe k\u00f6nnen Sie sicherstellen, dass Ihre Marketingkampagnen nicht nur gesehen werden, sondern auch tats\u00e4chlich wahrgenommen werden.<br \/>Die Wirkung eines gut gestalteten Druckst\u00fccks hinterl\u00e4sst bei jedem einen bleibenden Eindruck. Da wir immer mehr Zeit online verbringen, sowohl zu Hause als auch im B\u00fcro, vermittelt der Anblick eines gedruckten Marketingmaterials ein Gef\u00fchl von Wert, das manchmal in all den Pixeln, die wir jeden Tag sehen, verloren geht.<\/p>\t\t\t\t\t\t\t\t<\/div>\n\t\t\t\t<\/div>\n\t\t\t\t<\/div>\n\t\t\t\t\t<\/div>\n\t\t\t\t<\/div>\n\t\t\t\t<\/div>","protected":false},"excerpt":{"rendered":"<p>Gedruckte Marketingmaterialien Steigern Sie Ihre Konkurrenzf\u00e4higkeit mit unserer professionellen Website-Erstellung! Gedruckte Marketing-materialien Gedruckte Marketingmaterialien sind die greifbaren Materialien, die Sie Ihren Kunden physisch \u00fcbergeben k\u00f6nnen. Dazu geh\u00f6ren unter anderem Flyer, Brosch\u00fcren, Visitenkarten und Direktwerbung. Kontakt Warum sind gedruckte Marketingmaterialien wichtig? Sie fragen sich vielleicht, warum gedruckte Materialien immer noch so wichtig sind in einer Welt, [&hellip;]<\/p>","protected":false},"author":1,"featured_media":0,"parent":24,"menu_order":0,"comment_status":"closed","ping_status":"closed","template":"","meta":{"site-sidebar-layout":"no-sidebar","site-content-layout":"page-builder","ast-site-content-layout":"full-width-container","site-content-style":"default","site-sidebar-style":"default","ast-global-header-display":"","ast-banner-title-visibility":"","ast-main-header-display":"","ast-hfb-above-header-display":"","ast-hfb-below-header-display":"","ast-hfb-mobile-header-display":"","site-post-title":"disabled","ast-breadcrumbs-content":"","ast-featured-img":"disabled","footer-sml-layout":"","theme-transparent-header-meta":"","adv-header-id-meta":"","stick-header-meta":"","header-above-stick-meta":"","header-main-stick-meta":"","header-below-stick-meta":"","astra-migrate-meta-layouts":"default","ast-page-background-enabled":"default","ast-page-background-meta":{"desktop":{"background-color":"","background-image":"","background-repeat":"repeat","background-position":"center center","background-size":"auto","background-attachment":"scroll","background-type":"","background-media":"","overlay-type":"","overlay-color":"","overlay-gradient":""},"tablet":{"background-color":"","background-image":"","background-repeat":"repeat","background-position":"center center","background-size":"auto","background-attachment":"scroll","background-type":"","background-media":"","overlay-type":"","overlay-color":"","overlay-gradient":""},"mobile":{"background-color":"","background-image":"","background-repeat":"repeat","background-position":"center center","background-size":"auto","background-attachment":"scroll","background-type":"","background-media":"","overlay-type":"","overlay-color":"","overlay-gradient":""}},"ast-content-background-meta":{"desktop":{"background-color":"var(--ast-global-color-5)","background-image":"","background-repeat":"repeat","background-position":"center center","background-size":"auto","background-attachment":"scroll","background-type":"","background-media":"","overlay-type":"","overlay-color":"","overlay-gradient":""},"tablet":{"background-color":"var(--ast-global-color-5)","background-image":"","background-repeat":"repeat","background-position":"center center","background-size":"auto","background-attachment":"scroll","background-type":"","background-media":"","overlay-type":"","overlay-color":"","overlay-gradient":""},"mobile":{"background-color":"var(--ast-global-color-5)","background-image":"","background-repeat":"repeat","background-position":"center center","background-size":"auto","background-attachment":"scroll","background-type":"","background-media":"","overlay-type":"","overlay-color":"","overlay-gradient":""}},"footnotes":""},"class_list":["post-29","page","type-page","status-publish","hentry"],"_links":{"self":[{"href":"https:\/\/nabawebdesign.com\/hu\/wp-json\/wp\/v2\/pages\/29","targetHints":{"allow":["GET"]}}],"collection":[{"href":"https:\/\/nabawebdesign.com\/hu\/wp-json\/wp\/v2\/pages"}],"about":[{"href":"https:\/\/nabawebdesign.com\/hu\/wp-json\/wp\/v2\/types\/page"}],"author":[{"embeddable":true,"href":"https:\/\/nabawebdesign.com\/hu\/wp-json\/wp\/v2\/users\/1"}],"replies":[{"embeddable":true,"href":"https:\/\/nabawebdesign.com\/hu\/wp-json\/wp\/v2\/comments?post=29"}],"version-history":[{"count":0,"href":"https:\/\/nabawebdesign.com\/hu\/wp-json\/wp\/v2\/pages\/29\/revisions"}],"up":[{"embeddable":true,"href":"https:\/\/nabawebdesign.com\/hu\/wp-json\/wp\/v2\/pages\/24"}],"wp:attachment":[{"href":"https:\/\/nabawebdesign.com\/hu\/wp-json\/wp\/v2\/media?parent=29"}],"curies":[{"name":"wp","href":"https:\/\/api.w.org\/{rel}","templated":true}]}}