{"id":2845,"date":"2024-06-21T17:17:08","date_gmt":"2024-06-21T15:17:08","guid":{"rendered":"https:\/\/nabawebdesign.com\/?page_id=2845"},"modified":"2025-10-02T16:14:33","modified_gmt":"2025-10-02T14:14:33","slug":"agb","status":"publish","type":"page","link":"https:\/\/nabawebdesign.com\/hu\/agb\/","title":{"rendered":"\u00c1SZF"},"content":{"rendered":"<div data-elementor-type=\"wp-page\" data-elementor-id=\"2845\" class=\"elementor elementor-2845\">\n\t\t\t\t<div class=\"elementor-element elementor-element-6d04866 e-flex e-con-boxed e-con e-parent\" data-id=\"6d04866\" data-element_type=\"container\">\n\t\t\t\t\t<div class=\"e-con-inner\">\n\t\t\t\t<div class=\"elementor-element elementor-element-8aa92e7 elementor-widget elementor-widget-text-editor\" data-id=\"8aa92e7\" data-element_type=\"widget\" data-widget_type=\"text-editor.default\">\n\t\t\t\t<div class=\"elementor-widget-container\">\n\t\t\t\t\t\t\t\t\t<p>Minden szolg\u00e1ltat\u00e1sunk ir\u00e1nt \u00e9rdekl\u0151d\u0151 \u00fcgyfel\u00fcnknek egyedi aj\u00e1nlatot k\u00fcld\u00fcnk.<\/p><p>Ha elfogadja az aj\u00e1nlatot \u00e9s \u00edr\u00e1sban \u00e9rtes\u00edt benn\u00fcnket, szerz\u0151d\u00e9st k\u00fcld\u00fcnk \u00d6nnek.<br \/>Ha ezt a szerz\u0151d\u00e9st al\u00e1\u00edrtuk, elkezdhetj\u00fck a k\u00f6z\u00f6s munk\u00e1t.<\/p><p>A t\u00f6bbire \u00e9s a szerz\u0151d\u00e9s t\u00e1rgy\u00e1t nem k\u00e9pez\u0151 k\u00e9rd\u00e9sekben a t\u00f6rv\u00e9nyi el\u0151\u00edr\u00e1sok az ir\u00e1nyad\u00f3ak.\u00a0<a href=\"https:\/\/net.jogtar.hu\/jogszabaly?docid=a1300005.tv\" target=\"_blank\" rel=\"noopener\">Ptk.<\/a>.<\/p><p><strong><button class=\"hover:duration-80 duration-800 cursor-pointer text-left align-baseline inline underline decoration-textOff\/25 decoration-1 underline-offset-[5px] animate-underlineFade after:content-[&quot;&quot;] hover:text-super hover:decoration-super\/80 hover:underline-offset-[7px] dark:decoration-textOffDark\/30 dark:hover:text-superDark dark:hover:decoration-superDark\/80 transition-all motion-reduce:transition-none appearance-none bg-transparent border-0 p-0 m-0 [td_&amp;]:table-cell align-baseline\" type=\"button\" data-state=\"closed\">\u00a71 A rendelkez\u00e9sek \u00e9rv\u00e9nyess\u00e9ge<\/button><\/strong><\/p><p>A Bal-Intex Kft. (a tov\u00e1bbiakban NaBa Design) szolg\u00e1ltat\u00e1sait kiz\u00e1r\u00f3lag ezen \u00fczleti felt\u00e9telek alapj\u00e1n ny\u00fajtja. Ez minden j\u00f6v\u0151beli szolg\u00e1ltat\u00e1sra is vonatkozik, amennyiben az \u00c1SZF-et nem m\u00f3dos\u00edtj\u00e1k kifejezetten. Az elt\u00e9r\u0151 felt\u00e9telek \u00edr\u00e1sos form\u00e1t ig\u00e9nyelnek, \u00e9s csak a NaBa Design \u00edr\u00e1sos elismer\u00e9se ut\u00e1n \u00e9rv\u00e9nyesek. Jelen \u00c1SZF egy \u00e1ltal\u00e1nos szerz\u0151d\u00e9si felt\u00e9tel, a NaBa Design minden \u00fcgyfel\u00e9vel egyedi szerz\u0151d\u00e9st k\u00f6t a megrendel\u00e9s ut\u00e1n<\/p><p><strong><button class=\"hover:duration-80 duration-800 cursor-pointer text-left align-baseline inline underline decoration-textOff\/25 decoration-1 underline-offset-[5px] animate-underlineFade after:content-[&quot;&quot;] hover:text-super hover:decoration-super\/80 hover:underline-offset-[7px] dark:decoration-textOffDark\/30 dark:hover:text-superDark dark:hover:decoration-superDark\/80 transition-all motion-reduce:transition-none appearance-none bg-transparent border-0 p-0 m-0 [td_&amp;]:table-cell align-baseline\" type=\"button\" data-state=\"closed\">\u00a72 Szerz\u0151d\u00e9sk\u00f6t\u00e9s<\/button><\/strong><\/p><p>Az aj\u00e1nlatok mindig nem k\u00f6telez\u0151 \u00e9rv\u00e9ny\u0171ek. A megrendel\u00e9seket a jelen \u00c1SZF felt\u00e9telei szerint e-mailben k\u00fcld\u00f6tt \u00edr\u00e1sos megrendel\u00e9s-visszaigazol\u00e1ssal fogadjuk el. A sz\u00f3ban meg\u00e1llapodott k\u00fcl\u00f6nleges felt\u00e9telek csak akkor \u00e9rv\u00e9nyesek, ha azokat e-mailben \u00edr\u00e1sban meger\u0151s\u00edtik.<\/p><p><strong><button class=\"hover:duration-80 duration-800 cursor-pointer text-left align-baseline inline underline decoration-textOff\/25 decoration-1 underline-offset-[5px] animate-underlineFade after:content-[&quot;&quot;] hover:text-super hover:decoration-super\/80 hover:underline-offset-[7px] dark:decoration-textOffDark\/30 dark:hover:text-superDark dark:hover:decoration-superDark\/80 transition-all motion-reduce:transition-none appearance-none bg-transparent border-0 p-0 m-0 [td_&amp;]:table-cell align-baseline\" type=\"button\" data-state=\"closed\">\u00a73 Id\u0151pont egyeztet\u00e9sek<\/button><\/strong><\/p><p>A hat\u00e1rid\u0151kre \u00e9s id\u0151pontokra vonatkoz\u00f3 meg\u00e1llapod\u00e1sokat elvileg \u00edr\u00e1sban kell r\u00f6gz\u00edteni, illetve meger\u0151s\u00edteni. A megrendel\u0151k elfogadj\u00e1k a folyamatos e-mail kommunik\u00e1ci\u00f3 bizony\u00edt\u00f3 erej\u00e9t.<\/p><p><strong><button class=\"hover:duration-80 duration-800 cursor-pointer text-left align-baseline inline underline decoration-textOff\/25 decoration-1 underline-offset-[5px] animate-underlineFade after:content-[&quot;&quot;] hover:text-super hover:decoration-super\/80 hover:underline-offset-[7px] dark:decoration-textOffDark\/30 dark:hover:text-superDark dark:hover:decoration-superDark\/80 transition-all motion-reduce:transition-none appearance-none bg-transparent border-0 p-0 m-0 [td_&amp;]:table-cell align-baseline\" type=\"button\" data-state=\"closed\">\u00a74 A megrendel\u00e9s k\u00f6telez\u0151 ereje<\/button><\/strong><br \/>A NaBa Design r\u00e9sz\u00e9re a megrendel\u0151 \u00e1ltal online, megrendel\u0151lapon vagy e-mailben k\u00fcld\u00f6tt szolg\u00e1ltat\u00e1si megrendel\u00e9s\u00e9re a megrendel\u0151 e-mailben visszaigazol\u00e1st kap. A megrendel\u00e9s a NaBa Design \u00e1ltali elfogad\u00e1sa \u00e9s a megrendel\u0151 \u00e1ltali \u00edr\u00e1sos meger\u0151s\u00edt\u00e9se ut\u00e1n a kor\u00e1bban k\u00fcld\u00f6tt e-mailekre adott v\u00e1laszk\u00e9nt a megrendel\u00e9s elfogadottnak min\u0151s\u00fcl.<\/p><p><strong><button class=\"hover:duration-80 duration-800 cursor-pointer text-left align-baseline inline underline decoration-textOff\/25 decoration-1 underline-offset-[5px] animate-underlineFade after:content-[&quot;&quot;] hover:text-super hover:decoration-super\/80 hover:underline-offset-[7px] dark:decoration-textOffDark\/30 dark:hover:text-superDark dark:hover:decoration-superDark\/80 transition-all motion-reduce:transition-none appearance-none bg-transparent border-0 p-0 m-0 [td_&amp;]:table-cell align-baseline\" type=\"button\" data-state=\"closed\">\u00a75 A megrendel\u00e9s menete \u00e9s j\u00f3t\u00e1ll\u00e1si meg\u00e1llapod\u00e1s<\/button><\/strong><br \/>A megrendel\u0151 \u00edr\u00e1sos megrendel\u00e9s-visszaigazol\u00e1s\u00e1nak k\u00e9zhezv\u00e9tele ut\u00e1n a NaBa Design megkezdi a munk\u00e1t, \u00e9s a meg\u00e1llapodott hat\u00e1rid\u0151n bel\u00fcl elk\u00e9sz\u00edt egy megfelel\u0151 mintatervezetet. Weboldalak, webshopok a megrendel\u0151 rendelkez\u00e9s\u00e9re \u00e1llnak ellen\u0151rz\u00e9sre \u00e9s \u00e1tv\u00e9telre. A megrendel\u0151nek joga van az els\u0151 tervezet megtekint\u00e9se ut\u00e1n m\u00f3dos\u00edt\u00e1sokat\/jav\u00edt\u00e1sokat k\u00e9rni, vagy (az els\u0151 tervezet abszol\u00fat nemtetsz\u00e9se eset\u00e9n) egy m\u00e1sodik mint\u00e1t k\u00e9rni. Az ezen fel\u00fcli m\u00f3dos\u00edt\u00e1si ig\u00e9nyek a felmer\u00fcl\u0151 t\u00f6bbletk\u00f6lts\u00e9gek elsz\u00e1mol\u00e1s\u00e1t vonj\u00e1k maguk ut\u00e1n az aktu\u00e1lis \u00e1rlista \u00f3rad\u00edja alapj\u00e1n.<br \/><strong><button class=\"hover:duration-80 duration-800 cursor-pointer text-left align-baseline inline underline decoration-textOff\/25 decoration-1 underline-offset-[5px] animate-underlineFade after:content-[&quot;&quot;] hover:text-super hover:decoration-super\/80 hover:underline-offset-[7px] dark:decoration-textOffDark\/30 dark:hover:text-superDark dark:hover:decoration-superDark\/80 transition-all motion-reduce:transition-none appearance-none bg-transparent border-0 p-0 m-0 [td_&amp;]:table-cell align-baseline\" type=\"button\" data-state=\"closed\">\u00a76 A megrendel\u0151 k\u00f6telezetts\u00e9gei \u00e9s felel\u0151ss\u00e9ge<\/button><\/strong><br \/>A megrendel\u0151 akkor k\u00f6teles az \u00f6sszes sz\u00fcks\u00e9ges kiindul\u00e1si anyag, p\u00e9ld\u00e1ul sz\u00f6vegek, log\u00f3k \u00e9s import\u00e1land\u00f3 adatok (p\u00e9ld\u00e1ul egy web\u00e1ruh\u00e1z term\u00e9kadatai) teljes, id\u0151ben t\u00f6rt\u00e9n\u0151 \u00e9s hib\u00e1tlan sz\u00e1ll\u00edt\u00e1s\u00e1\u00e9rt a NaBa Design r\u00e9sz\u00e9re bocs\u00e1tani, amennyiben a megrendel\u00e9s ut\u00e1ni szerz\u0151d\u00e9s nem vonatkozik sz\u00f6veg\u00edr\u00e1sra, log\u00f3 tervez\u00e9sre, grafikai anyagok tervez\u00e9s\u00e9re stb... A megrendel\u0151 k\u00f6teles ellen\u0151rizni, hogy a grafikai tervez\u00e9shez rendelkez\u00e9sre bocs\u00e1tott anyagokon fenn\u00e1llnak-e esetleges szerz\u0151i jogok \u00e9s copyrightjogok, \u00e9s adott esetben enged\u00e9lyt k\u00e9rni azok felhaszn\u00e1l\u00e1s\u00e1hoz. A szerz\u0151i jogok \u00e9s copyrightjogok megs\u00e9rt\u00e9se miatti esetleges k\u00f6vetel\u00e9sek teljes m\u00e9rt\u00e9kben a megrendel\u0151t terhelik. Kiv\u00e9telt k\u00e9peznek azok a k\u00e9pek \u00e9s szkriptek, amelyeket a NaBa Design szerzett be. A sz\u00f6veges tartalmak\u00e9rt vagy egy\u00e9b kiadv\u00e1nyok\u00e9rt a felel\u0151ss\u00e9g kiz\u00e1r\u00f3lag a megrendel\u0151t terheli. A megrendel\u0151 mentes\u00edti a NaBa Design-t mindenolyan k\u00f6vetel\u00e9s al\u00f3l, amelyet harmadik f\u00e9l t\u00e1maszt vele szemben olyan magatart\u00e1s miatt, amely\u00e9rt a szerz\u0151d\u00e9s szerint a megrendel\u0151 felel vagy visel felel\u0151ss\u00e9get. Viseli az esetleges jogi elj\u00e1r\u00e1s k\u00f6lts\u00e9geit.<br \/><strong><button class=\"hover:duration-80 duration-800 cursor-pointer text-left align-baseline inline underline decoration-textOff\/25 decoration-1 underline-offset-[5px] animate-underlineFade after:content-[&quot;&quot;] hover:text-super hover:decoration-super\/80 hover:underline-offset-[7px] dark:decoration-textOffDark\/30 dark:hover:text-superDark dark:hover:decoration-superDark\/80 transition-all motion-reduce:transition-none appearance-none bg-transparent border-0 p-0 m-0 [td_&amp;]:table-cell align-baseline\" type=\"button\" data-state=\"closed\">\u00a77 D\u00edjaz\u00e1s<\/button><\/strong><\/p><p>A elv\u00e9gzett szolg\u00e1ltat\u00e1sok: weboldal k\u00e9sz\u00edt\u00e9s, webshop k\u00e9sz\u00edt\u00e9s, webdesign tervez\u00e9s, marketing anyagok tervez\u00e9se, sz\u00f6veg\u00edr\u00e1s, log\u00f3 tervez\u00e9s a szerz\u0151d\u00e9sben kik\u00f6t\u00f6tt d\u00edjaz\u00e1s alapj\u00e1n t\u00f6rt\u00e9nik. Az egyedileg megk\u00f6t\u00f6tt fix \u00e1ras meg\u00e1llapod\u00e1sok is idetartoznak.<br \/><strong><button class=\"hover:duration-80 duration-800 cursor-pointer text-left align-baseline inline underline decoration-textOff\/25 decoration-1 underline-offset-[5px] animate-underlineFade after:content-[&quot;&quot;] hover:text-super hover:decoration-super\/80 hover:underline-offset-[7px] dark:decoration-textOffDark\/30 dark:hover:text-superDark dark:hover:decoration-superDark\/80 transition-all motion-reduce:transition-none appearance-none bg-transparent border-0 p-0 m-0 [td_&amp;]:table-cell align-baseline\" type=\"button\" data-state=\"closed\">\u00a78 A d\u00edjaz\u00e1s esed\u00e9kess\u00e9ge, \u00e1tv\u00e9tel<\/button><\/strong><\/p><p>A d\u00edjaz\u00e1s az elv\u00e9gzett szolg\u00e1ltat\u00e1s \u00e1tv\u00e9tele ut\u00e1n esed\u00e9kes. A NaBa Design a megrendel\u0151 \u00e1ltali \u00e1tv\u00e9tel ut\u00e1n ki\u00e1ll\u00edt egy megfelel\u0151 sz\u00e1ml\u00e1t, amelyet a sz\u00e1mla ki\u00e1ll\u00edt\u00e1s\u00e1t k\u00f6vet\u0151en azonnal, levon\u00e1s n\u00e9lk\u00fcl kell megfizetni. Els\u0151 \u00fcgyfelek eset\u00e9n el\u0151re fizet\u00e9s \u00e9rv\u00e9nyes.<br \/><strong><button class=\"hover:duration-80 duration-800 cursor-pointer text-left align-baseline inline underline decoration-textOff\/25 decoration-1 underline-offset-[5px] animate-underlineFade after:content-[&quot;&quot;] hover:text-super hover:decoration-super\/80 hover:underline-offset-[7px] dark:decoration-textOffDark\/30 dark:hover:text-superDark dark:hover:decoration-superDark\/80 transition-all motion-reduce:transition-none appearance-none bg-transparent border-0 p-0 m-0 [td_&amp;]:table-cell align-baseline\" type=\"button\" data-state=\"closed\">\u00a78a<\/button><\/strong><\/p><p>Az \u00e1tv\u00e9teleknek 5 munkanapon bel\u00fcl kell megt\u00f6rt\u00e9nni\u00fck, \u00e9s nem tagadhat\u00f3k meg tervez\u00e9si-m\u0171v\u00e9szi okokb\u00f3l. A megrendel\u00e9s keretein bel\u00fcl tervez\u00e9si szabads\u00e1g \u00e1ll fenn. Kritikus pontokon a megrendel\u0151 \u00e1ltali r\u00e9szleges \u00e1tv\u00e9telek sz\u00fcks\u00e9gesek. Err\u0151l id\u0151ben e-mailben t\u00e1j\u00e9koztatjuk a megrendel\u0151t. Ha a megrendel\u0151 a meg\u00e1llapodott id\u0151pontban nem tesz eleget a megrendel\u00e9s \u00e1tv\u00e9tel\u00e9re vonatkoz\u00f3 k\u00f6telezetts\u00e9g\u00e9nek, akkor az elfogadottnak min\u0151s\u00fcl. A megrendel\u0151 szerz\u0151d\u00e9sszeg\u00e9s\u00e9b\u0151l ad\u00f3d\u00f3 k\u00e1rok\u00e9rt a megb\u00edzott felel\u0151ss\u00e9ge kiz\u00e1rt, csak\u00fagy, mint a megrendel\u0151 egy\u00e9b egy\u00fcttm\u0171k\u00f6d\u00e9si k\u00f6telezetts\u00e9geinek megs\u00e9rt\u00e9se. Ha az \u00e1tv\u00e9tel vagy r\u00e9szleges \u00e1tv\u00e9tel a NaBa Design felsz\u00f3l\u00edt\u00e1s\u00e1ra 10 munkanap eltelt\u00e9vel sem t\u00f6rt\u00e9nik meg a megrendel\u0151 \u00e1ltal, akkor az elv\u00e9gzett munk\u00e1k elfogadottnak min\u0151s\u00fclnek, \u00e9s kisz\u00e1ml\u00e1z\u00e1sra ker\u00fclnek.<br \/><strong><button class=\"hover:duration-80 duration-800 cursor-pointer text-left align-baseline inline underline decoration-textOff\/25 decoration-1 underline-offset-[5px] animate-underlineFade after:content-[&quot;&quot;] hover:text-super hover:decoration-super\/80 hover:underline-offset-[7px] dark:decoration-textOffDark\/30 dark:hover:text-superDark dark:hover:decoration-superDark\/80 transition-all motion-reduce:transition-none appearance-none bg-transparent border-0 p-0 m-0 [td_&amp;]:table-cell align-baseline\" type=\"button\" data-state=\"closed\">\u00a78b<\/button><\/strong><br \/>8b A kijav\u00edtott munk\u00e1k \u00e1tv\u00e9tel\u00e9nek megtagad\u00e1sa a megrendel\u00e9st\u0151l val\u00f3 el\u00e1ll\u00e1ssal \u00f6sszef\u00fcgg\u00e9sben nem mentes\u00edti a megrendel\u0151t a k\u00f6telez\u0151 \u00e9rv\u00e9ny\u0171 megrendel\u00e9s\u00e9t\u0151l, azaz a NaBa Design megtartja a m\u00e1r megkezdett \/ elv\u00e9gzett munk\u00e1k\u00e9rt j\u00e1r\u00f3 d\u00edjaz\u00e1si ig\u00e9ny\u00e9t \u00e9s a k\u00e1rt\u00e9r\u00edt\u00e9si jogot a nem teljes\u00edt\u00e9s miatt.<br \/><strong><button class=\"hover:duration-80 duration-800 cursor-pointer text-left align-baseline inline underline decoration-textOff\/25 decoration-1 underline-offset-[5px] animate-underlineFade after:content-[&quot;&quot;] hover:text-super hover:decoration-super\/80 hover:underline-offset-[7px] dark:decoration-textOffDark\/30 dark:hover:text-superDark dark:hover:decoration-superDark\/80 transition-all motion-reduce:transition-none appearance-none bg-transparent border-0 p-0 m-0 [td_&amp;]:table-cell align-baseline\" type=\"button\" data-state=\"closed\">\u00a78c<\/button><\/strong><br \/>Fizet\u00e9si k\u00e9sedelem eset\u00e9n a NaBa Design a mindenkori eur\u00f3pai k\u00f6zponti banki alapkamat 8%-kal n\u00f6velt m\u00e9rt\u00e9k\u0171 k\u00e9sedelmi kamatot sz\u00e1m\u00edthat fel \u00e9vente. Egy bizony\u00edtottan magasabb k\u00e1r \u00e9rv\u00e9nyes\u00edt\u00e9se ugyan\u00fagy \u00e9rintetlen marad, mint a megrendel\u0151 jogot arra, hogy egyedi esetben alacsonyabb terhel\u00e9st igazoljon.<\/p><p><strong><button class=\"hover:duration-80 duration-800 cursor-pointer text-left align-baseline inline underline decoration-textOff\/25 decoration-1 underline-offset-[5px] animate-underlineFade after:content-[&quot;&quot;] hover:text-super hover:decoration-super\/80 hover:underline-offset-[7px] dark:decoration-textOffDark\/30 dark:hover:text-superDark dark:hover:decoration-superDark\/80 transition-all motion-reduce:transition-none appearance-none bg-transparent border-0 p-0 m-0 [td_&amp;]:table-cell align-baseline\" type=\"button\" data-state=\"closed\">\u00a79 Fizet\u00e9si felt\u00e9telek<\/button><\/strong><\/p><p>A meg\u00e1llapodott d\u00edjaz\u00e1s a mindenkori \u00e9rv\u00e9nyes \u00e1rlista, a kiadott egyedi aj\u00e1nlatok vagy a megk\u00f6t\u00f6tt \u00edr\u00e1sos meg\u00e1llapod\u00e1sok szerint a sz\u00e1mla k\u00e9zhezv\u00e9tel\u00e9t k\u00f6vet\u0151en azonnal, levon\u00e1sok n\u00e9lk\u00fcl esed\u00e9kes.<br \/><strong><button class=\"hover:duration-80 duration-800 cursor-pointer text-left align-baseline inline underline decoration-textOff\/25 decoration-1 underline-offset-[5px] animate-underlineFade after:content-[&quot;&quot;] hover:text-super hover:decoration-super\/80 hover:underline-offset-[7px] dark:decoration-textOffDark\/30 dark:hover:text-superDark dark:hover:decoration-superDark\/80 transition-all motion-reduce:transition-none appearance-none bg-transparent border-0 p-0 m-0 [td_&amp;]:table-cell align-baseline\" type=\"button\" data-state=\"closed\">\u00a710 J\u00f3t\u00e1ll\u00e1s, hib\u00e1k<\/button><\/strong><br \/>A NaBa Design k\u00f6telezi mag\u00e1t, hogy a megrendel\u00e9st a legnagyobb gondoss\u00e1ggal teljes\u00edti, k\u00fcl\u00f6n\u00f6sen a rendelkez\u00e9s\u00fcnkre bocs\u00e1tott sablonokat, dokumentumokat, mint\u00e1kat stb. gondosan kezeli. Hib\u00e1s teljes\u00edt\u00e9s eset\u00e9n k\u00f6telezz\u00fck magunkat a d\u00edjmentes jav\u00edt\u00e1sra saj\u00e1t v\u00e1laszt\u00e1sunk szerint. A jav\u00edt\u00e1s sikertelens\u00e9ge eset\u00e9n (pl. lehetetlens\u00e9g eset\u00e9n) a megrendel\u0151 a sz\u00e1nd\u00e9koss\u00e1g vagy s\u00falyos gondatlans\u00e1g eset\u00e9t kiv\u00e9ve nem t\u00e1maszthat k\u00e1rt\u00e9r\u00edt\u00e9si ig\u00e9nyt, hanem csak a v\u00e9tel\u00e1r cs\u00f6kkent\u00e9s\u00e9t vagy a lehetetlens\u00e9g eset\u00e9n a v\u00e9teli szerz\u0151d\u00e9s visszavon\u00e1s\u00e1t k\u00f6vetelheti. Felh\u00edvjuk a figyelmet, hogy a honlapon haszn\u00e1lt k\u00fcls\u0151 programok (CMS, web\u00e1ruh\u00e1z rendszerek, be\u00e9p\u00fcl\u0151 modulok stb.) felder\u00edtetlen biztons\u00e1gi kock\u00e1zatokat tartalmazhatnak. A NaBa Design nem felel a k\u00fcls\u0151 programok hib\u00e1i \u00e1ltal okozott k\u00e1rok\u00e9rt.<br \/><strong><button class=\"hover:duration-80 duration-800 cursor-pointer text-left align-baseline inline underline decoration-textOff\/25 decoration-1 underline-offset-[5px] animate-underlineFade after:content-[&quot;&quot;] hover:text-super hover:decoration-super\/80 hover:underline-offset-[7px] dark:decoration-textOffDark\/30 dark:hover:text-superDark dark:hover:decoration-superDark\/80 transition-all motion-reduce:transition-none appearance-none bg-transparent border-0 p-0 m-0 [td_&amp;]:table-cell align-baseline\" type=\"button\" data-state=\"closed\">\u00a711 Felel\u0151ss\u00e9g korl\u00e1toz\u00e1sok<\/button><\/strong><br \/>Kiz\u00e1rtak minden tov\u00e1bbi ig\u00e9nyek, f\u00fcggetlen\u00fcl a jogalapt\u00f3l, k\u00fcl\u00f6n\u00f6sen a nem a teljes\u00edtett szolg\u00e1ltat\u00e1sban keletkezett k\u00e1rok megt\u00e9r\u00edt\u00e9s\u00e9re, kiv\u00e9ve a sz\u00e1nd\u00e9koss\u00e1g vagy s\u00falyos gondatlans\u00e1g eset\u00e9t. Egy\u00e9bk\u00e9nt a NaBa Design a mell\u00e9kk\u00f6telezetts\u00e9gek megs\u00e9rt\u00e9se vagy tiltott cselekm\u00e9ny eset\u00e9n csak sz\u00e1nd\u00e9koss\u00e1g vagy s\u00falyos gondatlans\u00e1g eset\u00e9n felel. A NaBa Design a munka befejez\u00e9se ut\u00e1n nem felel az elmulasztott vagy saj\u00e1t kez\u0171leg felt\u00f6lt\u00f6tt honlapfriss\u00edt\u00e9sekb\u0151l ered\u0151 k\u00e1rok\u00e9rt. A megb\u00edzott felel\u0151ss\u00e9ge kiz\u00e1rt a megrendel\u0151 egy\u00fcttm\u0171k\u00f6d\u00e9si k\u00f6telezetts\u00e9geinek elmulaszt\u00e1s\u00e1b\u00f3l vagy a megrendel\u0151 \u00e1ltal bevont harmadik felek \u00e1ltal okozott k\u00e1rok\u00e9rt.<br \/><strong><button class=\"hover:duration-80 duration-800 cursor-pointer text-left align-baseline inline underline decoration-textOff\/25 decoration-1 underline-offset-[5px] animate-underlineFade after:content-[&quot;&quot;] hover:text-super hover:decoration-super\/80 hover:underline-offset-[7px] dark:decoration-textOffDark\/30 dark:hover:text-superDark dark:hover:decoration-superDark\/80 transition-all motion-reduce:transition-none appearance-none bg-transparent border-0 p-0 m-0 [td_&amp;]:table-cell align-baseline\" type=\"button\" data-state=\"closed\">Rekl\u00e1m<\/button><\/strong><br \/>A megrendel\u0151 beleegyezik abba, hogy a NaBa Design a megrendel\u0151 sz\u00e1m\u00e1ra k\u00e9sz\u00edtett grafik\u00e1kat, weboldalakat stb. sz\u00fcks\u00e9g eset\u00e9n referenciak\u00e9nt ki\u00e1ll\u00edthatja nyilv\u00e1nos gal\u00e9ri\u00e1iban a honlapj\u00e1n, illetve egy\u00e9b rekl\u00e1meszk\u00f6z\u00f6kben felhaszn\u00e1lhatja munk\u00e1inak igazol\u00e1s\u00e1ra. Enged\u00e9lyezett a megrendel\u0151 \u00e1ltal a NaBa Design \u00e1ltal feldolgozott weboldal URL-j\u00e9nek \u00e9s e-mail c\u00edm\u00e9nek k\u00f6zz\u00e9t\u00e9tele. A megrendel\u0151 enged\u00e9lyezi a NaBa Design-nek, hogy megfelel\u0151 helyen linket helyezzen el a saj\u00e1t honlapj\u00e1ra.<br \/><strong><button class=\"hover:duration-80 duration-800 cursor-pointer text-left align-baseline inline underline decoration-textOff\/25 decoration-1 underline-offset-[5px] animate-underlineFade after:content-[&quot;&quot;] hover:text-super hover:decoration-super\/80 hover:underline-offset-[7px] dark:decoration-textOffDark\/30 dark:hover:text-superDark dark:hover:decoration-superDark\/80 transition-all motion-reduce:transition-none appearance-none bg-transparent border-0 p-0 m-0 [td_&amp;]:table-cell align-baseline\" type=\"button\" data-state=\"closed\">\u00a713 B\u00edr\u00f3s\u00e1gi illet\u00e9kess\u00e9g \u00e9s egy\u00e9b rendelkez\u00e9sek<\/button><\/strong><br \/>B\u00e1rmely jogvita eset\u00e9n a magyar b\u00edr\u00f3s\u00e1gok illet\u00e9kesek. Amely k\u00e9rd\u00e9sekben ez az \u00c1SZF vagy az \u00fcgyf\u00e9llel megk\u00f6t\u00f6tt szerz\u0151d\u00e9s nem t\u00e9r ki, azokra a Polg\u00e1ri T\u00f6rv\u00e9nyk\u00f6nyv (Ptk.) \u00e1ltal\u00e1nos szerz\u0151d\u00e9si felt\u00e9telekre vonatkoz\u00f3 rendelkez\u00e9sei az ir\u00e1nyad\u00f3k.<br \/><strong><button class=\"hover:duration-80 duration-800 cursor-pointer text-left align-baseline inline underline decoration-textOff\/25 decoration-1 underline-offset-[5px] animate-underlineFade after:content-[&quot;&quot;] hover:text-super hover:decoration-super\/80 hover:underline-offset-[7px] dark:decoration-textOffDark\/30 dark:hover:text-superDark dark:hover:decoration-superDark\/80 transition-all motion-reduce:transition-none appearance-none bg-transparent border-0 p-0 m-0 [td_&amp;]:table-cell align-baseline\" type=\"button\" data-state=\"closed\">\u00a714 Z\u00e1r\u00f3 rendelkez\u00e9sek<\/button><\/strong><br \/>Amennyiben ezen rendelkez\u00e9sek b\u00e1rmelyike \u00e9rv\u00e9nytelen, az a t\u00f6bbi rendelkez\u00e9s \u00e9rv\u00e9nyess\u00e9g\u00e9t nem \u00e9rinti. Az \u00e9rv\u00e9nytelen rendelkez\u00e9seket lehet\u0151s\u00e9g szerint olyan \u00e9rv\u00e9nyes rendelkez\u00e9sekkel kell helyettes\u00edteni, amelyek nagyr\u00e9szt el\u00e9rik a k\u00edv\u00e1nt gazdas\u00e1gi c\u00e9lt.<\/p>\t\t\t\t\t\t\t\t<\/div>\n\t\t\t\t<\/div>\n\t\t\t\t\t<\/div>\n\t\t\t\t<\/div>\n\t\t\t\t<\/div>","protected":false},"excerpt":{"rendered":"<p>Wir senden allen unseren Kunden, die an einer unserer Dienstleistungen interessiert sind, ein einzigartiges Angebot. Wenn Sie das Angebot annehmen und uns dies schriftlich mitteilen, senden wir Ihnen einen Vertrag zu.Sobald wir diesen Vertrag unterzeichnet haben, k\u00f6nnen wir mit der Zusammenarbeit beginnen. Im \u00dcbrigen und in den Angelegenheiten, die nicht Gegenstand des Vertrages sind, gelten [&hellip;]<\/p>","protected":false},"author":1,"featured_media":0,"parent":0,"menu_order":0,"comment_status":"closed","ping_status":"closed","template":"","meta":{"site-sidebar-layout":"no-sidebar","site-content-layout":"page-builder","ast-site-content-layout":"full-width-container","site-content-style":"default","site-sidebar-style":"default","ast-global-header-display":"","ast-banner-title-visibility":"","ast-main-header-display":"","ast-hfb-above-header-display":"","ast-hfb-below-header-display":"","ast-hfb-mobile-header-display":"","site-post-title":"disabled","ast-breadcrumbs-content":"","ast-featured-img":"disabled","footer-sml-layout":"","theme-transparent-header-meta":"","adv-header-id-meta":"","stick-header-meta":"","header-above-stick-meta":"","header-main-stick-meta":"","header-below-stick-meta":"","astra-migrate-meta-layouts":"set","ast-page-background-enabled":"default","ast-page-background-meta":{"desktop":{"background-color":"","background-image":"","background-repeat":"repeat","background-position":"center center","background-size":"auto","background-attachment":"scroll","background-type":"","background-media":"","overlay-type":"","overlay-color":"","overlay-gradient":""},"tablet":{"background-color":"","background-image":"","background-repeat":"repeat","background-position":"center center","background-size":"auto","background-attachment":"scroll","background-type":"","background-media":"","overlay-type":"","overlay-color":"","overlay-gradient":""},"mobile":{"background-color":"","background-image":"","background-repeat":"repeat","background-position":"center center","background-size":"auto","background-attachment":"scroll","background-type":"","background-media":"","overlay-type":"","overlay-color":"","overlay-gradient":""}},"ast-content-background-meta":{"desktop":{"background-color":"var(--ast-global-color-5)","background-image":"","background-repeat":"repeat","background-position":"center center","background-size":"auto","background-attachment":"scroll","background-type":"","background-media":"","overlay-type":"","overlay-color":"","overlay-gradient":""},"tablet":{"background-color":"var(--ast-global-color-5)","background-image":"","background-repeat":"repeat","background-position":"center center","background-size":"auto","background-attachment":"scroll","background-type":"","background-media":"","overlay-type":"","overlay-color":"","overlay-gradient":""},"mobile":{"background-color":"var(--ast-global-color-5)","background-image":"","background-repeat":"repeat","background-position":"center center","background-size":"auto","background-attachment":"scroll","background-type":"","background-media":"","overlay-type":"","overlay-color":"","overlay-gradient":""}},"footnotes":""},"class_list":["post-2845","page","type-page","status-publish","hentry"],"_links":{"self":[{"href":"https:\/\/nabawebdesign.com\/hu\/wp-json\/wp\/v2\/pages\/2845","targetHints":{"allow":["GET"]}}],"collection":[{"href":"https:\/\/nabawebdesign.com\/hu\/wp-json\/wp\/v2\/pages"}],"about":[{"href":"https:\/\/nabawebdesign.com\/hu\/wp-json\/wp\/v2\/types\/page"}],"author":[{"embeddable":true,"href":"https:\/\/nabawebdesign.com\/hu\/wp-json\/wp\/v2\/users\/1"}],"replies":[{"embeddable":true,"href":"https:\/\/nabawebdesign.com\/hu\/wp-json\/wp\/v2\/comments?post=2845"}],"version-history":[{"count":0,"href":"https:\/\/nabawebdesign.com\/hu\/wp-json\/wp\/v2\/pages\/2845\/revisions"}],"wp:attachment":[{"href":"https:\/\/nabawebdesign.com\/hu\/wp-json\/wp\/v2\/media?parent=2845"}],"curies":[{"name":"wp","href":"https:\/\/api.w.org\/{rel}","templated":true}]}}