{"id":2843,"date":"2024-06-21T17:16:05","date_gmt":"2024-06-21T15:16:05","guid":{"rendered":"https:\/\/nabawebdesign.com\/?page_id=2843"},"modified":"2025-10-02T16:18:39","modified_gmt":"2025-10-02T14:18:39","slug":"cookies","status":"publish","type":"page","link":"https:\/\/nabawebdesign.com\/hu\/cookies\/","title":{"rendered":"S\u00fctik"},"content":{"rendered":"<div data-elementor-type=\"wp-page\" data-elementor-id=\"2843\" class=\"elementor elementor-2843\">\n\t\t\t\t<div class=\"elementor-element elementor-element-faf1df5 e-flex e-con-boxed e-con e-parent\" data-id=\"faf1df5\" data-element_type=\"container\" data-settings=\"{&quot;background_background&quot;:&quot;classic&quot;}\">\n\t\t\t\t\t<div class=\"e-con-inner\">\n\t\t\t\t<div class=\"elementor-element elementor-element-ede6954 elementor-widget elementor-widget-text-editor\" data-id=\"ede6954\" data-element_type=\"widget\" data-widget_type=\"text-editor.default\">\n\t\t\t\t<div class=\"elementor-widget-container\">\n\t\t\t\t\t\t\t\t\t<p>Itt tal\u00e1l egy \u00e1ttekint\u00e9st az \u00f6sszes haszn\u00e1lt cookie-r\u00f3l. Hozz\u00e1j\u00e1rul\u00e1s\u00e1t teljes kateg\u00f3ri\u00e1khoz adhatja, vagy tov\u00e1bbi inform\u00e1ci\u00f3kat jelen\u00edthet meg, \u00edgy csak bizonyos s\u00fctiket v\u00e1laszthat ki. A cookie-k kis sz\u00f6veges f\u00e1jlok, amelyek inform\u00e1ci\u00f3kat t\u00e1rolnak a felhaszn\u00e1l\u00f3 b\u00f6ng\u00e9sz\u0151j\u00e9ben. A s\u00fctiket k\u00fcl\u00f6nf\u00e9le c\u00e9lokra t\u00e1roljuk, pl. P\u00e9ld\u00e1ul a biztons\u00e1g biztos\u00edt\u00e1sa, a felhaszn\u00e1l\u00f3i munkamenet fenntart\u00e1sa, a felhaszn\u00e1l\u00f3i viselked\u00e9s nyomon k\u00f6vet\u00e9se a webhelyen webhelyelemz\u00e9s \u00e9s c\u00e9lzott marketing c\u00e9lj\u00e1b\u00f3l stb. Amikor egy webhely bizonyos harmadik f\u00e9lt\u0151l sz\u00e1rmaz\u00f3 szolg\u00e1ltat\u00e1sokat haszn\u00e1l, p\u00e9ld\u00e1ul hirdet\u00e9si c\u00e9lokra, cookie-kat is elhelyez a webhelyen. Ezeket a s\u00fctiket \u00e1ltal\u00e1ban e harmadik felek \u00e1ltal biztos\u00edtott szkriptek \u00e1ll\u00edtj\u00e1k be, amelyek lehet\u0151v\u00e9 teszik szolg\u00e1ltat\u00e1saikat a webhelyen. Weboldalunk s\u00fctiket is haszn\u00e1l. Weboldalunk alap\u00e9rtelmez\u00e9s szerint nem haszn\u00e1l munkameneteket, hanem cookie-kat haszn\u00e1l ugyanezen viselked\u00e9s el\u00e9r\u00e9se \u00e9rdek\u00e9ben. N\u00e9zz\u00fck meg, mik azok a s\u00fctik, \u00e9s mire haszn\u00e1lj\u00e1k \u0151ket. Weboldalunk k\u00e9tf\u00e9le cookie-t \u00e1ll\u00edt be. <span class=\"tagcolor\">\u00a0<\/span> <strong>1 \u2013 Munkamenet cookie-k<\/strong> \u2013 Ezek \u201eszigor\u00faan sz\u00fcks\u00e9ges\u201d cookie-k, mert a WordPress nem tud m\u0171k\u00f6dni n\u00e9lk\u00fcl\u00fck. <strong>2 \u2013 Megjegyz\u00e9s cookie-k <\/strong>\u2013 Ezek nem felt\u00e9tlen\u00fcl sz\u00fcks\u00e9ges s\u00fctik. Akkor vannak be\u00e1ll\u00edtva, amikor a felhaszn\u00e1l\u00f3k megjegyz\u00e9st f\u0171znek egy bejegyz\u00e9shez.<\/p><h3>Kik vagyunk<\/h3><p>A weboldalunk c\u00edme: https:\/\/nabadesign.com<\/p><h3 id=\"tw-target-text\" class=\"tw-data-text tw-text-large tw-ta\" dir=\"ltr\" data-placeholder=\"Ford\u00edt\u00e1s\" data-ved=\"2ahUKEwi9zuPDnfiCAxUz3wIHHbT1BG8Q3ewLegQIBRAQ\"><span class=\"Y2IQFc\" lang=\"de\">Kommentek<\/span><\/h3><p><span class=\"Y2IQFc\" lang=\"de\">Amikor a l\u00e1togat\u00f3k megjegyz\u00e9seket f\u0171znek az oldalhoz, gy\u0171jtj\u00fck a megjegyz\u00e9s \u0171rlapon megjelen\u0151 adatokat, valamint a l\u00e1togat\u00f3 IP-c\u00edm\u00e9t \u00e9s a b\u00f6ng\u00e9sz\u0151 felhaszn\u00e1l\u00f3i \u00fcgyn\u00f6k karakterl\u00e1nc\u00e1t, hogy seg\u00edts\u00fck a spam \u00e9szlel\u00e9s\u00e9t.<\/span><\/p><h3 id=\"tw-target-text\" class=\"tw-data-text tw-text-large tw-ta\" dir=\"ltr\" data-placeholder=\"Ford\u00edt\u00e1s\" data-ved=\"2ahUKEwi9zuPDnfiCAxUz3wIHHbT1BG8Q3ewLegQIBRAQ\"><span class=\"Y2IQFc\" lang=\"de\">M\u00e9dia f\u00e1jlok<\/span><\/h3><p><span class=\"Y2IQFc\" lang=\"de\">Amikor k\u00e9peket t\u00f6lt fel a webhelyre, ker\u00fclje a be\u00e1gyazott helyadatokat (EXIF GPS) tartalmaz\u00f3 k\u00e9pek felt\u00f6lt\u00e9s\u00e9t. A webhely l\u00e1togat\u00f3i let\u00f6lthetik \u00e9s kivonhatj\u00e1k a webhelyen tal\u00e1lhat\u00f3 k\u00e9pekb\u0151l a helyadatokat.<\/span><\/p><h3>S\u00fctik<\/h3><p><span class=\"Y2IQFc\" lang=\"de\">Ha megjegyz\u00e9st \u00edr weboldalunkhoz, enged\u00e9lyezheti nev\u00e9nek, e-mail c\u00edm\u00e9nek \u00e9s webhely\u00e9nek cookie-kba val\u00f3 ment\u00e9s\u00e9t. Ezek az \u00d6n k\u00e9nyelm\u00e9t szolg\u00e1lj\u00e1k, hogy ne kelljen \u00fajra megadnia adatait, amikor \u00fajabb megjegyz\u00e9st \u00edr. Ezek a s\u00fctik egy \u00e9vig el\u00e1llnak. Amikor megl\u00e1togatja bejelentkez\u00e9si oldalunkat, ideiglenes cookie-t \u00e1ll\u00edtunk be annak meg\u00e1llap\u00edt\u00e1s\u00e1ra, hogy b\u00f6ng\u00e9sz\u0151je elfogadja-e a cookie-kat. Ez a s\u00fcti nem tartalmaz szem\u00e9lyes adatokat, \u00e9s a b\u00f6ng\u00e9sz\u0151 bez\u00e1r\u00e1sakor t\u00f6rl\u0151dik. Amikor bejelentkezik, t\u00f6bb cookie-t is be\u00e1ll\u00edtunk, amelyek elmentik a bejelentkez\u00e9si adatait \u00e9s a k\u00e9perny\u0151 megjelen\u00edt\u00e9si lehet\u0151s\u00e9geit. A bejelentkez\u00e9si cookie-k k\u00e9t napig, a k\u00e9perny\u0151be\u00e1ll\u00edt\u00e1si cookie-k pedig egy \u00e9vig m\u0171k\u00f6dnek. Ha az \u201eEml\u00e9kezz r\u00e1m\u201d lehet\u0151s\u00e9get v\u00e1lasztja, bejelentkez\u00e9si adatai k\u00e9t h\u00e9tig akt\u00edvak maradnak. Ha kijelentkezik fi\u00f3kj\u00e1b\u00f3l, a bejelentkez\u00e9si cookie-k t\u00f6rl\u0151dnek. Amikor szerkeszt vagy k\u00f6zz\u00e9tesz egy cikket, a b\u00f6ng\u00e9sz\u0151 egy tov\u00e1bbi cookie-t t\u00e1rol. Ez a cookie nem tartalmaz szem\u00e9lyes adatokat, \u00e9s egyszer\u0171en csak az \u00e9ppen szerkesztett cikk bejegyz\u00e9sazonos\u00edt\u00f3j\u00e1t jelzi. 1 nap m\u00falva lej\u00e1r.<\/span><\/p><h3 id=\"tw-target-text\" class=\"tw-data-text tw-text-large tw-ta\" dir=\"ltr\" data-placeholder=\"Ford\u00edt\u00e1s\" data-ved=\"2ahUKEwi9zuPDnfiCAxUz3wIHHbT1BG8Q3ewLegQIBRAQ\"><span class=\"Y2IQFc\" lang=\"de\">Be\u00e1gyazott tartalom m\u00e1s webhelyekr\u0151l<\/span><\/h3><p><span class=\"Y2IQFc\" lang=\"de\">A webhelyen tal\u00e1lhat\u00f3 cikkek be\u00e1gyazott tartalmat (p\u00e9ld\u00e1ul vide\u00f3kat, k\u00e9peket, cikkeket stb.) tartalmazhatnak. A m\u00e1s webhelyekr\u0151l sz\u00e1rmaz\u00f3 be\u00e1gyazott tartalom pontosan \u00fagy viselkedik, mintha a l\u00e1togat\u00f3 megl\u00e1togatta volna a m\u00e1sik webhelyet. Ezek a webhelyek adatokat gy\u0171jthetnek \u00d6nr\u0151l, cookie-kat haszn\u00e1lhatnak, tov\u00e1bbi, harmadik f\u00e9lt\u0151l sz\u00e1rmaz\u00f3 nyomon k\u00f6vet\u00e9st \u00e1gyazhatnak be, \u00e9s nyomon k\u00f6vethetik az \u00d6n interakci\u00f3j\u00e1t a be\u00e1gyazott tartalommal, bele\u00e9rtve a be\u00e1gyazott tartalommal val\u00f3 interakci\u00f3 nyomon k\u00f6vet\u00e9s\u00e9t is, ha rendelkezik fi\u00f3kkal, \u00e9s be van jelentkezve az adott webhelyre.<\/span><\/p><h3 id=\"tw-target-text\" class=\"tw-data-text tw-text-large tw-ta\" dir=\"ltr\" data-placeholder=\"Ford\u00edt\u00e1s\" data-ved=\"2ahUKEwi9zuPDnfiCAxUz3wIHHbT1BG8Q3ewLegQIBRAQ\"><span class=\"Y2IQFc\" lang=\"de\">Akivel megosztjuk adatait<\/span><\/h3><p><span class=\"Y2IQFc\" lang=\"de\">Ha jelsz\u00f3-vissza\u00e1ll\u00edt\u00e1st k\u00e9r, az IP-c\u00edme szerepelni fog a vissza\u00e1ll\u00edt\u00f3 e-mailben.<\/span><\/p><h3>Mennyi ideig \u0151rizz\u00fck meg adatait<\/h3><p><span class=\"Y2IQFc\" lang=\"de\">Amikor megjegyz\u00e9st \u00edr, a megjegyz\u00e9st \u00e9s metaadatait a rendszer korl\u00e1tlan ideig meg\u0151rzi. Ez az\u00e9rt van \u00edgy, hogy minden tov\u00e1bbi megjegyz\u00e9st automatikusan felismerj\u00fcnk \u00e9s j\u00f3v\u00e1hagyhassunk, ahelyett, hogy moder\u00e1l\u00e1si sorban tartan\u00e1nk \u0151ket. Azon felhaszn\u00e1l\u00f3k sz\u00e1m\u00e1ra, akik regisztr\u00e1lnak a weboldalunkon , az \u00e1ltaluk megadott szem\u00e9lyes adatokat (ha vannak) a felhaszn\u00e1l\u00f3i profiljukban is t\u00e1roljuk. Minden felhaszn\u00e1l\u00f3 b\u00e1rmikor megtekintheti, szerkesztheti vagy t\u00f6r\u00f6lheti szem\u00e9lyes adatait (kiv\u00e9ve, hogy felhaszn\u00e1l\u00f3nev\u00e9t nem m\u00f3dos\u00edthatja). A webhely rendszergazd\u00e1i is l\u00e1thatj\u00e1k \u00e9s szerkeszthetik ezeket az inform\u00e1ci\u00f3kat.<\/span><\/p><h3 id=\"tw-target-text\" class=\"tw-data-text tw-text-large tw-ta\" dir=\"ltr\" data-placeholder=\"Ford\u00edt\u00e1s\" data-ved=\"2ahUKEwi9zuPDnfiCAxUz3wIHHbT1BG8Q3ewLegQIBRAQ\"><span class=\"Y2IQFc\" lang=\"de\">Milyen jogai vannak az adataihoz<\/span><\/h3><p><span class=\"Y2IQFc\" lang=\"de\">Ha rendelkezik fi\u00f3kkal ezen az oldalon, vagy megjegyz\u00e9seket f\u0171z\u00f6tt hozz\u00e1, k\u00e9rhet egy export\u00e1lt f\u00e1jlt az \u00d6nr\u0151l t\u00e1rolt szem\u00e9lyes adatokr\u00f3l, bele\u00e9rtve az \u00d6n \u00e1ltal rendelkez\u00e9s\u00fcnkre bocs\u00e1tott adatokat is. Azt is k\u00e9rheti, hogy t\u00f6r\u00f6lj\u00fck az \u00d6nr\u0151l t\u00e1rolt szem\u00e9lyes adatokat. Ez nem tartalmazza azokat az adatokat, amelyeket adminisztrat\u00edv, jogi vagy biztons\u00e1gi okokb\u00f3l k\u00f6telesek vagyunk meg\u0151rizni.<\/span><\/p><h3 id=\"tw-target-text\" class=\"tw-data-text tw-text-large tw-ta\" dir=\"ltr\" data-placeholder=\"Ford\u00edt\u00e1s\" data-ved=\"2ahUKEwi9zuPDnfiCAxUz3wIHHbT1BG8Q3ewLegQIBRAQ\"><span class=\"Y2IQFc\" lang=\"de\">Hova k\u00fcldj\u00fck az adatait<\/span><\/h3><p><span class=\"Y2IQFc\" lang=\"de\">A l\u00e1togat\u00f3k megjegyz\u00e9sei egy automata spam\u00e9szlel\u0151 szolg\u00e1ltat\u00e1son kereszt\u00fcl ellen\u0151rizhet\u0151k.<\/span><\/p><h3>A WordPress cookie-k list\u00e1ja, \u00e9s mire haszn\u00e1lj\u00e1k \u0151ket<\/h3><p>A WordPress k\u00e9tf\u00e9le cookie-t \u00e1ll\u00edt be. 1 \u2013 Session Cookie-k \u2013 Ezek a \u201eszigor\u00faan sz\u00fcks\u00e9ges\u201d cookie-k, mivel a WordPress nem tud m\u0171k\u00f6dni n\u00e9lk\u00fcl\u00fck. 2 \u2013 Megjegyz\u00e9s cookie-k \u2013 Ezek nem felt\u00e9tlen\u00fcl sz\u00fcks\u00e9ges cookie-k. Akkor vannak be\u00e1ll\u00edtva, amikor a felhaszn\u00e1l\u00f3k megjegyz\u00e9st f\u0171znek egy bejegyz\u00e9shez.<\/p><h3>A WordPress \u00e1ltal be\u00e1ll\u00edtott munkamenet-cookie-k<\/h3><ul><li><strong>wordpress_logged_in_<\/strong>:A wordpress_logged_in_[hash] cookie arra szolg\u00e1l, hogy megmutassa, mikor vagy bejelentkezve, \u00e9s ki vagy. Ez a s\u00fcti a webhely el\u0151lapj\u00e1n is t\u00e1rol\u00f3dik, amikor \u00d6n bejelentkezik. Itt a [Hash] azt az \u00e9rt\u00e9ket jelenti, amelyet egy bizonyos matematikai k\u00e9plet felhaszn\u00e1l\u00f3n\u00e9vre \u00e9s jelsz\u00f3ra t\u00f6rt\u00e9n\u0151 alkalmaz\u00e1s\u00e1val kapunk. Ennek c\u00e9lja, hogy a bevitt \u00e9rt\u00e9kek biztons\u00e1gosak legyenek, \u00e9s senki ne f\u00e9rhessen hozz\u00e1 ezekhez az adatokhoz a cookie-kon kereszt\u00fcl.<\/li><li>A WordPress be\u00e1ll\u00edt egy cookie-t is <strong>\u201ewordpress_test_cookie\u201c<\/strong>, amelyet a WordPress \u00fagy \u00e1ll\u00edt be, hogy ellen\u0151rizze, hogy a cookie-k enged\u00e9lyezve vannak-e a b\u00f6ng\u00e9sz\u0151ben a megfelel\u0151 felhaszn\u00e1l\u00f3i \u00e9lm\u00e9ny biztos\u00edt\u00e1sa \u00e9rdek\u00e9ben.<\/li><li>A cookie <strong>wp-settings-{time}-[UID] <\/strong>a rendszergazdai fel\u00fclet \u00e9s a webhely kezel\u0151fel\u00fclet\u00e9nek n\u00e9zet\u00e9nek testreszab\u00e1s\u00e1ra szolg\u00e1l. Az [UID] \u00e1ltal k\u00e9pviselt \u00e9rt\u00e9k a felhaszn\u00e1l\u00f3 egyedi felhaszn\u00e1l\u00f3i azonos\u00edt\u00f3ja, amely hozz\u00e1 van rendelve a felhaszn\u00e1l\u00f3i adatb\u00e1zis t\u00e1bl\u00e1j\u00e1ban.<\/li><li>A WordPress a k\u00f6vetkez\u0151 cookie-t haszn\u00e1lja: <strong>\u201ewordpress_[hash]\u201c<\/strong>hogy bejelentkez\u00e9skor mentse a hiteles\u00edt\u00e9si adatokat. A hiteles\u00edt\u00e9si adatok k\u00f6z\u00e9 tartozik a felhaszn\u00e1l\u00f3n\u00e9v \u00e9s a jelsz\u00f3 dupla kivonatolt m\u00e1solata. A cookie-k haszn\u00e1lata a Kezel\u0151i konzol ter\u00fclet\u00e9re, a webhely h\u00e1tt\u00e9r-ir\u00e1ny\u00edt\u00f3pultj\u00e1ra korl\u00e1toz\u00f3dik. Nem l\u00e1that\u00f3 a weboldal frontendj\u00e9n, m\u00e9g akkor sem, ha be van jelentkezve.<\/li><\/ul>\t\t\t\t\t\t\t\t<\/div>\n\t\t\t\t<\/div>\n\t\t\t\t\t<\/div>\n\t\t\t\t<\/div>\n\t\t\t\t<\/div>","protected":false},"excerpt":{"rendered":"<p>Hier finden Sie eine \u00dcbersicht \u00fcber alle verwendeten Cookies. Sie k\u00f6nnen Ihre Einwilligung zu ganzen Kategorien geben oder sich weitere Informationen anzeigen lassen und so nur bestimmte Cookies ausw\u00e4hlen. Cookies sind kleine Textdateien, die dazu dienen, Informationen im Browser eines Benutzers zu speichern. Cookies werden f\u00fcr verschiedene Zwecke gespeichert, z. B. zur Gew\u00e4hrleistung der Sicherheit, [&hellip;]<\/p>","protected":false},"author":1,"featured_media":0,"parent":0,"menu_order":0,"comment_status":"closed","ping_status":"closed","template":"","meta":{"site-sidebar-layout":"no-sidebar","site-content-layout":"page-builder","ast-site-content-layout":"full-width-container","site-content-style":"default","site-sidebar-style":"default","ast-global-header-display":"","ast-banner-title-visibility":"","ast-main-header-display":"","ast-hfb-above-header-display":"","ast-hfb-below-header-display":"","ast-hfb-mobile-header-display":"","site-post-title":"disabled","ast-breadcrumbs-content":"","ast-featured-img":"disabled","footer-sml-layout":"","theme-transparent-header-meta":"","adv-header-id-meta":"","stick-header-meta":"","header-above-stick-meta":"","header-main-stick-meta":"","header-below-stick-meta":"","astra-migrate-meta-layouts":"set","ast-page-background-enabled":"default","ast-page-background-meta":{"desktop":{"background-color":"","background-image":"","background-repeat":"repeat","background-position":"center center","background-size":"auto","background-attachment":"scroll","background-type":"","background-media":"","overlay-type":"","overlay-color":"","overlay-gradient":""},"tablet":{"background-color":"","background-image":"","background-repeat":"repeat","background-position":"center center","background-size":"auto","background-attachment":"scroll","background-type":"","background-media":"","overlay-type":"","overlay-color":"","overlay-gradient":""},"mobile":{"background-color":"","background-image":"","background-repeat":"repeat","background-position":"center center","background-size":"auto","background-attachment":"scroll","background-type":"","background-media":"","overlay-type":"","overlay-color":"","overlay-gradient":""}},"ast-content-background-meta":{"desktop":{"background-color":"var(--ast-global-color-5)","background-image":"","background-repeat":"repeat","background-position":"center center","background-size":"auto","background-attachment":"scroll","background-type":"","background-media":"","overlay-type":"","overlay-color":"","overlay-gradient":""},"tablet":{"background-color":"var(--ast-global-color-5)","background-image":"","background-repeat":"repeat","background-position":"center center","background-size":"auto","background-attachment":"scroll","background-type":"","background-media":"","overlay-type":"","overlay-color":"","overlay-gradient":""},"mobile":{"background-color":"var(--ast-global-color-5)","background-image":"","background-repeat":"repeat","background-position":"center center","background-size":"auto","background-attachment":"scroll","background-type":"","background-media":"","overlay-type":"","overlay-color":"","overlay-gradient":""}},"footnotes":""},"class_list":["post-2843","page","type-page","status-publish","hentry"],"_links":{"self":[{"href":"https:\/\/nabawebdesign.com\/hu\/wp-json\/wp\/v2\/pages\/2843","targetHints":{"allow":["GET"]}}],"collection":[{"href":"https:\/\/nabawebdesign.com\/hu\/wp-json\/wp\/v2\/pages"}],"about":[{"href":"https:\/\/nabawebdesign.com\/hu\/wp-json\/wp\/v2\/types\/page"}],"author":[{"embeddable":true,"href":"https:\/\/nabawebdesign.com\/hu\/wp-json\/wp\/v2\/users\/1"}],"replies":[{"embeddable":true,"href":"https:\/\/nabawebdesign.com\/hu\/wp-json\/wp\/v2\/comments?post=2843"}],"version-history":[{"count":0,"href":"https:\/\/nabawebdesign.com\/hu\/wp-json\/wp\/v2\/pages\/2843\/revisions"}],"wp:attachment":[{"href":"https:\/\/nabawebdesign.com\/hu\/wp-json\/wp\/v2\/media?parent=2843"}],"curies":[{"name":"wp","href":"https:\/\/api.w.org\/{rel}","templated":true}]}}