{"id":2839,"date":"2024-06-21T17:15:25","date_gmt":"2024-06-21T15:15:25","guid":{"rendered":"https:\/\/nabawebdesign.com\/?page_id=2839"},"modified":"2025-10-02T16:20:19","modified_gmt":"2025-10-02T14:20:19","slug":"impressum","status":"publish","type":"page","link":"https:\/\/nabawebdesign.com\/hu\/impressum\/","title":{"rendered":"Impresszum"},"content":{"rendered":"<div data-elementor-type=\"wp-page\" data-elementor-id=\"2839\" class=\"elementor elementor-2839\">\n\t\t\t\t<div class=\"elementor-element elementor-element-45218ba e-flex e-con-boxed e-con e-parent\" data-id=\"45218ba\" data-element_type=\"container\">\n\t\t\t\t\t<div class=\"e-con-inner\">\n\t\t\t\t<div class=\"elementor-element elementor-element-fac14d9 elementor-widget elementor-widget-heading\" data-id=\"fac14d9\" data-element_type=\"widget\" data-widget_type=\"heading.default\">\n\t\t\t\t<div class=\"elementor-widget-container\">\n\t\t\t\t\t<h2 class=\"elementor-heading-title elementor-size-default\">Impresszum<\/h2>\t\t\t\t<\/div>\n\t\t\t\t<\/div>\n\t\t\t\t<div class=\"elementor-element elementor-element-12fab77 elementor-widget elementor-widget-text-editor\" data-id=\"12fab77\" data-element_type=\"widget\" data-widget_type=\"text-editor.default\">\n\t\t\t\t<div class=\"elementor-widget-container\">\n\t\t\t\t\t\t\t\t\t<p>BAL-INTEX-BALINT B\u00fatoripari Kft<br \/>Magyarorsz\u00e1g<br \/>8400<br \/>Ajka<br \/>Katona J\u00f3zsef utca 6.<\/p><p><strong>Kapcsolat<\/strong><br \/>Telefon:+36 30 435 6386<br \/>E-Mail: <a href=\"mailto:info@nabawebdesign.com\">info@nabawebdesign.com<\/a><\/p><p><strong>Vitarendez\u00e9s<\/strong><br \/>Az Eur\u00f3pai Bizotts\u00e1g platformot biztos\u00edt az online vitarendez\u00e9shez (OS): https:\/\/ec.europa.eu\/consumers\/odr.<br \/>E-mail c\u00edm\u00fcnket a fenti kapcsolatok r\u00e9szben tal\u00e1lja.<br \/>Nem vagyunk  k\u00f6telesek r\u00e9szt venni a fogyaszt\u00f3i v\u00e1lasztottb\u00edr\u00f3s\u00e1g el\u0151tti vitarendez\u00e9si elj\u00e1r\u00e1sokban.<\/p>\t\t\t\t\t\t\t\t<\/div>\n\t\t\t\t<\/div>\n\t\t\t\t\t<\/div>\n\t\t\t\t<\/div>\n\t\t\t\t<\/div>","protected":false},"excerpt":{"rendered":"<p>Impressum BAL-INTEX-BALINT B\u00fatoripari KftUngarn8400AjkaKatona J\u00f3zsef Strasse 6 KontaktTelefon:+36 30 435 6386E-Mail: info@nabawebdesign.com StreitschlichtungDie Europ\u00e4ische Kommission stellt eine Plattform zur Online-Streitbeilegung (OS) bereit: https:\/\/ec.europa.eu\/consumers\/odr.Unsere E-Mail-Adresse finden Sie oben im Impressum.Wir sind nicht bereit oder verpflichtet, an Streitbeilegungsverfahren vor einer Verbraucherschlichtungsstelle teilzunehmen.<\/p>","protected":false},"author":1,"featured_media":0,"parent":0,"menu_order":0,"comment_status":"closed","ping_status":"closed","template":"","meta":{"site-sidebar-layout":"no-sidebar","site-content-layout":"page-builder","ast-site-content-layout":"full-width-container","site-content-style":"default","site-sidebar-style":"default","ast-global-header-display":"","ast-banner-title-visibility":"","ast-main-header-display":"","ast-hfb-above-header-display":"","ast-hfb-below-header-display":"","ast-hfb-mobile-header-display":"","site-post-title":"disabled","ast-breadcrumbs-content":"","ast-featured-img":"disabled","footer-sml-layout":"","theme-transparent-header-meta":"","adv-header-id-meta":"","stick-header-meta":"","header-above-stick-meta":"","header-main-stick-meta":"","header-below-stick-meta":"","astra-migrate-meta-layouts":"set","ast-page-background-enabled":"default","ast-page-background-meta":{"desktop":{"background-color":"","background-image":"","background-repeat":"repeat","background-position":"center center","background-size":"auto","background-attachment":"scroll","background-type":"","background-media":"","overlay-type":"","overlay-color":"","overlay-gradient":""},"tablet":{"background-color":"","background-image":"","background-repeat":"repeat","background-position":"center center","background-size":"auto","background-attachment":"scroll","background-type":"","background-media":"","overlay-type":"","overlay-color":"","overlay-gradient":""},"mobile":{"background-color":"","background-image":"","background-repeat":"repeat","background-position":"center center","background-size":"auto","background-attachment":"scroll","background-type":"","background-media":"","overlay-type":"","overlay-color":"","overlay-gradient":""}},"ast-content-background-meta":{"desktop":{"background-color":"var(--ast-global-color-5)","background-image":"","background-repeat":"repeat","background-position":"center center","background-size":"auto","background-attachment":"scroll","background-type":"","background-media":"","overlay-type":"","overlay-color":"","overlay-gradient":""},"tablet":{"background-color":"var(--ast-global-color-5)","background-image":"","background-repeat":"repeat","background-position":"center center","background-size":"auto","background-attachment":"scroll","background-type":"","background-media":"","overlay-type":"","overlay-color":"","overlay-gradient":""},"mobile":{"background-color":"var(--ast-global-color-5)","background-image":"","background-repeat":"repeat","background-position":"center center","background-size":"auto","background-attachment":"scroll","background-type":"","background-media":"","overlay-type":"","overlay-color":"","overlay-gradient":""}},"footnotes":""},"class_list":["post-2839","page","type-page","status-publish","hentry"],"_links":{"self":[{"href":"https:\/\/nabawebdesign.com\/hu\/wp-json\/wp\/v2\/pages\/2839","targetHints":{"allow":["GET"]}}],"collection":[{"href":"https:\/\/nabawebdesign.com\/hu\/wp-json\/wp\/v2\/pages"}],"about":[{"href":"https:\/\/nabawebdesign.com\/hu\/wp-json\/wp\/v2\/types\/page"}],"author":[{"embeddable":true,"href":"https:\/\/nabawebdesign.com\/hu\/wp-json\/wp\/v2\/users\/1"}],"replies":[{"embeddable":true,"href":"https:\/\/nabawebdesign.com\/hu\/wp-json\/wp\/v2\/comments?post=2839"}],"version-history":[{"count":0,"href":"https:\/\/nabawebdesign.com\/hu\/wp-json\/wp\/v2\/pages\/2839\/revisions"}],"wp:attachment":[{"href":"https:\/\/nabawebdesign.com\/hu\/wp-json\/wp\/v2\/media?parent=2839"}],"curies":[{"name":"wp","href":"https:\/\/api.w.org\/{rel}","templated":true}]}}