{"id":27,"date":"2024-03-12T17:34:19","date_gmt":"2024-03-12T16:34:19","guid":{"rendered":"https:\/\/nabawebdesign.com\/?page_id=27"},"modified":"2025-10-01T15:12:48","modified_gmt":"2025-10-01T13:12:48","slug":"digitales-marketingmaterials","status":"publish","type":"page","link":"https:\/\/nabawebdesign.com\/hu\/dienstleistungen\/marketing-materials\/digitales-marketingmaterials\/","title":{"rendered":"Digit\u00e1lis marketinganyagok"},"content":{"rendered":"<div data-elementor-type=\"wp-page\" data-elementor-id=\"27\" class=\"elementor elementor-27\">\n\t\t\t\t\t\t<section class=\"elementor-section elementor-top-section elementor-element elementor-element-3578cf72 elementor-section-boxed elementor-section-height-default elementor-section-height-default\" data-id=\"3578cf72\" data-element_type=\"section\" data-settings=\"{&quot;background_background&quot;:&quot;classic&quot;}\">\n\t\t\t\t\t\t<div class=\"elementor-container elementor-column-gap-no\">\n\t\t\t\t\t<div class=\"elementor-column elementor-col-100 elementor-top-column elementor-element elementor-element-292e1364\" data-id=\"292e1364\" data-element_type=\"column\">\n\t\t\t<div class=\"elementor-widget-wrap elementor-element-populated\">\n\t\t\t\t\t\t<div class=\"elementor-element elementor-element-38f5c8ab elementor-widget elementor-widget-heading\" data-id=\"38f5c8ab\" data-element_type=\"widget\" data-widget_type=\"heading.default\">\n\t\t\t\t<div class=\"elementor-widget-container\">\n\t\t\t\t\t<h2 class=\"elementor-heading-title elementor-size-default\">Online marketinganyagok<\/h2>\t\t\t\t<\/div>\n\t\t\t\t<\/div>\n\t\t\t\t<div class=\"elementor-element elementor-element-9a6ab6d elementor-widget elementor-widget-text-editor\" data-id=\"9a6ab6d\" data-element_type=\"widget\" data-widget_type=\"text-editor.default\">\n\t\t\t\t<div class=\"elementor-widget-container\">\n\t\t\t\t\t\t\t\t\t<p>Szerezz t\u00f6bb \u00fcgyfelet: Hat\u00e9kony online marketing v\u00e1llalkoz\u00e1sod sz\u00e1m\u00e1ra!<\/p>\t\t\t\t\t\t\t\t<\/div>\n\t\t\t\t<\/div>\n\t\t\t\t<section class=\"elementor-section elementor-inner-section elementor-element elementor-element-3ad9515c elementor-section-content-middle elementor-section-boxed elementor-section-height-default elementor-section-height-default\" data-id=\"3ad9515c\" data-element_type=\"section\" data-settings=\"{&quot;background_background&quot;:&quot;classic&quot;}\">\n\t\t\t\t\t\t<div class=\"elementor-container elementor-column-gap-no\">\n\t\t\t\t\t<div class=\"elementor-column elementor-col-66 elementor-inner-column elementor-element elementor-element-36b3cad1\" data-id=\"36b3cad1\" data-element_type=\"column\">\n\t\t\t<div class=\"elementor-widget-wrap elementor-element-populated\">\n\t\t\t\t\t\t<div class=\"elementor-element elementor-element-45bee1d elementor-widget elementor-widget-image\" data-id=\"45bee1d\" data-element_type=\"widget\" data-widget_type=\"image.default\">\n\t\t\t\t<div class=\"elementor-widget-container\">\n\t\t\t\t\t\t\t\t\t\t\t\t\t\t\t<img fetchpriority=\"high\" decoding=\"async\" width=\"1024\" height=\"682\" src=\"https:\/\/nabawebdesign.com\/wp-content\/uploads\/2025\/09\/light-3468253_1280-1024x682.webp\" class=\"attachment-large size-large wp-image-4346\" alt=\"\" srcset=\"https:\/\/nabawebdesign.com\/wp-content\/uploads\/2025\/09\/light-3468253_1280-1024x682.webp 1024w, https:\/\/nabawebdesign.com\/wp-content\/uploads\/2025\/09\/light-3468253_1280-300x200.webp 300w, https:\/\/nabawebdesign.com\/wp-content\/uploads\/2025\/09\/light-3468253_1280-768x512.webp 768w, https:\/\/nabawebdesign.com\/wp-content\/uploads\/2025\/09\/light-3468253_1280-18x12.webp 18w, https:\/\/nabawebdesign.com\/wp-content\/uploads\/2025\/09\/light-3468253_1280.webp 1280w\" sizes=\"(max-width: 1024px) 100vw, 1024px\" \/>\t\t\t\t\t\t\t\t\t\t\t\t\t\t\t<\/div>\n\t\t\t\t<\/div>\n\t\t\t\t\t<\/div>\n\t\t<\/div>\n\t\t\t\t<div class=\"elementor-column elementor-col-33 elementor-inner-column elementor-element elementor-element-562ccdc2\" data-id=\"562ccdc2\" data-element_type=\"column\" data-settings=\"{&quot;background_background&quot;:&quot;classic&quot;}\">\n\t\t\t<div class=\"elementor-widget-wrap elementor-element-populated\">\n\t\t\t\t\t\t<div class=\"elementor-element elementor-element-b351a1 elementor-widget elementor-widget-heading\" data-id=\"b351a1\" data-element_type=\"widget\" data-widget_type=\"heading.default\">\n\t\t\t\t<div class=\"elementor-widget-container\">\n\t\t\t\t\t<h3 class=\"elementor-heading-title elementor-size-default\">Digit\u00e1lis marketing-anyagok<\/h3>\t\t\t\t<\/div>\n\t\t\t\t<\/div>\n\t\t\t\t<div class=\"elementor-element elementor-element-3255f832 elementor-widget-divider--view-line elementor-widget elementor-widget-divider\" data-id=\"3255f832\" data-element_type=\"widget\" data-widget_type=\"divider.default\">\n\t\t\t\t<div class=\"elementor-widget-container\">\n\t\t\t\t\t\t\t<div class=\"elementor-divider\">\n\t\t\t<span class=\"elementor-divider-separator\">\n\t\t\t\t\t\t<\/span>\n\t\t<\/div>\n\t\t\t\t\t\t<\/div>\n\t\t\t\t<\/div>\n\t\t\t\t<div class=\"elementor-element elementor-element-7d4957d0 elementor-widget elementor-widget-text-editor\" data-id=\"7d4957d0\" data-element_type=\"widget\" data-widget_type=\"text-editor.default\">\n\t\t\t\t<div class=\"elementor-widget-container\">\n\t\t\t\t\t\t\t\t\tA digit\u00e1lis marketinganyagokat egy m\u00e1rka online jelenl\u00e9t\u00e9nek megteremt\u00e9s\u00e9re haszn\u00e1lj\u00e1k. Ez az els\u0151, amit a potenci\u00e1lis \u00fcgyfelek l\u00e1tnak, amikor felkeresik egy v\u00e1llalat webhely\u00e9t vagy k\u00f6z\u00f6ss\u00e9gi m\u00e9dia profilj\u00e1t. Ezek az anyagok lehetnek blogbejegyz\u00e9sek, k\u00f6z\u00f6ss\u00e9gi m\u00e9dia bejegyz\u00e9sek, e-mailek, h\u00edrlevelek, portf\u00f3li\u00f3k, bros\u00far\u00e1k \u00e9s online katal\u00f3gusok.\t\t\t\t\t\t\t\t<\/div>\n\t\t\t\t<\/div>\n\t\t\t\t<div class=\"elementor-element elementor-element-3797b3bb elementor-align-center elementor-widget elementor-widget-button\" data-id=\"3797b3bb\" data-element_type=\"widget\" data-widget_type=\"button.default\">\n\t\t\t\t<div class=\"elementor-widget-container\">\n\t\t\t\t\t\t\t\t\t<div class=\"elementor-button-wrapper\">\n\t\t\t\t\t<a class=\"elementor-button elementor-button-link elementor-size-sm\" href=\"https:\/\/nabawebdesign.com\/hu\/contact\/\">\n\t\t\t\t\t\t<span class=\"elementor-button-content-wrapper\">\n\t\t\t\t\t\t\t\t\t<span class=\"elementor-button-text\">Kapcsolat<\/span>\n\t\t\t\t\t<\/span>\n\t\t\t\t\t<\/a>\n\t\t\t\t<\/div>\n\t\t\t\t\t\t\t\t<\/div>\n\t\t\t\t<\/div>\n\t\t\t\t\t<\/div>\n\t\t<\/div>\n\t\t\t\t\t<\/div>\n\t\t<\/section>\n\t\t\t\t\t<\/div>\n\t\t<\/div>\n\t\t\t\t\t<\/div>\n\t\t<\/section>\n\t\t<div class=\"elementor-element elementor-element-460aba97 e-flex e-con-boxed e-con e-parent\" data-id=\"460aba97\" data-element_type=\"container\" data-settings=\"{&quot;background_background&quot;:&quot;classic&quot;}\">\n\t\t\t\t\t<div class=\"e-con-inner\">\n\t\t<div class=\"elementor-element elementor-element-40ec1949 e-con-full e-flex e-con e-child\" data-id=\"40ec1949\" data-element_type=\"container\">\n\t\t\t\t<div class=\"elementor-element elementor-element-7bbd0f78 elementor-widget elementor-widget-image\" data-id=\"7bbd0f78\" data-element_type=\"widget\" data-widget_type=\"image.default\">\n\t\t\t\t<div class=\"elementor-widget-container\">\n\t\t\t\t\t\t\t\t\t\t\t\t\t\t\t<img decoding=\"async\" width=\"1024\" height=\"669\" src=\"https:\/\/nabawebdesign.com\/wp-content\/uploads\/2024\/05\/pexels-punchbrandstock-905163-1024x669.jpg\" class=\"attachment-large size-large wp-image-2069\" alt=\"\" srcset=\"https:\/\/nabawebdesign.com\/wp-content\/uploads\/2024\/05\/pexels-punchbrandstock-905163-1024x669.jpg 1024w, https:\/\/nabawebdesign.com\/wp-content\/uploads\/2024\/05\/pexels-punchbrandstock-905163-300x196.jpg 300w, https:\/\/nabawebdesign.com\/wp-content\/uploads\/2024\/05\/pexels-punchbrandstock-905163-768x502.jpg 768w, https:\/\/nabawebdesign.com\/wp-content\/uploads\/2024\/05\/pexels-punchbrandstock-905163-1536x1004.jpg 1536w, https:\/\/nabawebdesign.com\/wp-content\/uploads\/2024\/05\/pexels-punchbrandstock-905163-2048x1338.jpg 2048w, https:\/\/nabawebdesign.com\/wp-content\/uploads\/2024\/05\/pexels-punchbrandstock-905163-1320x862.jpg 1320w\" sizes=\"(max-width: 1024px) 100vw, 1024px\" \/>\t\t\t\t\t\t\t\t\t\t\t\t\t\t\t<\/div>\n\t\t\t\t<\/div>\n\t\t\t\t<\/div>\n\t\t<div class=\"elementor-element elementor-element-14f5693f e-con-full e-flex e-con e-child\" data-id=\"14f5693f\" data-element_type=\"container\">\n\t\t\t\t<div class=\"elementor-element elementor-element-6e1114e9 elementor-widget elementor-widget-heading\" data-id=\"6e1114e9\" data-element_type=\"widget\" data-widget_type=\"heading.default\">\n\t\t\t\t<div class=\"elementor-widget-container\">\n\t\t\t\t\t<h2 class=\"elementor-heading-title elementor-size-default\">Mik azok a digit\u00e1lis marketinganyagok?\n\n<\/h2>\t\t\t\t<\/div>\n\t\t\t\t<\/div>\n\t\t\t\t<div class=\"elementor-element elementor-element-4d6c1c37 elementor-widget elementor-widget-text-editor\" data-id=\"4d6c1c37\" data-element_type=\"widget\" data-widget_type=\"text-editor.default\">\n\t\t\t\t<div class=\"elementor-widget-container\">\n\t\t\t\t\t\t\t\t\t<p>Unter digitalen Marketingmaterialien versteht man jegliches Marketing im digitalen Format. Dazu k\u00f6nnen Website-Bannerwerbung, Social-Media-Beitr\u00e4ge, E-Mail-Marketingkampagnen und sogar einige digitale Beschilderungen geh\u00f6ren.<\/p><p>A digit\u00e1lis marketinganyagok haszn\u00e1lat\u00e1val a v\u00e1llalatok k\u00f6nnyebben c\u00e9lozhatj\u00e1k marketing tev\u00e9kenys\u00e9geiket meghat\u00e1rozott k\u00f6z\u00f6ns\u00e9gekhez, \u00e9s nyomon k\u00f6vethetik kamp\u00e1nyaik eredm\u00e9nyeit.<\/p><p>Dar\u00fcber hinaus k\u00f6nnen digitale Marketingmaterialien schneller und einfacher aktualisiert werden als herk\u00f6mmliches Marketing, was sie ideal f\u00fcr Unternehmen macht, die ihre Marketingstrategie h\u00e4ufig \u00e4ndern m\u00fcssen. Insgesamt bieten digitale Marketingmaterialien f\u00fcr Unternehmen mehrere Vorteile gegen\u00fcber herk\u00f6mmlichen Marketingmaterialien und sind ein wesentlicher Bestandteil jeder erfolgreichen Marketingkampagne.<\/p>\t\t\t\t\t\t\t\t<\/div>\n\t\t\t\t<\/div>\n\t\t\t\t<\/div>\n\t\t\t\t\t<\/div>\n\t\t\t\t<\/div>\n\t\t<div class=\"elementor-element elementor-element-592cda2d e-flex e-con-boxed e-con e-parent\" data-id=\"592cda2d\" data-element_type=\"container\" id=\"xs_pricing_6\" data-settings=\"{&quot;background_background&quot;:&quot;classic&quot;}\">\n\t\t\t\t\t<div class=\"e-con-inner\">\n\t\t\t\t<div class=\"elementor-element elementor-element-2f8399ad elementor-widget elementor-widget-elementskit-heading\" data-id=\"2f8399ad\" data-element_type=\"widget\" data-widget_type=\"elementskit-heading.default\">\n\t\t\t\t<div class=\"elementor-widget-container\">\n\t\t\t\t\t<div class=\"ekit-wid-con\" ><div class=\"ekit-heading elementskit-section-title-wraper center   ekit_heading_tablet-   ekit_heading_mobile-\"><h2 class=\"ekit-heading--title elementskit-section-title\">Digit\u00e1lis marketing csomagjaink<\/h2>\t\t\t\t<div class='ekit-heading__description'>\n\t\t\t\t\t<p>V\u00e1laszd ki a v\u00e1llalkoz\u00e1sodhoz legjobban ill\u0151 csomagot, \u00e9s \u00e9lvezd a profi k\u00f6z\u00f6ss\u00e9gi m\u00e9dia tartalmak, blogbejegyz\u00e9sek \u00e9s m\u00e9g sok m\u00e1s el\u0151nyeit \u2013 mindezt egyedileg, megb\u00edzhat\u00f3an \u00e9s \u00e1tl\u00e1that\u00f3an!<\/p>\n<p><strong>K\u00e9r\u00e9sedre sz\u00edvesen k\u00e9sz\u00edt\u00fcnk sz\u00e1modra egy teljesen szem\u00e9lyre szabott, egy\u00e9ni aj\u00e1nlatot is.<\/strong><\/p>\n\t\t\t\t<\/div>\n\t\t\t<div class=\"ekit_heading_separetor_wraper ekit_heading_elementskit-border-divider ekit-dotted\"><div class=\"elementskit-border-divider ekit-dotted\"><\/div><\/div><\/div><\/div>\t\t\t\t<\/div>\n\t\t\t\t<\/div>\n\t\t<div class=\"elementor-element elementor-element-46efe508 e-con-full e-grid e-con e-child\" data-id=\"46efe508\" data-element_type=\"container\">\n\t\t\t\t<div class=\"elementor-element elementor-element-5dd9f16b elementor-widget elementor-widget-elementskit-pricing\" data-id=\"5dd9f16b\" data-element_type=\"widget\" data-widget_type=\"elementskit-pricing.default\">\n\t\t\t\t<div class=\"elementor-widget-container\">\n\t\t\t\t\t<div class=\"ekit-wid-con\" >\n\n        <div class=\"elementskit-single-pricing\" >\n            <div class=\"elementskit-pricing-header\">\n\t\t\t\t\t\t\t\t\n\t\t\t\t                \t<h3\t\t\t\t\tclass=\"elementskit-pricing-title\">Alap csomag\t\t\t\t\t<\/h3>\n\t\t\t\t\t\t\t\t            <\/div>\n\t\t\t            <div class=\"elementskit-pricing-price-wraper has-tag\">\n                <div class=\"elementskit-pricing-tag\"><\/div>\n                <span class=\"elementskit-pricing-price\">\n\t\t\t\t\t\t\t\t\t\t\t<sup class=\"currency\">\u20ac<\/sup>\n\t\t\t\t\t\t\t\t\t\t<span>120<\/span>\n\t\t\t\t\t\n\t\t\t\t\t\t\t\t\t\t<sub class=\"period\">h\u00f3<\/sub>\n\t\t\t\t\t\t\t\t\t<\/span>\n            <\/div>\n\t\t\t            <div class=\"elementskit-pricing-content\">\n\n                                                    <ul class=\"elementskit-pricing-lists\">\n                        \t\t\t\t\t\t\t<li class=\"elementor-repeater-item-524a2ba\">\n\t\t\t\t\t\t\t\t\t\t\t\t\t\t\t\t\n\t\t\t\t\t\t\t\t3 k\u00f6z\u00f6ss\u00e9gi m\u00e9dia poszt havonta (Facebook vagy Instagram)\t\t\t\t\t\t\t\t\n\t\t\t\t\t\t\t\t\t\t\t\t\t\t\t<\/li>\n                        \t\t\t\t\t\t\t<li class=\"elementor-repeater-item-e35a6d3\">\n\t\t\t\t\t\t\t\t\t\t\t\t\t\t\t\t\n\t\t\t\t\t\t\t\tHavonta 1 egyedi Story design Instagramra vagy Facebookra\t\t\t\t\t\t\t\t\n\t\t\t\t\t\t\t\t\t\t\t\t\t\t\t<\/li>\n                        \t\t\t\t\t\t\t<li class=\"elementor-repeater-item-b297ebc\">\n\t\t\t\t\t\t\t\t\t\t\t\t\t\t\t\t\n\t\t\t\t\t\t\t\t1 h\u00edrlev\u00e9l terv \u00e9vente\t\t\t\t\t\t\t\t\n\t\t\t\t\t\t\t\t\t\t\t\t\t\t\t<\/li>\n                        \t\t\t\t\t\t\t<li class=\"elementor-repeater-item-f9e961c\">\n\t\t\t\t\t\t\t\t\t\t\t\t\t\t\t\t\n\t\t\t\t\t\t\t\t1 k\u00f6z\u00f6ss\u00e9gi m\u00e9dia profil- vagy bor\u00edt\u00f3k\u00e9p \u00e9vente\t\t\t\t\t\t\t\t\n\t\t\t\t\t\t\t\t\t\t\t\t\t\t\t<\/li>\n                        \t\t\t\t\t\t\t<li class=\"elementor-repeater-item-99d9891\">\n\t\t\t\t\t\t\t\t\t\t\t\t\t\t\t\t\n\t\t\t\t\t\t\t\t+ aj\u00e1nd\u00e9k n\u00e9vjegyk\u00e1rtya terv<br>\n<br>\t\t\t\t\t\t\t\t\n\t\t\t\t\t\t\t\t\t\t\t\t\t\t\t<\/li>\n                                            <\/ul>\n                            <\/div>\n            <div class=\"elementskit-pricing-btn-wraper\">\n\t\t\t\t<a href=\"https:\/\/nabawebdesign.com\/hu\/contact\/\" class=\"elementskit-pricing-btn  ekit-pricing-btn-icon-pos-left\" >\n\t\t\t\t\tKapcsolat\t\t\t\t<\/a>\n            <\/div>\n        <\/div>\n\n    <\/div>\t\t\t\t<\/div>\n\t\t\t\t<\/div>\n\t\t\t\t<div class=\"elementor-element elementor-element-7130fce6 elementor-widget elementor-widget-elementskit-pricing\" data-id=\"7130fce6\" data-element_type=\"widget\" data-widget_type=\"elementskit-pricing.default\">\n\t\t\t\t<div class=\"elementor-widget-container\">\n\t\t\t\t\t<div class=\"ekit-wid-con\" >\n\n        <div class=\"elementskit-single-pricing\" >\n            <div class=\"elementskit-pricing-header\">\n\t\t\t\t\t\t\t\t\n\t\t\t\t                \t<h3\t\t\t\t\tclass=\"elementskit-pricing-title\">Halad\u00f3 csomag\t\t\t\t\t<\/h3>\n\t\t\t\t\t\t\t\t            <\/div>\n\t\t\t            <div class=\"elementskit-pricing-price-wraper has-tag\">\n                <div class=\"elementskit-pricing-tag\"><\/div>\n                <span class=\"elementskit-pricing-price\">\n\t\t\t\t\t\t\t\t\t\t\t<sup class=\"currency\">\u20ac<\/sup>\n\t\t\t\t\t\t\t\t\t\t<span>230<\/span>\n\t\t\t\t\t\n\t\t\t\t\t\t\t\t\t\t<sub class=\"period\">h\u00f3<\/sub>\n\t\t\t\t\t\t\t\t\t<\/span>\n            <\/div>\n\t\t\t            <div class=\"elementskit-pricing-content\">\n\n                                                    <ul class=\"elementskit-pricing-lists\">\n                        \t\t\t\t\t\t\t<li class=\"elementor-repeater-item-524a2ba\">\n\t\t\t\t\t\t\t\t\t\t\t\t\t\t\t\t\n\t\t\t\t\t\t\t\tHavi 6 k\u00f6z\u00f6ss\u00e9gi m\u00e9dia bejegyz\u00e9s( Facebook  vagy Instagram)\t\t\t\t\t\t\t\t\n\t\t\t\t\t\t\t\t\t\t\t\t\t\t\t<\/li>\n                        \t\t\t\t\t\t\t<li class=\"elementor-repeater-item-4d6ce20\">\n\t\t\t\t\t\t\t\t\t\t\t\t\t\t\t\t\n\t\t\t\t\t\t\t\tHavonta 2 Story design Facebookra vagy instagramra\t\t\t\t\t\t\t\t\n\t\t\t\t\t\t\t\t\t\t\t\t\t\t\t<\/li>\n                        \t\t\t\t\t\t\t<li class=\"elementor-repeater-item-14baa04\">\n\t\t\t\t\t\t\t\t\t\t\t\t\t\t\t\t\n\t\t\t\t\t\t\t\t1 h\u00edrlev\u00e9l terv havonta\t\t\t\t\t\t\t\t\n\t\t\t\t\t\t\t\t\t\t\t\t\t\t\t<\/li>\n                        \t\t\t\t\t\t\t<li class=\"elementor-repeater-item-04cbf73\">\n\t\t\t\t\t\t\t\t\t\t\t\t\t\t\t\t\n\t\t\t\t\t\t\t\t1 k\u00f6z\u00f6ss\u00e9gi m\u00e9dia profil- vagy bor\u00edt\u00f3k\u00e9p negyed\u00e9vente\t\t\t\t\t\t\t\t\n\t\t\t\t\t\t\t\t\t\t\t\t\t\t\t<\/li>\n                        \t\t\t\t\t\t\t<li class=\"elementor-repeater-item-61572a8\">\n\t\t\t\t\t\t\t\t\t\t\t\t\t\t\t\t\n\t\t\t\t\t\t\t\tHavi 1 blogbejegyz\u00e9s\t\t\t\t\t\t\t\t\n\t\t\t\t\t\t\t\t\t\t\t\t\t\t\t<\/li>\n                                            <\/ul>\n                            <\/div>\n            <div class=\"elementskit-pricing-btn-wraper\">\n\t\t\t\t<a href=\"https:\/\/nabawebdesign.com\/hu\/contact\/\" class=\"elementskit-pricing-btn  ekit-pricing-btn-icon-pos-left\" >\n\t\t\t\t\tKapcsolat\t\t\t\t<\/a>\n            <\/div>\n        <\/div>\n\n    <\/div>\t\t\t\t<\/div>\n\t\t\t\t<\/div>\n\t\t\t\t<div class=\"elementor-element elementor-element-2fc5d809 elementor-widget elementor-widget-elementskit-pricing\" data-id=\"2fc5d809\" data-element_type=\"widget\" data-widget_type=\"elementskit-pricing.default\">\n\t\t\t\t<div class=\"elementor-widget-container\">\n\t\t\t\t\t<div class=\"ekit-wid-con\" >\n\n        <div class=\"elementskit-single-pricing\" >\n            <div class=\"elementskit-pricing-header\">\n\t\t\t\t\t\t\t\t\n\t\t\t\t                \t<h3\t\t\t\t\tclass=\"elementskit-pricing-title\">Pr\u00e9mium csomag\t\t\t\t\t<\/h3>\n\t\t\t\t\t\t\t\t            <\/div>\n\t\t\t            <div class=\"elementskit-pricing-price-wraper has-tag\">\n                <div class=\"elementskit-pricing-tag\"><\/div>\n                <span class=\"elementskit-pricing-price\">\n\t\t\t\t\t\t\t\t\t\t\t<sup class=\"currency\">\u20ac<\/sup>\n\t\t\t\t\t\t\t\t\t\t<span>400<\/span>\n\t\t\t\t\t\n\t\t\t\t\t\t\t\t\t\t<sub class=\"period\">h\u00f3<\/sub>\n\t\t\t\t\t\t\t\t\t<\/span>\n            <\/div>\n\t\t\t            <div class=\"elementskit-pricing-content\">\n\n                                                    <ul class=\"elementskit-pricing-lists\">\n                        \t\t\t\t\t\t\t<li class=\"elementor-repeater-item-524a2ba\">\n\t\t\t\t\t\t\t\t\t\t\t\t\t\t\t\t\n\t\t\t\t\t\t\t\tHavi 12 k\u00f6z\u00f6ss\u00e9gi m\u00e9dia bejegyz\u00e9s( Facebook  vagy Instagram)\t\t\t\t\t\t\t\t\n\t\t\t\t\t\t\t\t\t\t\t\t\t\t\t<\/li>\n                        \t\t\t\t\t\t\t<li class=\"elementor-repeater-item-61572a8\">\n\t\t\t\t\t\t\t\t\t\t\t\t\t\t\t\t\n\t\t\t\t\t\t\t\tHavonta 4 Story design Facebookra vagy instagramra\t\t\t\t\t\t\t\t\n\t\t\t\t\t\t\t\t\t\t\t\t\t\t\t<\/li>\n                        \t\t\t\t\t\t\t<li class=\"elementor-repeater-item-4d6ce20\">\n\t\t\t\t\t\t\t\t\t\t\t\t\t\t\t\t\n\t\t\t\t\t\t\t\t2 h\u00edrlev\u00e9l terv havonta\t\t\t\t\t\t\t\t\n\t\t\t\t\t\t\t\t\t\t\t\t\t\t\t<\/li>\n                        \t\t\t\t\t\t\t<li class=\"elementor-repeater-item-04cbf73\">\n\t\t\t\t\t\t\t\t\t\t\t\t\t\t\t\t\n\t\t\t\t\t\t\t\t1 k\u00f6z\u00f6ss\u00e9gi m\u00e9dia profil- vagy bor\u00edt\u00f3k\u00e9p havonta\t\t\t\t\t\t\t\t\n\t\t\t\t\t\t\t\t\t\t\t\t\t\t\t<\/li>\n                        \t\t\t\t\t\t\t<li class=\"elementor-repeater-item-14baa04\">\n\t\t\t\t\t\t\t\t\t\t\t\t\t\t\t\t\n\t\t\t\t\t\t\t\tHavi 2 blogbejegyz\u00e9s\t\t\t\t\t\t\t\t\n\t\t\t\t\t\t\t\t\t\t\t\t\t\t\t<\/li>\n                                            <\/ul>\n                            <\/div>\n            <div class=\"elementskit-pricing-btn-wraper\">\n\t\t\t\t<a href=\"https:\/\/nabawebdesign.com\/hu\/contact\/\" class=\"elementskit-pricing-btn  ekit-pricing-btn-icon-pos-left\" >\n\t\t\t\t\tKapcsolat\t\t\t\t<\/a>\n            <\/div>\n        <\/div>\n\n    <\/div>\t\t\t\t<\/div>\n\t\t\t\t<\/div>\n\t\t\t\t<\/div>\n\t\t\t\t\t<\/div>\n\t\t\t\t<\/div>\n\t\t\t\t<\/div>","protected":false},"excerpt":{"rendered":"<p>Online-Marketing Material Mehr Kunden gewinnen: Effektives Online-Marketing f\u00fcr dein Unternehmen! Digitale Marketing-materialen Digitale Marketingmaterialien werden verwendet, um die Online-Pr\u00e4senz einer Marke zu erstellen. Sie sind das Erste, was potenzielle Kunden sehen, wenn sie die Website eines Unternehmens besuchen. Diese Materialien k\u00f6nnen in Form von Blogbeitr\u00e4gen, Social-Media-Beitr\u00e4gen, E-Mails, Newslettern, Portfolios, Brosch\u00fcren und Online-Katalogen vorliegen. Kontakt Was [&hellip;]<\/p>","protected":false},"author":1,"featured_media":0,"parent":24,"menu_order":0,"comment_status":"closed","ping_status":"closed","template":"","meta":{"site-sidebar-layout":"no-sidebar","site-content-layout":"page-builder","ast-site-content-layout":"full-width-container","site-content-style":"unboxed","site-sidebar-style":"unboxed","ast-global-header-display":"","ast-banner-title-visibility":"","ast-main-header-display":"","ast-hfb-above-header-display":"","ast-hfb-below-header-display":"","ast-hfb-mobile-header-display":"","site-post-title":"disabled","ast-breadcrumbs-content":"","ast-featured-img":"disabled","footer-sml-layout":"","theme-transparent-header-meta":"","adv-header-id-meta":"","stick-header-meta":"","header-above-stick-meta":"","header-main-stick-meta":"","header-below-stick-meta":"","astra-migrate-meta-layouts":"set","ast-page-background-enabled":"default","ast-page-background-meta":{"desktop":{"background-color":"","background-image":"","background-repeat":"repeat","background-position":"center center","background-size":"auto","background-attachment":"scroll","background-type":"","background-media":"","overlay-type":"","overlay-color":"","overlay-gradient":""},"tablet":{"background-color":"","background-image":"","background-repeat":"repeat","background-position":"center center","background-size":"auto","background-attachment":"scroll","background-type":"","background-media":"","overlay-type":"","overlay-color":"","overlay-gradient":""},"mobile":{"background-color":"","background-image":"","background-repeat":"repeat","background-position":"center center","background-size":"auto","background-attachment":"scroll","background-type":"","background-media":"","overlay-type":"","overlay-color":"","overlay-gradient":""}},"ast-content-background-meta":{"desktop":{"background-color":"var(--ast-global-color-5)","background-image":"","background-repeat":"repeat","background-position":"center center","background-size":"auto","background-attachment":"scroll","background-type":"","background-media":"","overlay-type":"","overlay-color":"","overlay-gradient":""},"tablet":{"background-color":"var(--ast-global-color-5)","background-image":"","background-repeat":"repeat","background-position":"center center","background-size":"auto","background-attachment":"scroll","background-type":"","background-media":"","overlay-type":"","overlay-color":"","overlay-gradient":""},"mobile":{"background-color":"var(--ast-global-color-5)","background-image":"","background-repeat":"repeat","background-position":"center center","background-size":"auto","background-attachment":"scroll","background-type":"","background-media":"","overlay-type":"","overlay-color":"","overlay-gradient":""}},"footnotes":""},"class_list":["post-27","page","type-page","status-publish","hentry"],"_links":{"self":[{"href":"https:\/\/nabawebdesign.com\/hu\/wp-json\/wp\/v2\/pages\/27","targetHints":{"allow":["GET"]}}],"collection":[{"href":"https:\/\/nabawebdesign.com\/hu\/wp-json\/wp\/v2\/pages"}],"about":[{"href":"https:\/\/nabawebdesign.com\/hu\/wp-json\/wp\/v2\/types\/page"}],"author":[{"embeddable":true,"href":"https:\/\/nabawebdesign.com\/hu\/wp-json\/wp\/v2\/users\/1"}],"replies":[{"embeddable":true,"href":"https:\/\/nabawebdesign.com\/hu\/wp-json\/wp\/v2\/comments?post=27"}],"version-history":[{"count":0,"href":"https:\/\/nabawebdesign.com\/hu\/wp-json\/wp\/v2\/pages\/27\/revisions"}],"up":[{"embeddable":true,"href":"https:\/\/nabawebdesign.com\/hu\/wp-json\/wp\/v2\/pages\/24"}],"wp:attachment":[{"href":"https:\/\/nabawebdesign.com\/hu\/wp-json\/wp\/v2\/media?parent=27"}],"curies":[{"name":"wp","href":"https:\/\/api.w.org\/{rel}","templated":true}]}}