{"id":24,"date":"2024-03-12T17:31:50","date_gmt":"2024-03-12T16:31:50","guid":{"rendered":"https:\/\/nabawebdesign.com\/?page_id=24"},"modified":"2025-10-01T15:04:20","modified_gmt":"2025-10-01T13:04:20","slug":"marketing-materials","status":"publish","type":"page","link":"https:\/\/nabawebdesign.com\/hu\/dienstleistungen\/marketing-materials\/","title":{"rendered":"Marketinganyagok"},"content":{"rendered":"<div data-elementor-type=\"wp-page\" data-elementor-id=\"24\" class=\"elementor elementor-24\">\n\t\t\t\t\t\t<section class=\"elementor-section elementor-top-section elementor-element elementor-element-1eeca49f elementor-section-boxed elementor-section-height-default elementor-section-height-default\" data-id=\"1eeca49f\" data-element_type=\"section\" data-settings=\"{&quot;background_background&quot;:&quot;classic&quot;}\">\n\t\t\t\t\t\t<div class=\"elementor-container elementor-column-gap-no\">\n\t\t\t\t\t<div class=\"elementor-column elementor-col-100 elementor-top-column elementor-element elementor-element-156d2f2b\" data-id=\"156d2f2b\" data-element_type=\"column\" data-settings=\"{&quot;background_background&quot;:&quot;classic&quot;}\">\n\t\t\t<div class=\"elementor-widget-wrap elementor-element-populated\">\n\t\t\t\t\t\t<div class=\"elementor-element elementor-element-2cf8e2c1 elementor-widget elementor-widget-heading\" data-id=\"2cf8e2c1\" data-element_type=\"widget\" data-widget_type=\"heading.default\">\n\t\t\t\t<div class=\"elementor-widget-container\">\n\t\t\t\t\t<h2 class=\"elementor-heading-title elementor-size-default\">Marketinganyagok<\/h2>\t\t\t\t<\/div>\n\t\t\t\t<\/div>\n\t\t\t\t<div class=\"elementor-element elementor-element-14ecf746 elementor-widget elementor-widget-text-editor\" data-id=\"14ecf746\" data-element_type=\"widget\" data-widget_type=\"text-editor.default\">\n\t\t\t\t<div class=\"elementor-widget-container\">\n\t\t\t\t\t\t\t\t\t<p>A marketinganyagok n\u00e9lk\u00fcl\u00f6zhetetlenek a v\u00e1llalkoz\u00e1sok sz\u00e1m\u00e1ra, mert seg\u00edtenek a m\u00e1rka ismerts\u00e9g\u00e9nek n\u00f6vel\u00e9s\u00e9ben.<\/p>\t\t\t\t\t\t\t\t<\/div>\n\t\t\t\t<\/div>\n\t\t\t\t<section class=\"elementor-section elementor-inner-section elementor-element elementor-element-1a110592 elementor-section-content-middle elementor-section-boxed elementor-section-height-default elementor-section-height-default\" data-id=\"1a110592\" data-element_type=\"section\">\n\t\t\t\t\t\t<div class=\"elementor-container elementor-column-gap-no\">\n\t\t\t\t\t<div class=\"elementor-column elementor-col-66 elementor-inner-column elementor-element elementor-element-4747c8b\" data-id=\"4747c8b\" data-element_type=\"column\">\n\t\t\t<div class=\"elementor-widget-wrap elementor-element-populated\">\n\t\t\t\t\t\t<div class=\"elementor-element elementor-element-5728a853 elementor-widget elementor-widget-image\" data-id=\"5728a853\" data-element_type=\"widget\" data-widget_type=\"image.default\">\n\t\t\t\t<div class=\"elementor-widget-container\">\n\t\t\t\t\t\t\t\t\t\t\t\t\t\t\t<img fetchpriority=\"high\" decoding=\"async\" width=\"1024\" height=\"682\" src=\"https:\/\/nabawebdesign.com\/wp-content\/uploads\/2025\/09\/light-3468253_1280-1024x682.webp\" class=\"attachment-large size-large wp-image-4346\" alt=\"\" srcset=\"https:\/\/nabawebdesign.com\/wp-content\/uploads\/2025\/09\/light-3468253_1280-1024x682.webp 1024w, https:\/\/nabawebdesign.com\/wp-content\/uploads\/2025\/09\/light-3468253_1280-300x200.webp 300w, https:\/\/nabawebdesign.com\/wp-content\/uploads\/2025\/09\/light-3468253_1280-768x512.webp 768w, https:\/\/nabawebdesign.com\/wp-content\/uploads\/2025\/09\/light-3468253_1280-18x12.webp 18w, https:\/\/nabawebdesign.com\/wp-content\/uploads\/2025\/09\/light-3468253_1280.webp 1280w\" sizes=\"(max-width: 1024px) 100vw, 1024px\" \/>\t\t\t\t\t\t\t\t\t\t\t\t\t\t\t<\/div>\n\t\t\t\t<\/div>\n\t\t\t\t\t<\/div>\n\t\t<\/div>\n\t\t\t\t<div class=\"elementor-column elementor-col-33 elementor-inner-column elementor-element elementor-element-47deda17\" data-id=\"47deda17\" data-element_type=\"column\" data-settings=\"{&quot;background_background&quot;:&quot;classic&quot;}\">\n\t\t\t<div class=\"elementor-widget-wrap elementor-element-populated\">\n\t\t\t\t\t\t<div class=\"elementor-element elementor-element-1fb7fa13 elementor-widget elementor-widget-heading\" data-id=\"1fb7fa13\" data-element_type=\"widget\" data-widget_type=\"heading.default\">\n\t\t\t\t<div class=\"elementor-widget-container\">\n\t\t\t\t\t<h3 class=\"elementor-heading-title elementor-size-default\">Digit\u00e1lis marketing-anyagok<\/h3>\t\t\t\t<\/div>\n\t\t\t\t<\/div>\n\t\t\t\t<div class=\"elementor-element elementor-element-270f0938 elementor-widget-divider--view-line elementor-widget elementor-widget-divider\" data-id=\"270f0938\" data-element_type=\"widget\" data-widget_type=\"divider.default\">\n\t\t\t\t<div class=\"elementor-widget-container\">\n\t\t\t\t\t\t\t<div class=\"elementor-divider\">\n\t\t\t<span class=\"elementor-divider-separator\">\n\t\t\t\t\t\t<\/span>\n\t\t<\/div>\n\t\t\t\t\t\t<\/div>\n\t\t\t\t<\/div>\n\t\t\t\t<div class=\"elementor-element elementor-element-4f9a2771 elementor-widget elementor-widget-text-editor\" data-id=\"4f9a2771\" data-element_type=\"widget\" data-widget_type=\"text-editor.default\">\n\t\t\t\t<div class=\"elementor-widget-container\">\n\t\t\t\t\t\t\t\t\t<p>A digit\u00e1lis marketinganyagok haszn\u00e1lat\u00e1val a v\u00e1llalatok k\u00f6nnyebben c\u00e9lozhatj\u00e1k marketing tev\u00e9kenys\u00e9geiket meghat\u00e1rozott k\u00f6z\u00f6ns\u00e9gekhez, \u00e9s nyomon k\u00f6vethetik kamp\u00e1nyaik eredm\u00e9nyeit.<\/p>\t\t\t\t\t\t\t\t<\/div>\n\t\t\t\t<\/div>\n\t\t\t\t<div class=\"elementor-element elementor-element-3f999a7 elementor-align-center elementor-widget elementor-widget-button\" data-id=\"3f999a7\" data-element_type=\"widget\" data-widget_type=\"button.default\">\n\t\t\t\t<div class=\"elementor-widget-container\">\n\t\t\t\t\t\t\t\t\t<div class=\"elementor-button-wrapper\">\n\t\t\t\t\t<a class=\"elementor-button elementor-button-link elementor-size-sm\" href=\"https:\/\/nabawebdesign.com\/hu\/dienstleistungen\/marketing-materials\/digitales-marketingmaterials\/\">\n\t\t\t\t\t\t<span class=\"elementor-button-content-wrapper\">\n\t\t\t\t\t\t\t\t\t<span class=\"elementor-button-text\">Tov\u00e1bb<\/span>\n\t\t\t\t\t<\/span>\n\t\t\t\t\t<\/a>\n\t\t\t\t<\/div>\n\t\t\t\t\t\t\t\t<\/div>\n\t\t\t\t<\/div>\n\t\t\t\t\t<\/div>\n\t\t<\/div>\n\t\t\t\t\t<\/div>\n\t\t<\/section>\n\t\t\t\t<section class=\"elementor-section elementor-inner-section elementor-element elementor-element-60dcb374 elementor-section-content-middle elementor-reverse-tablet elementor-reverse-mobile elementor-section-boxed elementor-section-height-default elementor-section-height-default\" data-id=\"60dcb374\" data-element_type=\"section\">\n\t\t\t\t\t\t<div class=\"elementor-container elementor-column-gap-no\">\n\t\t\t\t\t<div class=\"elementor-column elementor-col-33 elementor-inner-column elementor-element elementor-element-10436315\" data-id=\"10436315\" data-element_type=\"column\" data-settings=\"{&quot;background_background&quot;:&quot;classic&quot;}\">\n\t\t\t<div class=\"elementor-widget-wrap elementor-element-populated\">\n\t\t\t\t\t\t<div class=\"elementor-element elementor-element-5a0c5805 elementor-widget elementor-widget-heading\" data-id=\"5a0c5805\" data-element_type=\"widget\" data-widget_type=\"heading.default\">\n\t\t\t\t<div class=\"elementor-widget-container\">\n\t\t\t\t\t<h3 class=\"elementor-heading-title elementor-size-default\">Nyomtaott marketing-anyagok<\/h3>\t\t\t\t<\/div>\n\t\t\t\t<\/div>\n\t\t\t\t<div class=\"elementor-element elementor-element-3b2789a0 elementor-widget-divider--view-line elementor-widget elementor-widget-divider\" data-id=\"3b2789a0\" data-element_type=\"widget\" data-widget_type=\"divider.default\">\n\t\t\t\t<div class=\"elementor-widget-container\">\n\t\t\t\t\t\t\t<div class=\"elementor-divider\">\n\t\t\t<span class=\"elementor-divider-separator\">\n\t\t\t\t\t\t<\/span>\n\t\t<\/div>\n\t\t\t\t\t\t<\/div>\n\t\t\t\t<\/div>\n\t\t\t\t<div class=\"elementor-element elementor-element-6cefc55b elementor-widget elementor-widget-text-editor\" data-id=\"6cefc55b\" data-element_type=\"widget\" data-widget_type=\"text-editor.default\">\n\t\t\t\t<div class=\"elementor-widget-container\">\n\t\t\t\t\t\t\t\t\tA nyomtatott marketinganyagok azok a k\u00e9zzelfoghat\u00f3 anyagok, amelyeket fizikailag \u00e1tadhat \u00fcgyfeleinek. Ide tartoznak a sz\u00f3r\u00f3lapok, prospektusok \u00e9s a n\u00e9vjegyk\u00e1rty\u00e1k.\t\t\t\t\t\t\t\t<\/div>\n\t\t\t\t<\/div>\n\t\t\t\t<div class=\"elementor-element elementor-element-5419a91c elementor-align-center elementor-widget elementor-widget-button\" data-id=\"5419a91c\" data-element_type=\"widget\" data-widget_type=\"button.default\">\n\t\t\t\t<div class=\"elementor-widget-container\">\n\t\t\t\t\t\t\t\t\t<div class=\"elementor-button-wrapper\">\n\t\t\t\t\t<a class=\"elementor-button elementor-button-link elementor-size-sm\" href=\"https:\/\/nabawebdesign.com\/hu\/dienstleistungen\/marketing-materials\/gedrucktes-marketingmaterials\/\">\n\t\t\t\t\t\t<span class=\"elementor-button-content-wrapper\">\n\t\t\t\t\t\t\t\t\t<span class=\"elementor-button-text\">Tov\u00e1bb<\/span>\n\t\t\t\t\t<\/span>\n\t\t\t\t\t<\/a>\n\t\t\t\t<\/div>\n\t\t\t\t\t\t\t\t<\/div>\n\t\t\t\t<\/div>\n\t\t\t\t\t<\/div>\n\t\t<\/div>\n\t\t\t\t<div class=\"elementor-column elementor-col-66 elementor-inner-column elementor-element elementor-element-39811799\" data-id=\"39811799\" data-element_type=\"column\">\n\t\t\t<div class=\"elementor-widget-wrap elementor-element-populated\">\n\t\t\t\t\t\t<div class=\"elementor-element elementor-element-54909f9d elementor-widget elementor-widget-image\" data-id=\"54909f9d\" data-element_type=\"widget\" data-widget_type=\"image.default\">\n\t\t\t\t<div class=\"elementor-widget-container\">\n\t\t\t\t\t\t\t\t\t\t\t\t\t\t\t<img decoding=\"async\" width=\"1024\" height=\"682\" src=\"https:\/\/nabawebdesign.com\/wp-content\/uploads\/2025\/08\/binary-code-2508931_1280-1024x682.webp\" class=\"attachment-large size-large wp-image-4081\" alt=\"\" srcset=\"https:\/\/nabawebdesign.com\/wp-content\/uploads\/2025\/08\/binary-code-2508931_1280-1024x682.webp 1024w, https:\/\/nabawebdesign.com\/wp-content\/uploads\/2025\/08\/binary-code-2508931_1280-300x200.webp 300w, https:\/\/nabawebdesign.com\/wp-content\/uploads\/2025\/08\/binary-code-2508931_1280-768x512.webp 768w, https:\/\/nabawebdesign.com\/wp-content\/uploads\/2025\/08\/binary-code-2508931_1280-18x12.webp 18w, https:\/\/nabawebdesign.com\/wp-content\/uploads\/2025\/08\/binary-code-2508931_1280.webp 1280w\" sizes=\"(max-width: 1024px) 100vw, 1024px\" \/>\t\t\t\t\t\t\t\t\t\t\t\t\t\t\t<\/div>\n\t\t\t\t<\/div>\n\t\t\t\t\t<\/div>\n\t\t<\/div>\n\t\t\t\t\t<\/div>\n\t\t<\/section>\n\t\t\t\t\t<\/div>\n\t\t<\/div>\n\t\t\t\t\t<\/div>\n\t\t<\/section>\n\t\t<div class=\"elementor-element elementor-element-3ee76bb3 e-flex e-con-boxed e-con e-parent\" data-id=\"3ee76bb3\" data-element_type=\"container\" data-settings=\"{&quot;background_background&quot;:&quot;classic&quot;}\">\n\t\t\t\t\t<div class=\"e-con-inner\">\n\t\t<div class=\"elementor-element elementor-element-4e0b0c17 e-con-full e-flex e-con e-child\" data-id=\"4e0b0c17\" data-element_type=\"container\">\n\t\t\t\t<div class=\"elementor-element elementor-element-113d35bc elementor-widget__width-initial elementor-widget elementor-widget-heading\" data-id=\"113d35bc\" data-element_type=\"widget\" data-widget_type=\"heading.default\">\n\t\t\t\t<div class=\"elementor-widget-container\">\n\t\t\t\t\t<h4 class=\"elementor-heading-title elementor-size-default\">Die Bedeutung von Marketing-materialien f\u00fcr dein Unternehmen\n\n<\/h4>\t\t\t\t<\/div>\n\t\t\t\t<\/div>\n\t\t\t\t<\/div>\n\t\t<div class=\"elementor-element elementor-element-1fc2e407 e-con-full e-flex e-con e-child\" data-id=\"1fc2e407\" data-element_type=\"container\">\n\t\t\t\t<div class=\"elementor-element elementor-element-4ea4d220 elementor-widget elementor-widget-text-editor\" data-id=\"4ea4d220\" data-element_type=\"widget\" data-widget_type=\"text-editor.default\">\n\t\t\t\t<div class=\"elementor-widget-container\">\n\t\t\t\t\t\t\t\t\t<p>A marketinganyagok kulcsszerepet j\u00e1tszanak term\u00e9keid vagy szolg\u00e1ltat\u00e1said marketingj\u00e9ben. Legyen sz\u00f3 nyomtatott sz\u00f3r\u00f3lapokr\u00f3l, digit\u00e1lis katal\u00f3gusokr\u00f3l vagy online bannerekr\u0151l \u2013 mindegyik arra szolg\u00e1l, hogy kommunik\u00e1lja a m\u00e1rka \u00fczenet\u00e9t \u00e9s vonzza a potenci\u00e1lis \u00fcgyfeleket.<\/p>\t\t\t\t\t\t\t\t<\/div>\n\t\t\t\t<\/div>\n\t\t\t\t<\/div>\n\t\t\t\t\t<\/div>\n\t\t\t\t<\/div>\n\t\t\t\t<\/div>","protected":false},"excerpt":{"rendered":"<p>Marketingmaterialien Marketingmaterialien sind f\u00fcr Unternehmen unerl\u00e4sslich, da sie dazu beitragen, die Markenbekanntheit zu steigern! Digitaler Marketing-materialien Durch den Einsatz digitaler Marketingmaterialien k\u00f6nnen Unternehmen ihre Marketingbem\u00fchungen einfacher auf bestimmte Zielgruppen ausrichten und die Ergebnisse ihrer Kampagnen verfolgen. Mehr Gedruckte Marketing-materialien Gedruckte Marketingmaterialien sind die greifbaren Materialien, die Sie Ihren Kunden physisch \u00fcbergeben k\u00f6nnen. Dazu geh\u00f6ren unter [&hellip;]<\/p>","protected":false},"author":1,"featured_media":0,"parent":12,"menu_order":0,"comment_status":"closed","ping_status":"closed","template":"","meta":{"site-sidebar-layout":"no-sidebar","site-content-layout":"page-builder","ast-site-content-layout":"full-width-container","site-content-style":"default","site-sidebar-style":"default","ast-global-header-display":"","ast-banner-title-visibility":"","ast-main-header-display":"","ast-hfb-above-header-display":"","ast-hfb-below-header-display":"","ast-hfb-mobile-header-display":"","site-post-title":"disabled","ast-breadcrumbs-content":"","ast-featured-img":"disabled","footer-sml-layout":"","theme-transparent-header-meta":"","adv-header-id-meta":"","stick-header-meta":"","header-above-stick-meta":"","header-main-stick-meta":"","header-below-stick-meta":"","astra-migrate-meta-layouts":"default","ast-page-background-enabled":"default","ast-page-background-meta":{"desktop":{"background-color":"","background-image":"","background-repeat":"repeat","background-position":"center center","background-size":"auto","background-attachment":"scroll","background-type":"","background-media":"","overlay-type":"","overlay-color":"","overlay-gradient":""},"tablet":{"background-color":"","background-image":"","background-repeat":"repeat","background-position":"center center","background-size":"auto","background-attachment":"scroll","background-type":"","background-media":"","overlay-type":"","overlay-color":"","overlay-gradient":""},"mobile":{"background-color":"","background-image":"","background-repeat":"repeat","background-position":"center center","background-size":"auto","background-attachment":"scroll","background-type":"","background-media":"","overlay-type":"","overlay-color":"","overlay-gradient":""}},"ast-content-background-meta":{"desktop":{"background-color":"var(--ast-global-color-5)","background-image":"","background-repeat":"repeat","background-position":"center center","background-size":"auto","background-attachment":"scroll","background-type":"","background-media":"","overlay-type":"","overlay-color":"","overlay-gradient":""},"tablet":{"background-color":"var(--ast-global-color-5)","background-image":"","background-repeat":"repeat","background-position":"center center","background-size":"auto","background-attachment":"scroll","background-type":"","background-media":"","overlay-type":"","overlay-color":"","overlay-gradient":""},"mobile":{"background-color":"var(--ast-global-color-5)","background-image":"","background-repeat":"repeat","background-position":"center center","background-size":"auto","background-attachment":"scroll","background-type":"","background-media":"","overlay-type":"","overlay-color":"","overlay-gradient":""}},"footnotes":""},"class_list":["post-24","page","type-page","status-publish","hentry"],"_links":{"self":[{"href":"https:\/\/nabawebdesign.com\/hu\/wp-json\/wp\/v2\/pages\/24","targetHints":{"allow":["GET"]}}],"collection":[{"href":"https:\/\/nabawebdesign.com\/hu\/wp-json\/wp\/v2\/pages"}],"about":[{"href":"https:\/\/nabawebdesign.com\/hu\/wp-json\/wp\/v2\/types\/page"}],"author":[{"embeddable":true,"href":"https:\/\/nabawebdesign.com\/hu\/wp-json\/wp\/v2\/users\/1"}],"replies":[{"embeddable":true,"href":"https:\/\/nabawebdesign.com\/hu\/wp-json\/wp\/v2\/comments?post=24"}],"version-history":[{"count":0,"href":"https:\/\/nabawebdesign.com\/hu\/wp-json\/wp\/v2\/pages\/24\/revisions"}],"up":[{"embeddable":true,"href":"https:\/\/nabawebdesign.com\/hu\/wp-json\/wp\/v2\/pages\/12"}],"wp:attachment":[{"href":"https:\/\/nabawebdesign.com\/hu\/wp-json\/wp\/v2\/media?parent=24"}],"curies":[{"name":"wp","href":"https:\/\/api.w.org\/{rel}","templated":true}]}}