{"id":23,"date":"2024-03-12T17:36:17","date_gmt":"2024-03-12T16:36:17","guid":{"rendered":"https:\/\/nabawebdesign.com\/?page_id=23"},"modified":"2025-10-01T15:00:58","modified_gmt":"2025-10-01T13:00:58","slug":"logo-erstellen-lassen","status":"publish","type":"page","link":"https:\/\/nabawebdesign.com\/hu\/dienstleistungen\/logo-erstellen-lassen\/","title":{"rendered":"Log\u00f3 tervez\u00e9s"},"content":{"rendered":"<div data-elementor-type=\"wp-page\" data-elementor-id=\"23\" class=\"elementor elementor-23\">\n\t\t\t\t<div class=\"elementor-element elementor-element-acf9582 e-flex e-con-boxed e-con e-parent\" data-id=\"acf9582\" data-element_type=\"container\" data-settings=\"{&quot;background_background&quot;:&quot;classic&quot;}\">\n\t\t\t\t\t<div class=\"e-con-inner\">\n\t\t\t\t<div class=\"elementor-element elementor-element-f22012c elementor-widget elementor-widget-heading\" data-id=\"f22012c\" data-element_type=\"widget\" data-widget_type=\"heading.default\">\n\t\t\t\t<div class=\"elementor-widget-container\">\n\t\t\t\t\t<h2 class=\"elementor-heading-title elementor-size-default\">Log\u00f3tervez\u00e9s<\/h2>\t\t\t\t<\/div>\n\t\t\t\t<\/div>\n\t\t\t\t<div class=\"elementor-element elementor-element-5577d86 elementor-widget elementor-widget-text-editor\" data-id=\"5577d86\" data-element_type=\"widget\" data-widget_type=\"text-editor.default\">\n\t\t\t\t<div class=\"elementor-widget-container\">\n\t\t\t\t\t\t\t\t\t<p>Er\u0151s\u00edtsd meg m\u00e1rk\u00e1d identit\u00e1s\u00e1t egyedi log\u00f3val.<\/p>\t\t\t\t\t\t\t\t<\/div>\n\t\t\t\t<\/div>\n\t\t\t\t\t<\/div>\n\t\t\t\t<\/div>\n\t\t\t\t<section class=\"elementor-section elementor-top-section elementor-element elementor-element-eac312d elementor-section-boxed elementor-section-height-default elementor-section-height-default\" data-id=\"eac312d\" data-element_type=\"section\" data-settings=\"{&quot;background_background&quot;:&quot;classic&quot;}\">\n\t\t\t\t\t\t<div class=\"elementor-container elementor-column-gap-no\">\n\t\t\t\t\t<div class=\"elementor-column elementor-col-100 elementor-top-column elementor-element elementor-element-7aa34dfe\" data-id=\"7aa34dfe\" data-element_type=\"column\">\n\t\t\t<div class=\"elementor-widget-wrap elementor-element-populated\">\n\t\t\t\t\t\t<section class=\"elementor-section elementor-inner-section elementor-element elementor-element-3b5807c8 elementor-section-content-middle elementor-section-boxed elementor-section-height-default elementor-section-height-default\" data-id=\"3b5807c8\" data-element_type=\"section\">\n\t\t\t\t\t\t<div class=\"elementor-container elementor-column-gap-no\">\n\t\t\t\t\t<div class=\"elementor-column elementor-col-66 elementor-inner-column elementor-element elementor-element-21075a53\" data-id=\"21075a53\" data-element_type=\"column\">\n\t\t\t<div class=\"elementor-widget-wrap elementor-element-populated\">\n\t\t\t\t\t\t<div class=\"elementor-element elementor-element-630d4671 elementor-widget elementor-widget-image\" data-id=\"630d4671\" data-element_type=\"widget\" data-widget_type=\"image.default\">\n\t\t\t\t<div class=\"elementor-widget-container\">\n\t\t\t\t\t\t\t\t\t\t\t\t\t\t\t<img fetchpriority=\"high\" decoding=\"async\" width=\"1024\" height=\"575\" src=\"https:\/\/nabawebdesign.com\/wp-content\/uploads\/2025\/08\/binary-2904980_1280-1024x575.webp\" class=\"attachment-large size-large wp-image-4077\" alt=\"\" srcset=\"https:\/\/nabawebdesign.com\/wp-content\/uploads\/2025\/08\/binary-2904980_1280-1024x575.webp 1024w, https:\/\/nabawebdesign.com\/wp-content\/uploads\/2025\/08\/binary-2904980_1280-300x169.webp 300w, https:\/\/nabawebdesign.com\/wp-content\/uploads\/2025\/08\/binary-2904980_1280-768x431.webp 768w, https:\/\/nabawebdesign.com\/wp-content\/uploads\/2025\/08\/binary-2904980_1280-18x10.webp 18w, https:\/\/nabawebdesign.com\/wp-content\/uploads\/2025\/08\/binary-2904980_1280.webp 1280w\" sizes=\"(max-width: 1024px) 100vw, 1024px\" \/>\t\t\t\t\t\t\t\t\t\t\t\t\t\t\t<\/div>\n\t\t\t\t<\/div>\n\t\t\t\t\t<\/div>\n\t\t<\/div>\n\t\t\t\t<div class=\"elementor-column elementor-col-33 elementor-inner-column elementor-element elementor-element-6a320fb8\" data-id=\"6a320fb8\" data-element_type=\"column\" data-settings=\"{&quot;background_background&quot;:&quot;classic&quot;}\">\n\t\t\t<div class=\"elementor-widget-wrap elementor-element-populated\">\n\t\t\t\t\t\t<div class=\"elementor-element elementor-element-4a2710b5 elementor-widget elementor-widget-heading\" data-id=\"4a2710b5\" data-element_type=\"widget\" data-widget_type=\"heading.default\">\n\t\t\t\t<div class=\"elementor-widget-container\">\n\t\t\t\t\t<h3 class=\"elementor-heading-title elementor-size-default\">Terveztesd meg log\u00f3j\u00e1t<\/h3>\t\t\t\t<\/div>\n\t\t\t\t<\/div>\n\t\t\t\t<div class=\"elementor-element elementor-element-2e3eb67c elementor-widget-divider--view-line elementor-widget elementor-widget-divider\" data-id=\"2e3eb67c\" data-element_type=\"widget\" data-widget_type=\"divider.default\">\n\t\t\t\t<div class=\"elementor-widget-container\">\n\t\t\t\t\t\t\t<div class=\"elementor-divider\">\n\t\t\t<span class=\"elementor-divider-separator\">\n\t\t\t\t\t\t<\/span>\n\t\t<\/div>\n\t\t\t\t\t\t<\/div>\n\t\t\t\t<\/div>\n\t\t\t\t<div class=\"elementor-element elementor-element-642aa4b0 elementor-widget elementor-widget-text-editor\" data-id=\"642aa4b0\" data-element_type=\"widget\" data-widget_type=\"text-editor.default\">\n\t\t\t\t<div class=\"elementor-widget-container\">\n\t\t\t\t\t\t\t\t\t<p><span class=\"\">A log\u00f3 egy egyedi grafikai elem vagy szimb\u00f3lum, amely egy m\u00e1rk\u00e1t, c\u00e9get vagy szervezetet k\u00e9pvisel. Kulcsfontoss\u00e1g\u00fa szerepet j\u00e1tszik a v\u00e1llalati identit\u00e1sban.<\/span><\/p><p><span class=\"\">Egy j\u00f3l megtervezett log\u00f3 eml\u00e9kezetes, id\u0151t\u00e1ll\u00f3 \u00e9s sokoldal\u00faan alkalmazhat\u00f3 k\u00fcl\u00f6nb\u00f6z\u0151 m\u00e9retekben \u00e9s fel\u00fcleteken.<\/span><\/p>\t\t\t\t\t\t\t\t<\/div>\n\t\t\t\t<\/div>\n\t\t\t\t<div class=\"elementor-element elementor-element-37824370 elementor-align-center elementor-widget elementor-widget-button\" data-id=\"37824370\" data-element_type=\"widget\" data-widget_type=\"button.default\">\n\t\t\t\t<div class=\"elementor-widget-container\">\n\t\t\t\t\t\t\t\t\t<div class=\"elementor-button-wrapper\">\n\t\t\t\t\t<a class=\"elementor-button elementor-button-link elementor-size-sm\" href=\"https:\/\/nabawebdesign.com\/hu\/contact\/\">\n\t\t\t\t\t\t<span class=\"elementor-button-content-wrapper\">\n\t\t\t\t\t\t\t\t\t<span class=\"elementor-button-text\">Kapcsolat<\/span>\n\t\t\t\t\t<\/span>\n\t\t\t\t\t<\/a>\n\t\t\t\t<\/div>\n\t\t\t\t\t\t\t\t<\/div>\n\t\t\t\t<\/div>\n\t\t\t\t\t<\/div>\n\t\t<\/div>\n\t\t\t\t\t<\/div>\n\t\t<\/section>\n\t\t\t\t\t<\/div>\n\t\t<\/div>\n\t\t\t\t\t<\/div>\n\t\t<\/section>\n\t\t<div class=\"elementor-element elementor-element-230d57b0 e-flex e-con-boxed e-con e-parent\" data-id=\"230d57b0\" data-element_type=\"container\" data-settings=\"{&quot;background_background&quot;:&quot;classic&quot;}\">\n\t\t\t\t\t<div class=\"e-con-inner\">\n\t\t<div class=\"elementor-element elementor-element-3617f3e7 e-con-full e-flex e-con e-child\" data-id=\"3617f3e7\" data-element_type=\"container\">\n\t\t\t\t<div class=\"elementor-element elementor-element-7a8e6453 elementor-widget__width-initial elementor-widget elementor-widget-heading\" data-id=\"7a8e6453\" data-element_type=\"widget\" data-widget_type=\"heading.default\">\n\t\t\t\t<div class=\"elementor-widget-container\">\n\t\t\t\t\t<h4 class=\"elementor-heading-title elementor-size-default\">Log\u00f3 jelent\u00e9se egy v\u00e1llakoz\u00e1s sz\u00e1m\u00e1ra\n\n<\/h4>\t\t\t\t<\/div>\n\t\t\t\t<\/div>\n\t\t\t\t<\/div>\n\t\t<div class=\"elementor-element elementor-element-173028be e-con-full e-flex e-con e-child\" data-id=\"173028be\" data-element_type=\"container\">\n\t\t\t\t<div class=\"elementor-element elementor-element-35cbd6f6 elementor-widget elementor-widget-text-editor\" data-id=\"35cbd6f6\" data-element_type=\"widget\" data-widget_type=\"text-editor.default\">\n\t\t\t\t<div class=\"elementor-widget-container\">\n\t\t\t\t\t\t\t\t\t<p>A log\u00f3 a v\u00e1llalkoz\u00e1sod arca, amely egy\u00e9rtelm\u0171en azonos\u00edt T\u00e9ged, \u00e9s a vizu\u00e1lis megjelen\u00e9s egyik legfontosabb eleme. A log\u00f3 hat\u00e1rozza meg a sz\u00edneket, bet\u0171t\u00edpusokat \u00e9s az eg\u00e9sz hangulatot \u2013 \u00edgy k\u00f6zvet\u00edti azt az \u00fczenetet, amit \u00e1t szeretn\u00e9l adni.<\/p>\t\t\t\t\t\t\t\t<\/div>\n\t\t\t\t<\/div>\n\t\t\t\t<\/div>\n\t\t\t\t\t<\/div>\n\t\t\t\t<\/div>\n\t\t<div class=\"elementor-element elementor-element-5deb72d e-flex e-con-boxed e-con e-parent\" data-id=\"5deb72d\" data-element_type=\"container\" data-settings=\"{&quot;background_background&quot;:&quot;classic&quot;}\">\n\t\t\t\t\t<div class=\"e-con-inner\">\n\t\t<div class=\"elementor-element elementor-element-a6e5679 e-con-full e-flex e-con e-child\" data-id=\"a6e5679\" data-element_type=\"container\">\n\t\t\t\t<div class=\"elementor-element elementor-element-364017a0 elementor-widget elementor-widget-image\" data-id=\"364017a0\" data-element_type=\"widget\" data-widget_type=\"image.default\">\n\t\t\t\t<div class=\"elementor-widget-container\">\n\t\t\t\t\t\t\t\t\t\t\t\t\t\t\t<img decoding=\"async\" width=\"1024\" height=\"683\" src=\"https:\/\/nabawebdesign.com\/wp-content\/uploads\/2024\/04\/pexels-craig-adderley-1767016-1024x683.jpg\" class=\"attachment-large size-large wp-image-2028\" alt=\"logo erstellen\" srcset=\"https:\/\/nabawebdesign.com\/wp-content\/uploads\/2024\/04\/pexels-craig-adderley-1767016-1024x683.jpg 1024w, https:\/\/nabawebdesign.com\/wp-content\/uploads\/2024\/04\/pexels-craig-adderley-1767016-300x200.jpg 300w, https:\/\/nabawebdesign.com\/wp-content\/uploads\/2024\/04\/pexels-craig-adderley-1767016-768x512.jpg 768w, https:\/\/nabawebdesign.com\/wp-content\/uploads\/2024\/04\/pexels-craig-adderley-1767016-1536x1024.jpg 1536w, https:\/\/nabawebdesign.com\/wp-content\/uploads\/2024\/04\/pexels-craig-adderley-1767016-2048x1365.jpg 2048w, https:\/\/nabawebdesign.com\/wp-content\/uploads\/2024\/04\/pexels-craig-adderley-1767016-1320x880.jpg 1320w\" sizes=\"(max-width: 1024px) 100vw, 1024px\" \/>\t\t\t\t\t\t\t\t\t\t\t\t\t\t\t<\/div>\n\t\t\t\t<\/div>\n\t\t\t\t<\/div>\n\t\t<div class=\"elementor-element elementor-element-6d2068b e-con-full e-flex e-con e-child\" data-id=\"6d2068b\" data-element_type=\"container\">\n\t\t\t\t<div class=\"elementor-element elementor-element-2827d779 elementor-widget elementor-widget-heading\" data-id=\"2827d779\" data-element_type=\"widget\" data-widget_type=\"heading.default\">\n\t\t\t\t<div class=\"elementor-widget-container\">\n\t\t\t\t\t<h2 class=\"elementor-heading-title elementor-size-default\">Mi az a log\u00f3?<\/h2>\t\t\t\t<\/div>\n\t\t\t\t<\/div>\n\t\t\t\t<div class=\"elementor-element elementor-element-5fa3da54 elementor-widget elementor-widget-text-editor\" data-id=\"5fa3da54\" data-element_type=\"widget\" data-widget_type=\"text-editor.default\">\n\t\t\t\t<div class=\"elementor-widget-container\">\n\t\t\t\t\t\t\t\t\t<p>A log\u00f3 egy egyedi grafikai elem vagy szimb\u00f3lum, amely egy m\u00e1rk\u00e1t, c\u00e9get vagy szervezetet k\u00e9pvisel. Kulcsfontoss\u00e1g\u00fa szerepet j\u00e1tszik a v\u00e1llalati identit\u00e1sban. Egy j\u00f3l megtervezett log\u00f3 eml\u00e9kezetes, id\u0151t\u00e1ll\u00f3 \u00e9s sokoldal\u00faan alkalmazhat\u00f3 k\u00fcl\u00f6nb\u00f6z\u0151 m\u00e9retekben \u00e9s fel\u00fcleteken.<\/p>\t\t\t\t\t\t\t\t<\/div>\n\t\t\t\t<\/div>\n\t\t\t\t<\/div>\n\t\t\t\t\t<\/div>\n\t\t\t\t<\/div>\n\t\t<div class=\"elementor-element elementor-element-98d1521 e-flex e-con-boxed e-con e-parent\" data-id=\"98d1521\" data-element_type=\"container\" data-settings=\"{&quot;background_background&quot;:&quot;classic&quot;}\">\n\t\t\t\t\t<div class=\"e-con-inner\">\n\t\t<div class=\"elementor-element elementor-element-6a25c85 e-con-full e-flex e-con e-child\" data-id=\"6a25c85\" data-element_type=\"container\" data-settings=\"{&quot;background_background&quot;:&quot;classic&quot;}\">\n\t\t\t\t<div class=\"elementor-element elementor-element-dd645dc elementor-widget elementor-widget-heading\" data-id=\"dd645dc\" data-element_type=\"widget\" data-widget_type=\"heading.default\">\n\t\t\t\t<div class=\"elementor-widget-container\">\n\t\t\t\t\t<h2 class=\"elementor-heading-title elementor-size-default\">Milyen a j\u00f3 log\u00f3?<\/h2>\t\t\t\t<\/div>\n\t\t\t\t<\/div>\n\t\t\t\t<div class=\"elementor-element elementor-element-6d4dc98 elementor-widget elementor-widget-text-editor\" data-id=\"6d4dc98\" data-element_type=\"widget\" data-widget_type=\"text-editor.default\">\n\t\t\t\t<div class=\"elementor-widget-container\">\n\t\t\t\t\t\t\t\t\t<ul><li class=\"translation-block\">A l\u00f3gonak <span style=\"color: #ffbf52\"><strong>egyszer\u0171nek<\/strong><\/span> kell lennie. N\u00e9ha a kevesebb t\u00f6bb.<br>A log\u00f3 nem tartalmaz feleslegesen felt\u0171n\u0151 vagy egy\u00e9b felesleges elemeket, \u00edgy az emberi szem k\u00f6nnyebben \u00e9rz\u00e9keli.<\/li><li>A<span style=\"color: #ffbf52;\"><strong> <span style=\"color: #ffbf52\"><strong>k\u00f6nnyen megjegyezhet\u0151<\/strong><\/span><\/strong><\/span> log\u00f3ra egyetlen pillant\u00e1s ut\u00e1n eml\u00e9kezni fognak az emberek. Az egyszer\u0171 grafikus szimb\u00f3lum biztos\u00edtja, hogy a legt\u00f6bb log\u00f3 k\u00f6nnyen megjegyezhet\u0151. A legjobb \u00f6sszhat\u00e1s akkor \u00e9rhet\u0151 el, ha ezt a szimb\u00f3lumot a c\u00e9g vagy m\u00e1rka nev\u00e9vel egy\u00fctt haszn\u00e1ljuk.<\/li><li class=\"translation-block\">A j\u00f3 log\u00f3nak <span style=\"color: #ffbf52\"><strong>id\u0151tlennek<\/strong><\/span> kell lennie, ami azt jelenti, hogy m\u00e9g 10, 20 vagy 50 \u00e9v ut\u00e1n is felismerhet\u0151nek kell lennie, \u00e9s \u00f6sszekapcsolhat\u00f3nak kell lennie veled.<\/li><li>A log\u00f3nak musz\u00e1j <span style=\"color: #ffbf52;\"><strong><span style=\"color: #ffbf52\"><strong>sokoldal\u00fanak<\/strong><\/span><\/strong><\/span> lennie, mert t\u00f6bbf\u00e9le fel\u00fcleten is haszn\u00e1lhat\u00f3.\u00a0<span style=\"font-size: 16px;\"><span style=\"font-size: 16px\">A log\u00f3nak egyebek mellett a k\u00f6vetkez\u0151 esetekben kell j\u00f3l l\u00e1that\u00f3nak maradnia:<\/span><\/span><p>B\u00e9lyeg m\u00e9ret<br \/>\u00d3ri\u00e1splak\u00e1ton<br \/>Vil\u00e1gos sz\u00ednben, s\u00f6t\u00e9t h\u00e1tt\u00e9rrel<br \/>S\u00f6t\u00e9t sz\u00ednben vil\u00e1gos h\u00e1tt\u00e9rrel<br><\/p><p>Ez\u00e9rt k\u00fcldj\u00fck el a k\u00e9sz log\u00f3t t\u00f6bbf\u00e9le form\u00e1tumban \u00e9s sz\u00ednben.<\/p><\/li><\/ul>\t\t\t\t\t\t\t\t<\/div>\n\t\t\t\t<\/div>\n\t\t\t\t<\/div>\n\t\t<div class=\"elementor-element elementor-element-d926eef e-con-full e-flex e-con e-child\" data-id=\"d926eef\" data-element_type=\"container\">\n\t\t\t\t<div class=\"elementor-element elementor-element-1387b0f elementor-widget elementor-widget-image\" data-id=\"1387b0f\" data-element_type=\"widget\" data-widget_type=\"image.default\">\n\t\t\t\t<div class=\"elementor-widget-container\">\n\t\t\t\t\t\t\t\t\t\t\t\t\t\t\t<img decoding=\"async\" width=\"683\" height=\"1024\" src=\"https:\/\/nabawebdesign.com\/wp-content\/uploads\/2024\/04\/pexels-katrin-bolovtsova-6193090-683x1024.jpg\" class=\"attachment-large size-large wp-image-2027\" alt=\"\" srcset=\"https:\/\/nabawebdesign.com\/wp-content\/uploads\/2024\/04\/pexels-katrin-bolovtsova-6193090-683x1024.jpg 683w, https:\/\/nabawebdesign.com\/wp-content\/uploads\/2024\/04\/pexels-katrin-bolovtsova-6193090-200x300.jpg 200w, https:\/\/nabawebdesign.com\/wp-content\/uploads\/2024\/04\/pexels-katrin-bolovtsova-6193090-768x1152.jpg 768w, https:\/\/nabawebdesign.com\/wp-content\/uploads\/2024\/04\/pexels-katrin-bolovtsova-6193090-1024x1536.jpg 1024w, https:\/\/nabawebdesign.com\/wp-content\/uploads\/2024\/04\/pexels-katrin-bolovtsova-6193090-1365x2048.jpg 1365w, https:\/\/nabawebdesign.com\/wp-content\/uploads\/2024\/04\/pexels-katrin-bolovtsova-6193090-1320x1980.jpg 1320w, https:\/\/nabawebdesign.com\/wp-content\/uploads\/2024\/04\/pexels-katrin-bolovtsova-6193090-scaled.jpg 1707w\" sizes=\"(max-width: 683px) 100vw, 683px\" \/>\t\t\t\t\t\t\t\t\t\t\t\t\t\t\t<\/div>\n\t\t\t\t<\/div>\n\t\t\t\t<\/div>\n\t\t\t\t\t<\/div>\n\t\t\t\t<\/div>\n\t\t\t\t<\/div>","protected":false},"excerpt":{"rendered":"<p>Logo erstellen Markenidentit\u00e4t st\u00e4rken mit ma\u00dfgeschneiderten Logos. Firmenlogo erstellen lassen Ein Logo ist ein einzigartiges grafisches Element oder Symbol, das eine Marke, ein Unternehmen oder eine Organisation repr\u00e4sentiert. Es spielt eine entscheidende Rolle in der Unternehmensidentit\u00e4t. Ein gut gestaltetes Logo ist einpr\u00e4gsam, zeitlos und vielseitig einsetzbar in verschiedenen Gr\u00f6\u00dfen und auf unterschiedlichen Medien. Kontakt Die [&hellip;]<\/p>","protected":false},"author":1,"featured_media":0,"parent":12,"menu_order":0,"comment_status":"closed","ping_status":"closed","template":"","meta":{"site-sidebar-layout":"no-sidebar","site-content-layout":"page-builder","ast-site-content-layout":"full-width-container","site-content-style":"default","site-sidebar-style":"default","ast-global-header-display":"","ast-banner-title-visibility":"","ast-main-header-display":"","ast-hfb-above-header-display":"","ast-hfb-below-header-display":"","ast-hfb-mobile-header-display":"","site-post-title":"disabled","ast-breadcrumbs-content":"","ast-featured-img":"disabled","footer-sml-layout":"","theme-transparent-header-meta":"","adv-header-id-meta":"","stick-header-meta":"","header-above-stick-meta":"","header-main-stick-meta":"","header-below-stick-meta":"","astra-migrate-meta-layouts":"default","ast-page-background-enabled":"default","ast-page-background-meta":{"desktop":{"background-color":"","background-image":"","background-repeat":"repeat","background-position":"center center","background-size":"auto","background-attachment":"scroll","background-type":"","background-media":"","overlay-type":"","overlay-color":"","overlay-gradient":""},"tablet":{"background-color":"","background-image":"","background-repeat":"repeat","background-position":"center center","background-size":"auto","background-attachment":"scroll","background-type":"","background-media":"","overlay-type":"","overlay-color":"","overlay-gradient":""},"mobile":{"background-color":"","background-image":"","background-repeat":"repeat","background-position":"center center","background-size":"auto","background-attachment":"scroll","background-type":"","background-media":"","overlay-type":"","overlay-color":"","overlay-gradient":""}},"ast-content-background-meta":{"desktop":{"background-color":"var(--ast-global-color-5)","background-image":"","background-repeat":"repeat","background-position":"center center","background-size":"auto","background-attachment":"scroll","background-type":"","background-media":"","overlay-type":"","overlay-color":"","overlay-gradient":""},"tablet":{"background-color":"var(--ast-global-color-5)","background-image":"","background-repeat":"repeat","background-position":"center center","background-size":"auto","background-attachment":"scroll","background-type":"","background-media":"","overlay-type":"","overlay-color":"","overlay-gradient":""},"mobile":{"background-color":"var(--ast-global-color-5)","background-image":"","background-repeat":"repeat","background-position":"center center","background-size":"auto","background-attachment":"scroll","background-type":"","background-media":"","overlay-type":"","overlay-color":"","overlay-gradient":""}},"footnotes":""},"class_list":["post-23","page","type-page","status-publish","hentry"],"_links":{"self":[{"href":"https:\/\/nabawebdesign.com\/hu\/wp-json\/wp\/v2\/pages\/23","targetHints":{"allow":["GET"]}}],"collection":[{"href":"https:\/\/nabawebdesign.com\/hu\/wp-json\/wp\/v2\/pages"}],"about":[{"href":"https:\/\/nabawebdesign.com\/hu\/wp-json\/wp\/v2\/types\/page"}],"author":[{"embeddable":true,"href":"https:\/\/nabawebdesign.com\/hu\/wp-json\/wp\/v2\/users\/1"}],"replies":[{"embeddable":true,"href":"https:\/\/nabawebdesign.com\/hu\/wp-json\/wp\/v2\/comments?post=23"}],"version-history":[{"count":0,"href":"https:\/\/nabawebdesign.com\/hu\/wp-json\/wp\/v2\/pages\/23\/revisions"}],"up":[{"embeddable":true,"href":"https:\/\/nabawebdesign.com\/hu\/wp-json\/wp\/v2\/pages\/12"}],"wp:attachment":[{"href":"https:\/\/nabawebdesign.com\/hu\/wp-json\/wp\/v2\/media?parent=23"}],"curies":[{"name":"wp","href":"https:\/\/api.w.org\/{rel}","templated":true}]}}