{"id":17,"date":"2024-03-12T17:25:20","date_gmt":"2024-03-12T16:25:20","guid":{"rendered":"https:\/\/nabawebdesign.com\/?page_id=17"},"modified":"2025-10-01T14:57:53","modified_gmt":"2025-10-01T12:57:53","slug":"webdesign","status":"publish","type":"page","link":"https:\/\/nabawebdesign.com\/hu\/dienstleistungen\/webdesign\/","title":{"rendered":"Webdesign"},"content":{"rendered":"<div data-elementor-type=\"wp-page\" data-elementor-id=\"17\" class=\"elementor elementor-17\">\n\t\t\t\t\t\t<section class=\"elementor-section elementor-top-section elementor-element elementor-element-160165c2 elementor-section-boxed elementor-section-height-default elementor-section-height-default\" data-id=\"160165c2\" data-element_type=\"section\" data-settings=\"{&quot;background_background&quot;:&quot;classic&quot;}\">\n\t\t\t\t\t\t<div class=\"elementor-container elementor-column-gap-no\">\n\t\t\t\t\t<div class=\"elementor-column elementor-col-100 elementor-top-column elementor-element elementor-element-5a2bdfc2\" data-id=\"5a2bdfc2\" data-element_type=\"column\">\n\t\t\t<div class=\"elementor-widget-wrap elementor-element-populated\">\n\t\t\t\t\t\t<div class=\"elementor-element elementor-element-570a744e elementor-widget elementor-widget-heading\" data-id=\"570a744e\" data-element_type=\"widget\" data-widget_type=\"heading.default\">\n\t\t\t\t<div class=\"elementor-widget-container\">\n\t\t\t\t\t<h2 class=\"elementor-heading-title elementor-size-default\">Webdesign k\u00e9sz\u00edt\u00e9s a te weboldalad sz\u00e1m\u00e1ra<\/h2>\t\t\t\t<\/div>\n\t\t\t\t<\/div>\n\t\t\t\t<div class=\"elementor-element elementor-element-3908e83f elementor-widget elementor-widget-text-editor\" data-id=\"3908e83f\" data-element_type=\"widget\" data-widget_type=\"text-editor.default\">\n\t\t\t\t<div class=\"elementor-widget-container\">\n\t\t\t\t\t\t\t\t\t<p>Professzion\u00e1lis webdesign a sikeres online jelenl\u00e9thez<\/p>\t\t\t\t\t\t\t\t<\/div>\n\t\t\t\t<\/div>\n\t\t\t\t<section class=\"elementor-section elementor-inner-section elementor-element elementor-element-38d24c27 elementor-section-content-middle elementor-section-boxed elementor-section-height-default elementor-section-height-default\" data-id=\"38d24c27\" data-element_type=\"section\" data-settings=\"{&quot;background_background&quot;:&quot;classic&quot;}\">\n\t\t\t\t\t\t<div class=\"elementor-container elementor-column-gap-no\">\n\t\t\t\t\t<div class=\"elementor-column elementor-col-66 elementor-inner-column elementor-element elementor-element-18b912bb\" data-id=\"18b912bb\" data-element_type=\"column\">\n\t\t\t<div class=\"elementor-widget-wrap elementor-element-populated\">\n\t\t\t\t\t\t<div class=\"elementor-element elementor-element-7a3ead64 elementor-widget elementor-widget-image\" data-id=\"7a3ead64\" data-element_type=\"widget\" data-widget_type=\"image.default\">\n\t\t\t\t<div class=\"elementor-widget-container\">\n\t\t\t\t\t\t\t\t\t\t\t\t\t\t\t<img fetchpriority=\"high\" decoding=\"async\" width=\"1024\" height=\"564\" src=\"https:\/\/nabawebdesign.com\/wp-content\/uploads\/2025\/08\/monitor-2728120_1280-1024x564.webp\" class=\"attachment-large size-large wp-image-4073\" alt=\"\" srcset=\"https:\/\/nabawebdesign.com\/wp-content\/uploads\/2025\/08\/monitor-2728120_1280-1024x564.webp 1024w, https:\/\/nabawebdesign.com\/wp-content\/uploads\/2025\/08\/monitor-2728120_1280-300x165.webp 300w, https:\/\/nabawebdesign.com\/wp-content\/uploads\/2025\/08\/monitor-2728120_1280-768x423.webp 768w, https:\/\/nabawebdesign.com\/wp-content\/uploads\/2025\/08\/monitor-2728120_1280-18x10.webp 18w, https:\/\/nabawebdesign.com\/wp-content\/uploads\/2025\/08\/monitor-2728120_1280.webp 1280w\" sizes=\"(max-width: 1024px) 100vw, 1024px\" \/>\t\t\t\t\t\t\t\t\t\t\t\t\t\t\t<\/div>\n\t\t\t\t<\/div>\n\t\t\t\t\t<\/div>\n\t\t<\/div>\n\t\t\t\t<div class=\"elementor-column elementor-col-33 elementor-inner-column elementor-element elementor-element-3f495e06\" data-id=\"3f495e06\" data-element_type=\"column\" data-settings=\"{&quot;background_background&quot;:&quot;classic&quot;}\">\n\t\t\t<div class=\"elementor-widget-wrap elementor-element-populated\">\n\t\t\t\t\t\t<div class=\"elementor-element elementor-element-482ebd03 elementor-widget elementor-widget-heading\" data-id=\"482ebd03\" data-element_type=\"widget\" data-widget_type=\"heading.default\">\n\t\t\t\t<div class=\"elementor-widget-container\">\n\t\t\t\t\t<h3 class=\"elementor-heading-title elementor-size-default\">Webdesign tervez\u00e9s<\/h3>\t\t\t\t<\/div>\n\t\t\t\t<\/div>\n\t\t\t\t<div class=\"elementor-element elementor-element-6e44db41 elementor-widget-divider--view-line elementor-widget elementor-widget-divider\" data-id=\"6e44db41\" data-element_type=\"widget\" data-widget_type=\"divider.default\">\n\t\t\t\t<div class=\"elementor-widget-container\">\n\t\t\t\t\t\t\t<div class=\"elementor-divider\">\n\t\t\t<span class=\"elementor-divider-separator\">\n\t\t\t\t\t\t<\/span>\n\t\t<\/div>\n\t\t\t\t\t\t<\/div>\n\t\t\t\t<\/div>\n\t\t\t\t<div class=\"elementor-element elementor-element-e057cd1 elementor-widget elementor-widget-text-editor\" data-id=\"e057cd1\" data-element_type=\"widget\" data-widget_type=\"text-editor.default\">\n\t\t\t\t<div class=\"elementor-widget-container\">\n\t\t\t\t\t\t\t\t\t<p>A j\u00f3 webdesign a l\u00e1togat\u00f3kat a weboldalon tartja, \u00e9s figyelembe veszi a c\u00e9lk\u00f6z\u00f6ns\u00e9get. Ha Te is egyedi weboldalt szeretn\u00e9l, vedd fel vel\u00fcnk a kapcsolatot.<\/p>\t\t\t\t\t\t\t\t<\/div>\n\t\t\t\t<\/div>\n\t\t\t\t<div class=\"elementor-element elementor-element-2d51b0e6 elementor-align-center elementor-widget elementor-widget-button\" data-id=\"2d51b0e6\" data-element_type=\"widget\" data-widget_type=\"button.default\">\n\t\t\t\t<div class=\"elementor-widget-container\">\n\t\t\t\t\t\t\t\t\t<div class=\"elementor-button-wrapper\">\n\t\t\t\t\t<a class=\"elementor-button elementor-button-link elementor-size-sm\" href=\"https:\/\/nabawebdesign.com\/hu\/contact\/\">\n\t\t\t\t\t\t<span class=\"elementor-button-content-wrapper\">\n\t\t\t\t\t\t\t\t\t<span class=\"elementor-button-text\">Kapcsolat<\/span>\n\t\t\t\t\t<\/span>\n\t\t\t\t\t<\/a>\n\t\t\t\t<\/div>\n\t\t\t\t\t\t\t\t<\/div>\n\t\t\t\t<\/div>\n\t\t\t\t\t<\/div>\n\t\t<\/div>\n\t\t\t\t\t<\/div>\n\t\t<\/section>\n\t\t\t\t\t<\/div>\n\t\t<\/div>\n\t\t\t\t\t<\/div>\n\t\t<\/section>\n\t\t<div class=\"elementor-element elementor-element-2eccbbe7 e-con-full e-flex e-con e-parent\" data-id=\"2eccbbe7\" data-element_type=\"container\" data-settings=\"{&quot;background_background&quot;:&quot;classic&quot;}\">\n\t\t<div class=\"elementor-element elementor-element-7bb18a3 e-con-full e-flex e-con e-child\" data-id=\"7bb18a3\" data-element_type=\"container\">\n\t\t\t\t<div class=\"elementor-element elementor-element-4a88fb1b elementor-widget elementor-widget-image\" data-id=\"4a88fb1b\" data-element_type=\"widget\" data-widget_type=\"image.default\">\n\t\t\t\t<div class=\"elementor-widget-container\">\n\t\t\t\t\t\t\t\t\t\t\t\t\t\t\t<img decoding=\"async\" width=\"640\" height=\"428\" src=\"https:\/\/nabawebdesign.com\/wp-content\/uploads\/2024\/04\/laptop-5673901_640.jpg\" class=\"attachment-large size-large wp-image-1908\" alt=\"\" srcset=\"https:\/\/nabawebdesign.com\/wp-content\/uploads\/2024\/04\/laptop-5673901_640.jpg 640w, https:\/\/nabawebdesign.com\/wp-content\/uploads\/2024\/04\/laptop-5673901_640-300x201.jpg 300w\" sizes=\"(max-width: 640px) 100vw, 640px\" \/>\t\t\t\t\t\t\t\t\t\t\t\t\t\t\t<\/div>\n\t\t\t\t<\/div>\n\t\t\t\t<\/div>\n\t\t<div class=\"elementor-element elementor-element-1484007 e-con-full e-flex e-con e-child\" data-id=\"1484007\" data-element_type=\"container\">\n\t\t\t\t<div class=\"elementor-element elementor-element-1028700c elementor-widget elementor-widget-heading\" data-id=\"1028700c\" data-element_type=\"widget\" data-widget_type=\"heading.default\">\n\t\t\t\t<div class=\"elementor-widget-container\">\n\t\t\t\t\t<h2 class=\"elementor-heading-title elementor-size-default\">Mi az a webdesign?<\/h2>\t\t\t\t<\/div>\n\t\t\t\t<\/div>\n\t\t\t\t<div class=\"elementor-element elementor-element-77ac5503 elementor-widget__width-initial elementor-widget elementor-widget-text-editor\" data-id=\"77ac5503\" data-element_type=\"widget\" data-widget_type=\"text-editor.default\">\n\t\t\t\t<div class=\"elementor-widget-container\">\n\t\t\t\t\t\t\t\t\t<p>A webdiz\u00e1jn az, ami megteremti a weboldal \u00e1ltal\u00e1nos megjelen\u00e9s\u00e9t. A tervez\u00e9s \u00e9s megval\u00f3s\u00edt\u00e1s teljes folyamat\u00e1t lefedi, a szerkezett\u0151l az elrendez\u00e9sig, a k\u00e9pekt\u0151l a sz\u00edneken \u00e1t a bet\u0171t\u00edpusokig \u00e9s grafik\u00e1kig. Egy j\u00f3 webdesign nemcsak eszt\u00e9tikus megjelen\u00e9st k\u00f6lcs\u00f6n\u00f6z, hanem  felhaszn\u00e1l\u00f3bar\u00e1t is.<\/p><p>Egy j\u00f3l \u00e1tgondolt kialak\u00edt\u00e1ssal optimaliz\u00e1lhatja a felhaszn\u00e1l\u00f3i \u00e9lm\u00e9nyt, \u00e9s biztos\u00edthatja, hogy a l\u00e1togat\u00f3k \u00f6r\u00f6mmel haszn\u00e1lj\u00e1k webhelyed. A diz\u00e1jnelemek harmonikus \u00f6sszj\u00e1t\u00e9ka seg\u00edt, hogy a felhaszn\u00e1l\u00f3k j\u00f3l \u00e9rezz\u00e9k magukat a webhelyen, \u00e9s k\u00f6nnyen eligazodjanak az oldalakon.<\/p><p>A megfelel\u0151 sz\u00ednek \u00e9s bet\u0171t\u00edpusok haszn\u00e1lata jelent\u0151sen befoly\u00e1solhatja webhelyed hangulat\u00e1t. A k\u00e9pek \u00e9s a grafika tov\u00e1bbi m\u00e9lys\u00e9get \u00e9s vonzer\u0151t ad a tartalomnak. Mindezek az elemek egy\u00fcttesen alkotj\u00e1k meg webhelyed \u00e1ltal\u00e1nos megjelen\u00e9s\u00e9t.<\/p><p>Egy professzion\u00e1lis webdesign nem csak a k\u00fcls\u0151 megjelen\u00e9st jav\u00edthatja, hanem optimaliz\u00e1lhatja a weboldal funkcionalit\u00e1s\u00e1t is. A j\u00f3l megtervezett webdesign teh\u00e1t elengedhetetlen a digit\u00e1lis t\u00e9rben val\u00f3 sikerhez.<\/p>\t\t\t\t\t\t\t\t<\/div>\n\t\t\t\t<\/div>\n\t\t\t\t<\/div>\n\t\t\t\t<\/div>\n\t\t<div class=\"elementor-element elementor-element-40bf0492 e-flex e-con-boxed e-con e-parent\" data-id=\"40bf0492\" data-element_type=\"container\" data-settings=\"{&quot;background_background&quot;:&quot;classic&quot;}\">\n\t\t\t\t\t<div class=\"e-con-inner\">\n\t\t<div class=\"elementor-element elementor-element-1f74179e e-con-full e-flex e-con e-child\" data-id=\"1f74179e\" data-element_type=\"container\">\n\t\t\t\t<div class=\"elementor-element elementor-element-2702da42 elementor-widget__width-initial elementor-widget elementor-widget-heading\" data-id=\"2702da42\" data-element_type=\"widget\" data-widget_type=\"heading.default\">\n\t\t\t\t<div class=\"elementor-widget-container\">\n\t\t\t\t\t<h4 class=\"elementor-heading-title elementor-size-default\">A webdesign minden weboldal tervez\u00e9s\u00e9nek alapvet\u0151 eleme.\n<\/h4>\t\t\t\t<\/div>\n\t\t\t\t<\/div>\n\t\t\t\t<\/div>\n\t\t<div class=\"elementor-element elementor-element-1fac2233 e-con-full e-flex e-con e-child\" data-id=\"1fac2233\" data-element_type=\"container\">\n\t\t\t\t<div class=\"elementor-element elementor-element-157a43dc elementor-widget elementor-widget-text-editor\" data-id=\"157a43dc\" data-element_type=\"widget\" data-widget_type=\"text-editor.default\">\n\t\t\t\t<div class=\"elementor-widget-container\">\n\t\t\t\t\t\t\t\t\t<p>Egy j\u00f3l megtervezett \u00e9s struktur\u00e1lt weboldal er\u0151s benyom\u00e1st kelt a l\u00e1togat\u00f3ban, \u00e9s d\u00f6nt\u00e9seit jelent\u0151sen befoly\u00e1solhatja. Vonz\u00f3 megjelen\u00e9ssel, felhaszn\u00e1l\u00f3bar\u00e1t navig\u00e1ci\u00f3val \u00e9s \u00e1tl\u00e1that\u00f3 fel\u00e9p\u00edt\u00e9ssel megragadhatod a l\u00e1togat\u00f3 figyelm\u00e9t, \u00e9s elnyerheted a bizalm\u00e1t.<\/p>\t\t\t\t\t\t\t\t<\/div>\n\t\t\t\t<\/div>\n\t\t\t\t<\/div>\n\t\t\t\t\t<\/div>\n\t\t\t\t<\/div>\n\t\t<div class=\"elementor-element elementor-element-9814d23 e-flex e-con-boxed e-con e-parent\" data-id=\"9814d23\" data-element_type=\"container\" data-settings=\"{&quot;background_background&quot;:&quot;classic&quot;}\">\n\t\t\t\t\t<div class=\"e-con-inner\">\n\t\t<div class=\"elementor-element elementor-element-634312e e-con-full e-flex e-con e-child\" data-id=\"634312e\" data-element_type=\"container\">\n\t\t\t\t<div class=\"elementor-element elementor-element-c76a3f0 elementor-widget elementor-widget-heading\" data-id=\"c76a3f0\" data-element_type=\"widget\" data-widget_type=\"heading.default\">\n\t\t\t\t<div class=\"elementor-widget-container\">\n\t\t\t\t\t<h2 class=\"elementor-heading-title elementor-size-default\">DESIGN TERVEZ\u00c9SI FOLYAMAT HAT L\u00c9P\u00c9SBEN<\/h2>\t\t\t\t<\/div>\n\t\t\t\t<\/div>\n\t\t\t\t<\/div>\n\t\t\t\t\t<\/div>\n\t\t\t\t<\/div>\n\t\t\t\t<section class=\"elementor-section elementor-inner-section elementor-element elementor-element-2f10e314 elementor-section-boxed elementor-section-height-default elementor-section-height-default\" data-id=\"2f10e314\" data-element_type=\"section\" data-settings=\"{&quot;background_background&quot;:&quot;classic&quot;}\">\n\t\t\t\t\t\t<div class=\"elementor-container elementor-column-gap-default\">\n\t\t\t\t\t<div class=\"elementor-column elementor-col-33 elementor-inner-column elementor-element elementor-element-1e56c9af\" data-id=\"1e56c9af\" data-element_type=\"column\">\n\t\t\t<div class=\"elementor-widget-wrap elementor-element-populated\">\n\t\t\t\t\t\t<div class=\"elementor-element elementor-element-51a18c0c ekit-equal-height-enable elementor-widget elementor-widget-elementskit-icon-box\" data-id=\"51a18c0c\" data-element_type=\"widget\" data-widget_type=\"elementskit-icon-box.default\">\n\t\t\t\t<div class=\"elementor-widget-container\">\n\t\t\t\t\t<div class=\"ekit-wid-con\" >        <!-- link opening -->\n                <a href=\"#\" class=\"ekit_global_links\">\n                <!-- end link opening -->\n\n        <div class=\"elementskit-infobox text- text- icon-lef-right-aligin elementor-animation-  gradient-active  hover_from_left\">\n                        <div class=\"box-body\">\n                            <h3 class=\"elementskit-info-box-title\">\n                    1.                <\/h3>\n                        \t\t  \t<p>Sz\u00e1munkra ez mindig egy besz\u00e9lget\u00e9ssel kezd\u0151dik. Meg kell hat\u00e1rozni a c\u00e9lcsoportot, a weboldal c\u00e9lj\u00e1t \u00e9s az arculatot, ha m\u00e1r van log\u00f3ja a v\u00e1llalkoz\u00e1sodnak, akkor ehhez igaz\u00edtjuk a webdesignt, \u00e9s figyel\u00fcnk a k\u00f6z\u00f6ss\u00e9gi oldalak hangulat\u00e1ra is.<\/p>\n                                <\/div>\n        \n        \n                <\/div>\n                <\/a>\n        <\/div>\t\t\t\t<\/div>\n\t\t\t\t<\/div>\n\t\t\t\t\t<\/div>\n\t\t<\/div>\n\t\t\t\t<div class=\"elementor-column elementor-col-33 elementor-inner-column elementor-element elementor-element-2984e6bf\" data-id=\"2984e6bf\" data-element_type=\"column\">\n\t\t\t<div class=\"elementor-widget-wrap elementor-element-populated\">\n\t\t\t\t\t\t<div class=\"elementor-element elementor-element-4ba85ab4 ekit-equal-height-enable elementor-widget elementor-widget-elementskit-icon-box\" data-id=\"4ba85ab4\" data-element_type=\"widget\" data-widget_type=\"elementskit-icon-box.default\">\n\t\t\t\t<div class=\"elementor-widget-container\">\n\t\t\t\t\t<div class=\"ekit-wid-con\" >        <!-- link opening -->\n                <a href=\"#\" class=\"ekit_global_links\">\n                <!-- end link opening -->\n\n        <div class=\"elementskit-infobox text- text- icon-lef-right-aligin elementor-animation-\">\n                        <div class=\"box-body\">\n                            <h3 class=\"elementskit-info-box-title\">\n                    2.                <\/h3>\n                        \t\t  \t<p>Miut\u00e1n felm\u00e9rt\u00fck a c\u00e9lokat, elkezdj\u00fck a weboldal fel\u00e9p\u00edt\u00e9s\u00e9nek megtervez\u00e9s\u00e9t: men\u00fcpontok, kateg\u00f3ri\u00e1k, oldalak meghat\u00e1roz\u00e1sa. Itt besz\u00e9lj\u00fck meg t\u00f6bbek k\u00f6z\u00f6tt, hogy a weboldal sz\u00f6veg\u00e9t Te biztos\u00edtod-e, vagy ezt mi v\u00e1llaljuk. Ekkor ker\u00fcl sz\u00f3ba a kulcssz\u00f3-kutat\u00e1s lehet\u0151s\u00e9ge is.<\/p>\n                                <\/div>\n        \n        \n                <\/div>\n                <\/a>\n        <\/div>\t\t\t\t<\/div>\n\t\t\t\t<\/div>\n\t\t\t\t\t<\/div>\n\t\t<\/div>\n\t\t\t\t<div class=\"elementor-column elementor-col-33 elementor-inner-column elementor-element elementor-element-626302d2\" data-id=\"626302d2\" data-element_type=\"column\">\n\t\t\t<div class=\"elementor-widget-wrap elementor-element-populated\">\n\t\t\t\t\t\t<div class=\"elementor-element elementor-element-734d7ab4 ekit-equal-height-enable elementor-widget elementor-widget-elementskit-icon-box\" data-id=\"734d7ab4\" data-element_type=\"widget\" data-widget_type=\"elementskit-icon-box.default\">\n\t\t\t\t<div class=\"elementor-widget-container\">\n\t\t\t\t\t<div class=\"ekit-wid-con\" >        <!-- link opening -->\n                <a href=\"#\" class=\"ekit_global_links\">\n                <!-- end link opening -->\n\n        <div class=\"elementskit-infobox text- text- icon-lef-right-aligin elementor-animation-\">\n                        <div class=\"box-body\">\n                            <h3 class=\"elementskit-info-box-title\">\n                    3.                <\/h3>\n                        \t\t  \t<p>R\u00e9szletes egyeztet\u00e9sek ut\u00e1n t\u00f6bb moodboardot is k\u00e9sz\u00edt\u00fcnk, ahol m\u00e1r kiv\u00e1lasztjuk a sz\u00edneket, bet\u0171t\u00edpusokat \u00e9s a gombok megjelen\u00e9s\u00e9t.<\/p>\n                                <\/div>\n        \n        \n                <\/div>\n                <\/a>\n        <\/div>\t\t\t\t<\/div>\n\t\t\t\t<\/div>\n\t\t\t\t\t<\/div>\n\t\t<\/div>\n\t\t\t\t\t<\/div>\n\t\t<\/section>\n\t\t\t\t<section class=\"elementor-section elementor-inner-section elementor-element elementor-element-9bad3a6 elementor-section-boxed elementor-section-height-default elementor-section-height-default\" data-id=\"9bad3a6\" data-element_type=\"section\" data-settings=\"{&quot;background_background&quot;:&quot;classic&quot;}\">\n\t\t\t\t\t\t<div class=\"elementor-container elementor-column-gap-default\">\n\t\t\t\t\t<div class=\"elementor-column elementor-col-33 elementor-inner-column elementor-element elementor-element-cc8130a\" data-id=\"cc8130a\" data-element_type=\"column\">\n\t\t\t<div class=\"elementor-widget-wrap elementor-element-populated\">\n\t\t\t\t\t\t<div class=\"elementor-element elementor-element-f79ec14 ekit-equal-height-enable elementor-widget elementor-widget-elementskit-icon-box\" data-id=\"f79ec14\" data-element_type=\"widget\" data-widget_type=\"elementskit-icon-box.default\">\n\t\t\t\t<div class=\"elementor-widget-container\">\n\t\t\t\t\t<div class=\"ekit-wid-con\" >        <!-- link opening -->\n                <a href=\"#\" class=\"ekit_global_links\">\n                <!-- end link opening -->\n\n        <div class=\"elementskit-infobox text- text- icon-lef-right-aligin elementor-animation-  gradient-active  hover_from_left\">\n                        <div class=\"box-body\">\n                            <h3 class=\"elementskit-info-box-title\">\n                    4.                <\/h3>\n                        \t\t  \t<p>A webdesign tervez\u00e9s\u00e9nek k\u00f6vetkez\u0151 l\u00e9p\u00e9se egy CSS-r\u00e1cs l\u00e9trehoz\u00e1sa. A CSS Grid egy k\u00e9tdimenzi\u00f3s elrendez\u00e9si rendszer, amely lehet\u0151v\u00e9 teszi a design elemek elrendez\u00e9s\u00e9t a webhelyen sorokba \u00e9s oszlopokba.<\/p>\n                                <\/div>\n        \n        \n                <\/div>\n                <\/a>\n        <\/div>\t\t\t\t<\/div>\n\t\t\t\t<\/div>\n\t\t\t\t\t<\/div>\n\t\t<\/div>\n\t\t\t\t<div class=\"elementor-column elementor-col-33 elementor-inner-column elementor-element elementor-element-2252e43\" data-id=\"2252e43\" data-element_type=\"column\">\n\t\t\t<div class=\"elementor-widget-wrap elementor-element-populated\">\n\t\t\t\t\t\t<div class=\"elementor-element elementor-element-d4311c0 ekit-equal-height-enable elementor-widget elementor-widget-elementskit-icon-box\" data-id=\"d4311c0\" data-element_type=\"widget\" data-widget_type=\"elementskit-icon-box.default\">\n\t\t\t\t<div class=\"elementor-widget-container\">\n\t\t\t\t\t<div class=\"ekit-wid-con\" >        <!-- link opening -->\n                <a href=\"#\" class=\"ekit_global_links\">\n                <!-- end link opening -->\n\n        <div class=\"elementskit-infobox text- text- icon-lef-right-aligin elementor-animation-\">\n                        <div class=\"box-body\">\n                            <h3 class=\"elementskit-info-box-title\">\n                    5.                <\/h3>\n                        \t\t  \t<p>Amikor m\u00e1r minden sz\u00fcks\u00e9ges inform\u00e1ci\u00f3val rendelkez\u00fcnk, elk\u00e9sz\u00edthetj\u00fck a design tervet. Ezen a ponton l\u00e1thatjuk, hogyan fog kin\u00e9zni weboldalunk \u00f6sszes eleme \u00e9s oldala.<\/p>\n                                <\/div>\n        \n        \n                <\/div>\n                <\/a>\n        <\/div>\t\t\t\t<\/div>\n\t\t\t\t<\/div>\n\t\t\t\t\t<\/div>\n\t\t<\/div>\n\t\t\t\t<div class=\"elementor-column elementor-col-33 elementor-inner-column elementor-element elementor-element-e2c7b62\" data-id=\"e2c7b62\" data-element_type=\"column\">\n\t\t\t<div class=\"elementor-widget-wrap elementor-element-populated\">\n\t\t\t\t\t\t<div class=\"elementor-element elementor-element-8a94fb7 ekit-equal-height-enable elementor-widget elementor-widget-elementskit-icon-box\" data-id=\"8a94fb7\" data-element_type=\"widget\" data-widget_type=\"elementskit-icon-box.default\">\n\t\t\t\t<div class=\"elementor-widget-container\">\n\t\t\t\t\t<div class=\"ekit-wid-con\" >        <!-- link opening -->\n                <a href=\"#\" class=\"ekit_global_links\">\n                <!-- end link opening -->\n\n        <div class=\"elementskit-infobox text- text- icon-lef-right-aligin elementor-animation-\">\n                        <div class=\"box-body\">\n                            <h3 class=\"elementskit-info-box-title\">\n                    6.                <\/h3>\n                        \t\t  \t<p>Utols\u00f3 l\u00e9p\u00e9sben megbesz\u00e9lj\u00fck a lehets\u00e9ges v\u00e1ltoztat\u00e1sokat, \u00e9s \u00e1tadjuk az elk\u00e9sz\u00fclt design tervet. Ezt k\u00f6vet\u0151en az elk\u00e9sz\u00fclt tervek alapj\u00e1n elkezd\u0151dhet a weboldal fel\u00e9p\u00edt\u00e9se, hogy online bemutathasd magas vagy v\u00e1llalkoz\u00e1sod.<\/p>\n                                <\/div>\n        \n        \n                <\/div>\n                <\/a>\n        <\/div>\t\t\t\t<\/div>\n\t\t\t\t<\/div>\n\t\t\t\t\t<\/div>\n\t\t<\/div>\n\t\t\t\t\t<\/div>\n\t\t<\/section>\n\t\t\t\t<\/div>","protected":false},"excerpt":{"rendered":"<p>Webdesign f\u00fcr Ihre Website Professionelles Webdesign f\u00fcr Ihren erfolgreichen Online-Auftritt Webdesign erstellen lassen Ein gutes Webdesign h\u00e4lt Besucher auf der Website und ber\u00fccksichtigt die Zielgruppe. Wenn Sie auch eine einzigartige Website w\u00fcnschen, kontaktieren Sie uns. Kontakt Was ist Webdesign? Webdesign ist das, was den ganzheitlichen Look einer Website ausmacht. Es umfasst den gesamten Prozess der [&hellip;]<\/p>","protected":false},"author":1,"featured_media":0,"parent":12,"menu_order":0,"comment_status":"closed","ping_status":"closed","template":"","meta":{"site-sidebar-layout":"no-sidebar","site-content-layout":"page-builder","ast-site-content-layout":"full-width-container","site-content-style":"default","site-sidebar-style":"default","ast-global-header-display":"","ast-banner-title-visibility":"","ast-main-header-display":"","ast-hfb-above-header-display":"","ast-hfb-below-header-display":"","ast-hfb-mobile-header-display":"","site-post-title":"disabled","ast-breadcrumbs-content":"","ast-featured-img":"disabled","footer-sml-layout":"","theme-transparent-header-meta":"","adv-header-id-meta":"","stick-header-meta":"","header-above-stick-meta":"","header-main-stick-meta":"","header-below-stick-meta":"","astra-migrate-meta-layouts":"default","ast-page-background-enabled":"default","ast-page-background-meta":{"desktop":{"background-color":"","background-image":"","background-repeat":"repeat","background-position":"center center","background-size":"auto","background-attachment":"scroll","background-type":"","background-media":"","overlay-type":"","overlay-color":"","overlay-gradient":""},"tablet":{"background-color":"","background-image":"","background-repeat":"repeat","background-position":"center center","background-size":"auto","background-attachment":"scroll","background-type":"","background-media":"","overlay-type":"","overlay-color":"","overlay-gradient":""},"mobile":{"background-color":"","background-image":"","background-repeat":"repeat","background-position":"center center","background-size":"auto","background-attachment":"scroll","background-type":"","background-media":"","overlay-type":"","overlay-color":"","overlay-gradient":""}},"ast-content-background-meta":{"desktop":{"background-color":"var(--ast-global-color-5)","background-image":"","background-repeat":"repeat","background-position":"center center","background-size":"auto","background-attachment":"scroll","background-type":"","background-media":"","overlay-type":"","overlay-color":"","overlay-gradient":""},"tablet":{"background-color":"var(--ast-global-color-5)","background-image":"","background-repeat":"repeat","background-position":"center center","background-size":"auto","background-attachment":"scroll","background-type":"","background-media":"","overlay-type":"","overlay-color":"","overlay-gradient":""},"mobile":{"background-color":"var(--ast-global-color-5)","background-image":"","background-repeat":"repeat","background-position":"center center","background-size":"auto","background-attachment":"scroll","background-type":"","background-media":"","overlay-type":"","overlay-color":"","overlay-gradient":""}},"footnotes":""},"class_list":["post-17","page","type-page","status-publish","hentry"],"_links":{"self":[{"href":"https:\/\/nabawebdesign.com\/hu\/wp-json\/wp\/v2\/pages\/17","targetHints":{"allow":["GET"]}}],"collection":[{"href":"https:\/\/nabawebdesign.com\/hu\/wp-json\/wp\/v2\/pages"}],"about":[{"href":"https:\/\/nabawebdesign.com\/hu\/wp-json\/wp\/v2\/types\/page"}],"author":[{"embeddable":true,"href":"https:\/\/nabawebdesign.com\/hu\/wp-json\/wp\/v2\/users\/1"}],"replies":[{"embeddable":true,"href":"https:\/\/nabawebdesign.com\/hu\/wp-json\/wp\/v2\/comments?post=17"}],"version-history":[{"count":0,"href":"https:\/\/nabawebdesign.com\/hu\/wp-json\/wp\/v2\/pages\/17\/revisions"}],"up":[{"embeddable":true,"href":"https:\/\/nabawebdesign.com\/hu\/wp-json\/wp\/v2\/pages\/12"}],"wp:attachment":[{"href":"https:\/\/nabawebdesign.com\/hu\/wp-json\/wp\/v2\/media?parent=17"}],"curies":[{"name":"wp","href":"https:\/\/api.w.org\/{rel}","templated":true}]}}